{"id":2521,"date":"2019-03-08T00:34:53","date_gmt":"2019-03-07T23:34:53","guid":{"rendered":"http:\/\/yogajagat.com\/?page_id=2521"},"modified":"2020-06-16T00:49:24","modified_gmt":"2020-06-15T22:49:24","slug":"higher-transformations-of-consciousness","status":"publish","type":"page","link":"https:\/\/yogajagat.com\/de\/hohere-transformationen-des-bewusstseins\/","title":{"rendered":"H\u00f6here Transformationen des Bewusstseins"},"content":{"rendered":"[vc_row][vc_column][vc_column_text]\n<h3 style=\"text-align: center;\"><span style=\"color: #993300;\">H\u00d6HERE TRANSFORMATIONEN DES BEWUSSTSEINS<\/span><\/h3>\n<p>&nbsp;<\/p>\n[\/vc_column_text][\/vc_column][\/vc_row][vc_row][vc_column][vc_custom_heading text=&#8220;Stufen von Samadhi&#8220; font_container=&#8220;tag:h2|text_align:center|color:%231ba2b7&#8243; google_fonts=&#8220;font_family:Ubuntu%3A300%2C300italic%2Cregular%2Citalic%2C500%2C500italic%2C700%2C700italic|font_style:300%20light%20italic%3A300%3Aitalic&#8220;][\/vc_column][\/vc_row][vc_row][vc_column][vc_column_text]\n<hr \/>\n<p>&nbsp;<\/p>\n<p>Nach denjenigen, die einen Zustand des vollst\u00e4ndigen Schmelzens des Wissens in seiner F\u00fclle erlebt haben, umfasst sogar ein Zustand von Samadhi, der bereits h\u00f6here Transformationen des Bewusstseins darstellt, verschiedene Stadien.<\/p>\n<p>Das \u00dcben von <a href=\"https:\/\/yogajagat.com\/de\/konzentration-oder-nutzliche-distanzierung-des-geistes\/\"><span style=\"color: #993300;\">Konzentration<\/span><\/a>,<span style=\"color: #800080;\"> <a style=\"color: #800080;\" href=\"https:\/\/yogajagat.com\/de\/meditation\/\">Meditation<\/a> <\/span>und <span style=\"color: #993300;\"><a style=\"color: #993300;\" href=\"https:\/\/yogajagat.com\/de\/was-ist-samadhi\/\">Absorption<\/a><\/span> f\u00fchrt (oder besser f\u00fchren kann, wenn es richtig gemacht oder wenn es gegeben wird) zur h\u00f6chsten Absorption von allem, zu <em>Nirvikapla Samadhi.<\/em><\/p>\n<p>Diese Stufe des Geistes wird als die untere Stufe von Samadhi beschrieben.<\/p>\n<p>Selbst in diesem Zustand, der von Natur aus einzigartig ist, kann der Geist in falschen Identifikationen und \u00dcbertreibungen verloren gehen.<\/p>\n<p>Sogar in den Fr\u00fcchten des Yoga gibt es verbotene Fr\u00fcchte.<\/p>\n[\/vc_column_text][\/vc_column][\/vc_row][vc_row][vc_column][vc_custom_heading text=&#8220;Was sind die Unterschiede&#8220; font_container=&#8220;tag:h2|text_align:center|color:%231ba2b7&#8243; google_fonts=&#8220;font_family:Ubuntu%3A300%2C300italic%2Cregular%2Citalic%2C500%2C500italic%2C700%2C700italic|font_style:300%20light%20italic%3A300%3Aitalic&#8220;][\/vc_column][\/vc_row][vc_row][vc_column][vc_column_text]\n<hr \/>\n<p>&nbsp;<\/p>\n<p>Im Zustand h\u00f6chster Absorption existieren das Ich-und-nur-ich Gef\u00fchl (Egoismus) und sein narzisstisches Bruder-Gef\u00fchl (Egotismus) nicht mehr.<\/p>\n<p>So wie die Augen nicht der Sinn selbst sind sondern nur das Instrument des Sinnes, so ist der Geist (wo der Intellekt lebt) im h\u00f6heren Samadhi nur das Instrument des obersten, intuitiven Wissens.<\/p>\n<p>Der praktische (nicht theoretische) Yogi sieht keinen Unterschied zwischen Haufen Gold und Haufen verschimmelten Holzes. Er hat ein ausgeglichenes Verhalten und Leben ohne Stimmungs- oder andere Schwankungen. Sobald er Gr\u00f6\u00dfe und Reinheit erfahren hat, wird er von Mittelm\u00e4\u00dfigkeit getrennt sein.<\/p>\n<p>Die h\u00f6chste Transformation ist jedoch ohne massive Vorkenntnisse oder Erfahrungen nicht m\u00f6glich:[\/vc_column_text][\/vc_column][\/vc_row][vc_row][vc_column][vc_cta h2=&#8220;&#8220;]\n<p class=\"P5_0_150_0_j\"><span style=\"color: #993300;\">Lass das seelische Wesen in den Vordergrund treten, bewahre es dort und lass es seine Macht auf das Mental, Vital und das Physische aus\u00fcben, damit es seine Kraft zielgerichteten Strebens, seine Kraft des Vertrauens, Glaubens und Sichhingebens auf jene \u00fcbertrage und das direkte und unmittelbare Aufdecken von allem erm\u00f6glichen kann, was in der menschlichen Natur falsch, dem Ego und Irrtum verhaftet und vom Licht und der Wahrheit abgewandt ist.<\/span><\/p>\n<p class=\"P5_30_150_0_j\"><span style=\"color: #993300;\">Beseitige den Egoismus in all seinen Formen, eliminiere ihn aus jeder Bewegung deines Bewusstseins.<\/span><\/p>\n<p><span style=\"color: #993300;\">-Sri Aurobindo<\/span>[\/vc_cta][\/vc_column][\/vc_row][vc_row][vc_column][vc_column_text]Wenn gegeben, kann diese Transformation nicht durch interne oder externe Anstrengungen unterdr\u00fcckt werden.<\/p>\n<p>Trotz aller geistigen Anstrengungen wird nur ein gut ged\u00fcngter Boden einen stark transformierten Geist hervorbringen. Diese Transformation \/ Absorption wird trotz aller Bem\u00fchungen durch die Gnade des Glaubens oder durch Kr\u00e4fte gegeben, die viel gr\u00f6\u00dfer sind als unser kleines Selbst, unabh\u00e4ngig davon, ob diese Kr\u00e4fte von irdischen oder nicht-irdischen Geistern stammen.<\/p>\n<p>Wenn gegeben, k\u00f6nnen diese h\u00f6heren Transformationen des Bewusstseins nicht durch irgendeine Anstrengung unterdr\u00fcckt werden, ob intern oder extern.<\/p>\n[\/vc_column_text][\/vc_column][\/vc_row][vc_row][vc_column][vc_custom_heading text=&#8220;Nat\u00fcrlicher Zugang zu h\u00f6heren Wissensebenen&#8220; font_container=&#8220;tag:h2|text_align:center|color:%231ba2b7&#8243; google_fonts=&#8220;font_family:Ubuntu%3A300%2C300italic%2Cregular%2Citalic%2C500%2C500italic%2C700%2C700italic|font_style:300%20light%20italic%3A300%3Aitalic&#8220;][\/vc_column][\/vc_row][vc_row][vc_column][vc_column_text]\n<hr \/>\n<p>&nbsp;<\/p>\n<p>Manche Menschen haben einen nat\u00fcrlichen Zugang zu einem reichen, unbewussten Fluss des Wissens. Diese Menschen k\u00f6nnen sehr hohe Energieebenen erreichen ohne Yoga zu praktizieren.<br \/>\nAber diese Leute sind sehr selten.<\/p>\n[\/vc_column_text][\/vc_column][\/vc_row][vc_row][vc_column][vc_cta h2=&#8220;&#8220;]<span style=\"color: #993300;\">\u201eDie \u00dcberzeugung von der Wahrheit geht davon aus, dass man sich auf den heilsamen Rat der Weisen st\u00fctzt und nicht durch das Baden im heiligen Wasser, durch Geschenke oder durch hundert Pranayamas <em>(Kontrolle der Lebensenergie)<\/em>.\u201c<\/span><\/p>\n<p><span style=\"color: #993300;\">-Adi Shankaracharya, Vivekachudamani<\/span>[\/vc_cta][\/vc_column][\/vc_row][vc_row][vc_column][vc_column_text]Drei <em>Gunas<\/em> oder drei verschiedene Kr\u00e4fte, die auch Qualit\u00e4ten der Natur genannt werden, wurden in diesem Zustand des h\u00f6heren Wissens, transformiert. So wie es keine wirklich guten oder schlechten Leute gibt, gibt es auch keine guten oder schlechten Gunas.<\/p>\n<p>Es gibt nur gute und schlechte Taten von Menschen und so gute und schlechte Ausdr\u00fccke ihrer Kr\u00e4fte.<\/p>\n<p>G\u00fcte ist nicht unnat\u00fcrlich. G\u00fcte wird dem Menschen von Geburt an gegeben. Es gibt nur bewusste oder unbewusste Menschen, nicht wirklich gut oder schlecht.<\/p>\n<p>Bewusste (erwachte) Menschen tun gute und unbewusste schlechte Dinge. Diejenigen, die schlechte Dinge tun, leben in der Einzelhaft ihrer \u00c4ngste. Angst zu lieben, Angst geliebt zu werden, Angst <em>zu sein<\/em>.<\/p>\n[\/vc_column_text][\/vc_column][\/vc_row][vc_row][vc_column][vc_custom_heading text=&#8220;Alles dreht sich um Erfahrung&#8220; font_container=&#8220;tag:h2|text_align:center|color:%231ba2b7&#8243; google_fonts=&#8220;font_family:Ubuntu%3A300%2C300italic%2Cregular%2Citalic%2C500%2C500italic%2C700%2C700italic|font_style:300%20light%20italic%3A300%3Aitalic&#8220;][\/vc_column][\/vc_row][vc_row][vc_column][vc_column_text]\n<hr \/>\n<p>&nbsp;<\/p>\n<p>Die <a href=\"https:\/\/yogajagat.com\/de\/erkenne-dich-selbst-die-yoga-sutras-eine-ausfuhrliche-anleitung\/\"><span style=\"color: #993300;\">Yoga Sutras<\/span><\/a> sind keine Hypothese. Diese \u201eF\u00e4den\u201c werden (h\u00f6chstwahrscheinlich) von <span style=\"color: #993300;\">Patanjali<\/span> zusammengestellt, aber diese Aphorismen basieren auf den Erfahrungen der alten hinduistischen Weisen, die Wissen \u00fcber Raum, Zeit und Bewusstsein gewonnen haben. Die haben Wissen, was die h\u00f6here Transformationen des Bewusstseins sind.<\/p>\n<p>Diese alten Weisen erreichten und beschrieben den Zustand der ultimativen Realit\u00e4t zu einer Zeit, als es kein modernes Instrument gab, um ihre Erfahrungen zu messen.<\/p>\n<p>Der zweite Aphorismus im Yoga Sutra besagt:[\/vc_column_text][\/vc_column][\/vc_row][vc_row][vc_column][vc_cta h2=&#8220;Yoga Sutra 1.2:&#8220; color=&#8220;turquoise&#8220;]Yoga ist die Kontrolle der Gedankenwellen im Geist.[\/vc_cta][\/vc_column][\/vc_row][vc_row][vc_column][vc_column_text]Und:[\/vc_column_text][\/vc_column][\/vc_row][vc_row][vc_column][vc_cta h2=&#8220;Yoga Sutra 3.9:&#8220; color=&#8220;turquoise&#8220;]Das Erreichen der Kontrolle \u00fcber die Wellen der Gedanken im Geist wird erlangen, wenn die Vision des unteren Samadhi durch einen Akt der bewussten Kontrolle unterdr\u00fcckt wird, so dass keine Gedanken oder Visionen mehr im Geist sind.[\/vc_cta][\/vc_column][\/vc_row][vc_row][vc_column][vc_column_text]Die Sutras 3.10-15 besagen, dass sich in diesem Zustand die grobe Materie wie K\u00f6rper und Sinnesorgane in die subtile Materie von Form, Zeit und Bedingung verwandelt.<\/p>\n<p>Ein Beispiel aus dem Alltag f\u00fcr diesen Materialwechsel, oder ein Verst\u00e4ndnis f\u00fcr den Kernwechsel, ist ein Beispiel der Erfahrung eines K\u00fcnstlers. Einem K\u00fcnstler wird dies wohl bekannt sein.<\/p>\n<p>Der K\u00fcnstler wird Ton und Wasser (die grobe Materie sind) in seine H\u00e4nde nehmen und in einer Weile wird eine neue Form aus diesem Tonhaufen hervorgehen.<\/p>\n<p>Wenn er eine Pause von seiner Kreation einlegen, sich vielleicht eine Tasse Tee oder was auch immer bringen m\u00f6chte, wird er seine Arbeit ungl\u00fccklicherweise st\u00fcrzen, die in einer Sekunde kein Meisterwerk sondern ein Haufen staubigen Tons wird, genau so wie es war, bevor es seine neue Form\u00a0aufgenommen wurde.<\/p>\n<p>Dies bedeutet, dass die Substanz gleich bleibt, aber im Laufe der Zeit unterschiedliche Formen annimmt. In Bezug auf den Grad des Erfolgs w\u00fcrde dieser Prozess als Evolution bezeichnet.<\/p>\n<p>Das Beispiel Ton k\u00f6nnte auf das Bewusstsein und seine Entwicklung angewendet werden.[\/vc_column_text][\/vc_column][\/vc_row][vc_row][vc_column][vc_cta h2=&#8220;Yoga Sutra 3.16:&#8220; color=&#8220;turquoise&#8220;]Wenn man bei diesen drei Arten <em>(Konzentration, Mediation und Samadhi)<\/em> von Transformationen das richtige Samyama machen kann, erh\u00e4lt man das Wissen \u00fcber Vergangenheit und Zukunft.[\/vc_cta][\/vc_column][\/vc_row][vc_row][vc_column][vc_column_text]<img loading=\"lazy\" class=\"aligncenter wp-image-4312 size-full\" src=\"https:\/\/i0.wp.com\/yogajagat.com\/wp-content\/uploads\/2020\/01\/DSC08050.jpg?resize=640%2C480\" alt=\"h\u00f6here transformationen des bewustseins\" width=\"640\" height=\"480\" srcset=\"https:\/\/i0.wp.com\/yogajagat.com\/wp-content\/uploads\/2020\/01\/DSC08050.jpg?w=640&amp;ssl=1 640w, https:\/\/i0.wp.com\/yogajagat.com\/wp-content\/uploads\/2020\/01\/DSC08050.jpg?resize=300%2C225&amp;ssl=1 300w\" sizes=\"(max-width: 640px) 100vw, 640px\" data-recalc-dims=\"1\" \/>[\/vc_column_text][\/vc_column][\/vc_row]\n","protected":false},"excerpt":{"rendered":"<p>[vc_row][vc_column][vc_column_text]<br \/>\nH\u00d6HERE TRANSFORMATIONEN DES BEWUSSTSEINS<br \/>\n&nbsp;<br \/>\n[\/vc_column_text][\/vc_column][\/vc_row][vc_row][vc_column][vc_custom_heading text=&#8220;Stufen von Samadhi&#8220; font_container=&#8220;tag:h2|text_align:center|color:%231ba2b7&#8243; google_fonts=&#8220;font_family:Ubuntu%3A300%2C300italic%2Cregular%2Citalic%2C500%2C500italic%2C700%2C700italic|font_style:300%20light%20italic%3A300%3Aitalic&#8220;][\/vc_column][\/vc_row][vc_row][vc_column][vc_column_text]<\/p>\n<p>&nbsp;<br \/>\nNach denjenigen, die einen Zustand des vollst\u00e4ndigen Schmelzens des Wissens in seiner F\u00fclle erlebt haben, umfasst sogar ein Zustand von Samadhi, der bereits h\u00f6here Transformationen des Bewusstseins darstellt, verschiedene Stadien.<br \/>\nDas \u00dcben von Konzentration, Meditation und Absorption f\u00fchrt (oder besser f\u00fchren kann, wenn es richtig gemacht oder wenn es gegeben wird) zur h\u00f6chsten Absorption von allem, zu Nirvikapla Samadhi.<br \/>\nDiese Stufe des Geistes wird als die &#8230;<\/p>\n","protected":false},"author":1,"featured_media":0,"parent":0,"menu_order":0,"comment_status":"closed","ping_status":"closed","template":"template-full-width.php","meta":{"_bbp_topic_count":0,"_bbp_reply_count":0,"_bbp_total_topic_count":0,"_bbp_total_reply_count":0,"_bbp_voice_count":0,"_bbp_anonymous_reply_count":0,"_bbp_topic_count_hidden":0,"_bbp_reply_count_hidden":0,"_bbp_forum_subforum_count":0,"inline_featured_image":false,"spay_email":""},"translation":{"provider":"WPGlobus","version":"3.0.1","language":"de","enabled_languages":["en","de","sr"],"languages":{"en":{"title":true,"content":true,"excerpt":false},"de":{"title":true,"content":true,"excerpt":false},"sr":{"title":true,"content":true,"excerpt":false}}},"yoast_head":"<!-- This site is optimized with the Yoast SEO plugin v18.3 - https:\/\/yoast.com\/wordpress\/plugins\/seo\/ -->\n<title>H\u00f6here Transformationen des Bewusstseins - Sch\u00f6nheit der Ver\u00e4nderung<\/title>\n<meta name=\"description\" content=\"H\u00f6here Transformationen des Bewusstseins. Die Stufen von Samadhi. H\u00f6here Wissensebene. Drei Gunas. Yoga Sutra 1.2. Praktischer und theoretischer Yogi...\" \/>\n<meta name=\"robots\" content=\"index, follow, max-snippet:-1, max-image-preview:large, max-video-preview:-1\" \/>\n<link rel=\"canonical\" href=\"https:\/\/yogajagat.com\/higher-transformations-of-consciousness\/\" \/>\n<meta name=\"twitter:label1\" content=\"Gesch\u00e4tzte Lesezeit\" \/>\n\t<meta name=\"twitter:data1\" content=\"19\u00a0Minuten\" \/>\n<script type=\"application\/ld+json\" class=\"yoast-schema-graph\">{\"@context\":\"https:\/\/schema.org\",\"@graph\":[{\"@type\":\"Organization\",\"@id\":\"https:\/\/yogajagat.com\/#organization\",\"name\":\"Yogajagat\",\"url\":\"https:\/\/yogajagat.com\/\",\"sameAs\":[],\"logo\":{\"@type\":\"ImageObject\",\"@id\":\"https:\/\/yogajagat.com\/#logo\",\"inLanguage\":\"de\",\"url\":\"https:\/\/i1.wp.com\/yogajagat.com\/wp-content\/uploads\/2019\/03\/DSC08478-Kopie-1.jpg?fit=798%2C800&ssl=1\",\"contentUrl\":\"https:\/\/i1.wp.com\/yogajagat.com\/wp-content\/uploads\/2019\/03\/DSC08478-Kopie-1.jpg?fit=798%2C800&ssl=1\",\"width\":798,\"height\":800,\"caption\":\"Yogajagat\"},\"image\":{\"@id\":\"https:\/\/yogajagat.com\/#logo\"}},{\"@type\":\"WebSite\",\"@id\":\"https:\/\/yogajagat.com\/#website\",\"url\":\"https:\/\/yogajagat.com\/\",\"name\":\"Sch\u00f6nheit der Ver\u00e4nderung\",\"description\":\"Mit st\u00e4ndiger Ver\u00e4nderung zum sch\u00f6nsten Lebenserfahrung\",\"publisher\":{\"@id\":\"https:\/\/yogajagat.com\/#organization\"},\"potentialAction\":[{\"@type\":\"SearchAction\",\"target\":{\"@type\":\"EntryPoint\",\"urlTemplate\":\"https:\/\/yogajagat.com\/?s={search_term_string}\"},\"query-input\":\"required name=search_term_string\"}],\"inLanguage\":\"de\"},{\"@type\":\"ImageObject\",\"@id\":\"https:\/\/yogajagat.com\/higher-transformations-of-consciousness\/#primaryimage\",\"inLanguage\":\"de\",\"url\":\"http:\/\/yogajagat.com\/wp-content\/uploads\/2020\/01\/DSC08037.jpg\",\"contentUrl\":\"http:\/\/yogajagat.com\/wp-content\/uploads\/2020\/01\/DSC08037.jpg\"},{\"@type\":\"WebPage\",\"@id\":\"https:\/\/yogajagat.com\/higher-transformations-of-consciousness\/#webpage\",\"url\":\"https:\/\/yogajagat.com\/higher-transformations-of-consciousness\/\",\"name\":\"H\u00f6here Transformationen des Bewusstseins - Sch\u00f6nheit der Ver\u00e4nderung\",\"isPartOf\":{\"@id\":\"https:\/\/yogajagat.com\/#website\"},\"primaryImageOfPage\":{\"@id\":\"https:\/\/yogajagat.com\/higher-transformations-of-consciousness\/#primaryimage\"},\"datePublished\":\"2019-03-07T23:34:53+00:00\",\"dateModified\":\"2020-06-15T22:49:24+00:00\",\"description\":\"H\u00f6here Transformationen des Bewusstseins. Die Stufen von Samadhi. H\u00f6here Wissensebene. Drei Gunas. Yoga Sutra 1.2. Praktischer und theoretischer Yogi...\",\"breadcrumb\":{\"@id\":\"https:\/\/yogajagat.com\/higher-transformations-of-consciousness\/#breadcrumb\"},\"inLanguage\":\"de\",\"potentialAction\":[{\"@type\":\"ReadAction\",\"target\":[\"https:\/\/yogajagat.com\/higher-transformations-of-consciousness\/\"]}]},{\"@type\":\"BreadcrumbList\",\"@id\":\"https:\/\/yogajagat.com\/higher-transformations-of-consciousness\/#breadcrumb\",\"itemListElement\":[{\"@type\":\"ListItem\",\"position\":1,\"name\":\"Home\",\"item\":\"https:\/\/yogajagat.com\/sr\/\"},{\"@type\":\"ListItem\",\"position\":2,\"name\":\"Higher Transformations of Consciousness\"}]}]}<\/script>\n<!-- \/ Yoast SEO plugin. -->","yoast_head_json":{"title":"H\u00f6here Transformationen des Bewusstseins - Sch\u00f6nheit der Ver\u00e4nderung","description":"H\u00f6here Transformationen des Bewusstseins. Die Stufen von Samadhi. H\u00f6here Wissensebene. Drei Gunas. Yoga Sutra 1.2. Praktischer und theoretischer Yogi...","robots":{"index":"index","follow":"follow","max-snippet":"max-snippet:-1","max-image-preview":"max-image-preview:large","max-video-preview":"max-video-preview:-1"},"canonical":"https:\/\/yogajagat.com\/higher-transformations-of-consciousness\/","twitter_misc":{"Gesch\u00e4tzte Lesezeit":"19\u00a0Minuten"},"schema":{"@context":"https:\/\/schema.org","@graph":[{"@type":"Organization","@id":"https:\/\/yogajagat.com\/#organization","name":"Yogajagat","url":"https:\/\/yogajagat.com\/","sameAs":[],"logo":{"@type":"ImageObject","@id":"https:\/\/yogajagat.com\/#logo","inLanguage":"de","url":"https:\/\/i1.wp.com\/yogajagat.com\/wp-content\/uploads\/2019\/03\/DSC08478-Kopie-1.jpg?fit=798%2C800&ssl=1","contentUrl":"https:\/\/i1.wp.com\/yogajagat.com\/wp-content\/uploads\/2019\/03\/DSC08478-Kopie-1.jpg?fit=798%2C800&ssl=1","width":798,"height":800,"caption":"Yogajagat"},"image":{"@id":"https:\/\/yogajagat.com\/#logo"}},{"@type":"WebSite","@id":"https:\/\/yogajagat.com\/#website","url":"https:\/\/yogajagat.com\/","name":"Sch\u00f6nheit der Ver\u00e4nderung","description":"Mit st\u00e4ndiger Ver\u00e4nderung zum sch\u00f6nsten Lebenserfahrung","publisher":{"@id":"https:\/\/yogajagat.com\/#organization"},"potentialAction":[{"@type":"SearchAction","target":{"@type":"EntryPoint","urlTemplate":"https:\/\/yogajagat.com\/?s={search_term_string}"},"query-input":"required name=search_term_string"}],"inLanguage":"de"},{"@type":"ImageObject","@id":"https:\/\/yogajagat.com\/higher-transformations-of-consciousness\/#primaryimage","inLanguage":"de","url":"http:\/\/yogajagat.com\/wp-content\/uploads\/2020\/01\/DSC08037.jpg","contentUrl":"http:\/\/yogajagat.com\/wp-content\/uploads\/2020\/01\/DSC08037.jpg"},{"@type":"WebPage","@id":"https:\/\/yogajagat.com\/higher-transformations-of-consciousness\/#webpage","url":"https:\/\/yogajagat.com\/higher-transformations-of-consciousness\/","name":"H\u00f6here Transformationen des Bewusstseins - Sch\u00f6nheit der Ver\u00e4nderung","isPartOf":{"@id":"https:\/\/yogajagat.com\/#website"},"primaryImageOfPage":{"@id":"https:\/\/yogajagat.com\/higher-transformations-of-consciousness\/#primaryimage"},"datePublished":"2019-03-07T23:34:53+00:00","dateModified":"2020-06-15T22:49:24+00:00","description":"H\u00f6here Transformationen des Bewusstseins. Die Stufen von Samadhi. H\u00f6here Wissensebene. Drei Gunas. Yoga Sutra 1.2. Praktischer und theoretischer Yogi...","breadcrumb":{"@id":"https:\/\/yogajagat.com\/higher-transformations-of-consciousness\/#breadcrumb"},"inLanguage":"de","potentialAction":[{"@type":"ReadAction","target":["https:\/\/yogajagat.com\/higher-transformations-of-consciousness\/"]}]},{"@type":"BreadcrumbList","@id":"https:\/\/yogajagat.com\/higher-transformations-of-consciousness\/#breadcrumb","itemListElement":[{"@type":"ListItem","position":1,"name":"Home","item":"https:\/\/yogajagat.com\/sr\/"},{"@type":"ListItem","position":2,"name":"Higher Transformations of Consciousness"}]}]}},"_links":{"self":[{"href":"https:\/\/yogajagat.com\/de\/wp-json\/wp\/v2\/pages\/2521"}],"collection":[{"href":"https:\/\/yogajagat.com\/de\/wp-json\/wp\/v2\/pages"}],"about":[{"href":"https:\/\/yogajagat.com\/de\/wp-json\/wp\/v2\/types\/page"}],"author":[{"embeddable":true,"href":"https:\/\/yogajagat.com\/de\/wp-json\/wp\/v2\/users\/1"}],"replies":[{"embeddable":true,"href":"https:\/\/yogajagat.com\/de\/wp-json\/wp\/v2\/comments?post=2521"}],"version-history":[{"count":19,"href":"https:\/\/yogajagat.com\/de\/wp-json\/wp\/v2\/pages\/2521\/revisions"}],"predecessor-version":[{"id":5940,"href":"https:\/\/yogajagat.com\/de\/wp-json\/wp\/v2\/pages\/2521\/revisions\/5940"}],"wp:attachment":[{"href":"https:\/\/yogajagat.com\/de\/wp-json\/wp\/v2\/media?parent=2521"}],"curies":[{"name":"wp","href":"https:\/\/api.w.org\/{rel}","templated":true}]}}