{"id":2516,"date":"2019-03-08T00:33:27","date_gmt":"2019-03-07T23:33:27","guid":{"rendered":"http:\/\/yogajagat.com\/?page_id=2516"},"modified":"2020-06-15T15:57:28","modified_gmt":"2020-06-15T13:57:28","slug":"samadhi-what-happens-in-samadhi","status":"publish","type":"page","link":"https:\/\/yogajagat.com\/de\/was-ist-samadhi\/","title":{"rendered":"Was ist Samadhi?"},"content":{"rendered":"[vc_row][vc_column][vc_column_text]\n<h3 style=\"text-align: center;\"><span style=\"color: #993300;\">WAS IST SAMADHI?<\/span><\/h3>\n<hr \/>\n<p>&nbsp;<\/p>\n<p>Samadhi ist ein neutraler Zustand geschmolzenen Wissens in seiner F\u00fclle.<\/p>\n<p>In diesem Zustand ist das tiefe Wissen des Subjekts mit dem tiefen Wissen des Objekts verbunden.<\/p>\n<p>In diesem Zustand gibt es keine mentale Anstrengung oder \u00dcberlegung.<\/p>\n[\/vc_column_text][\/vc_column][\/vc_row][vc_row][vc_column][vc_custom_heading text=&#8220;Was passiert in Samadhi?&#8220; font_container=&#8220;tag:h2|text_align:center|color:%231ba2b7&#8243; google_fonts=&#8220;font_family:Ubuntu%3A300%2C300italic%2Cregular%2Citalic%2C500%2C500italic%2C700%2C700italic|font_style:300%20light%20italic%3A300%3Aitalic&#8220;][\/vc_column][\/vc_row][vc_row][vc_column][vc_column_text]\n<hr \/>\n<p>&nbsp;<\/p>\n<p>Dinge flie\u00dfen v\u00f6llig spontan in ihren reinsten Fl\u00fcssen. Es passiert ein Durchbruch.<\/p>\n<p>Die Erfahrung von Vergangenheit, Gegenwart und Zukunft wird vereint und spontan zum Ausdruck gebracht.<\/p>\n<p>Das Ged\u00e4chtnis einer Person ist deaktiviert und mit der letztendlichen Realit\u00e4t verbunden.<\/p>\n<p>Die Wahrnehmung ist hochempfindlich und Antworten auf Fragen <em>warum, wie, wo, wer.. <\/em>werden\u00a0mit Leichtigkeit und perfekter Pr\u00e4zision mit reiner, h\u00f6chster Intuition gegeben.<\/p>\n<p>Der Person, die den\u00a0<em>Samadhi<\/em> erreicht hat, sind die Dinge nicht mehr unbekannt. In den Gedanken einer solchen Person flie\u00dfen Ideen spontan. Die richtigen Dinge geschehen ohne Wunsch, Verlangen, Zweifel, Hindernisse oder Anstrengung.<\/p>\n<p>&nbsp;<\/p>\n[\/vc_column_text][\/vc_column][\/vc_row][vc_row][vc_column][vc_custom_heading text=&#8220;Das Wissen der Einheit&#8220; font_container=&#8220;tag:h2|text_align:center|color:%231ba2b7&#8243; google_fonts=&#8220;font_family:Ubuntu%3A300%2C300italic%2Cregular%2Citalic%2C500%2C500italic%2C700%2C700italic|font_style:300%20light%20italic%3A300%3Aitalic&#8220;][\/vc_column][\/vc_row][vc_row][vc_column][vc_column_text]\n<hr \/>\n<p>&nbsp;<\/p>\n<p>Mit reiner Intuition beginnt das Wissen des Yoga.<\/p>\n<p>Das ist ein Ort an dem, wie ich \u00fcblicherweise gerne bemerke, das Wissen \u00fcber die moderne Psychologie aufh\u00f6rt und das Wissen des alten Wissens (und des Zustandes) des <em>Yoga<\/em> beginnt.<\/p>\n<p>Im Yoga, der F\u00fchrer ist die Intuition und nicht der Intellekt.<\/p>\n[\/vc_column_text][\/vc_column][\/vc_row][vc_row][vc_column][vc_cta h2=&#8220;Yoga Sutra 3.3:&#8220; color=&#8220;turquoise&#8220;]Wenn die wahre Natur des Meditationsobjekts nicht durch den Verstand des Wahrnehmenden verzerrt wird, dann ist dies Absorption, oder Samadhi.[\/vc_cta][\/vc_column][\/vc_row][vc_row][vc_column][vc_column_text]Der wahre Zustand des Yoga folgt nach einem sehr langen Weg der Reinigung des Geistes und K\u00f6rpers, indem nur die eigene Kraft des Geistes ohne <em>exoterische<\/em> Mittel eingesetzt wird. Die langsamen aber sicheren Stufen des Yoga sind eine Art, wie ich sie gerne als \u201enat\u00fcrliche, spontane, intuitive Entheogene\u201c bezeichne.[\/vc_column_text][\/vc_column][\/vc_row][vc_row][vc_column][vc_custom_heading text=&#8220;Der vorget\u00e4uschte Samadhi&#8220; font_container=&#8220;tag:h2|text_align:center|color:%231ba2b7&#8243; google_fonts=&#8220;font_family:Ubuntu%3A300%2C300italic%2Cregular%2Citalic%2C500%2C500italic%2C700%2C700italic|font_style:300%20light%20italic%3A300%3Aitalic&#8220;][\/vc_column][\/vc_row][vc_row][vc_column][vc_column_text]\n<hr \/>\n<p>&nbsp;<\/p>\n<p>Ich habe Menschen gesehen, die von verschiedenen Entheogenen abh\u00e4ngig sind und behaupten, die \u201emystischen Zust\u00e4nde\u201c zu erleben.<\/p>\n<p>Das Wort <em>Entheogen<\/em> stammt aus dem Griechischen:<\/p>\n<p>&#8222;\u0388\u03bf \u03bc\u03ad\u03c3\u03bf \u03c0\u03bf\u03c5 \u03b3\u03b5\u03bd\u03bd\u03ac \/ \u03c0\u03b1\u03c1\u03ac\u03b3\u03b5\u03b9 \/ \u03c3\u03c7\u03b7\u03bc\u03b1\u03c4\u03af\u03b6\u03b5\u03b9 (\u03c3\u2018 \u03ad\u03bd\u03b1 \u03ac\u03c4\u03bf\u03bc\u03bf) \u03c4\u03bf \u03b8\u03b5\u03af\u03bf \u03c3\u03c5\u03bd\u03b1\u03af\u03c3\u03b8\u03b7\u03bc\u03b1 &#8220;<\/p>\n<p>was bedeutet, dass Entheogene \u201edie Mittel sind, die das Gef\u00fchl des G\u00f6ttlichen (im Menschen) geb\u00e4ren \/ erzeugen \/ formen\u201c.<\/p>\n<p>&nbsp;<\/p>\n<p>Der Weg und der Zustand von Samadhi werden einmal im Leben bereist und erreicht, und haben ein offenes Ende. Deshalb haben weder Marihuana noch Alkohol, Psychedelika oder andere Entheogene einen Wert f\u00fcr den Weg zur wirklichen, endg\u00fcltigen Wahrheit. Die Wahrnehmung und Realit\u00e4t der Personen, die von Enteogenen abh\u00e4ngig sind, betreten st\u00e4ndig einen neuen Kreis ohne Ausgang.<\/p>\n<p>Das entheogenabh\u00e4ngige Gehirn hat keine Vereinigung erreicht. Im Gegenteil.<\/p>\n<p>Um nur einen gro\u00dfen Hirnschaden zu erw\u00e4hnen, der durch den Konsum von Drogen (Entheogenen) verursacht wird: Alkohol. Alkohol ist eine extrem starke Droge (und die gef\u00e4hrlichste aller Drogen, obwohl sie in der Gesellschaft nicht als Droge gilt), die bestimmte Teile des Gehirns erreicht die normalerweise sehr gut gesch\u00fctzt sind und ganz besondere Funktionen bei der Entwicklung des menschliches Gehirn haben, nat\u00fcrlich in eine positive Richtung.<\/p>\n<p>&#8222;Trans&#8220;, &#8222;Nirvana&#8220; oder &#8222;Ekstase&#8220;, wie selbsternannte befreite Personen normalerweise ihre Zust\u00e4nde nach dem Drogenkonsum beschreiben, sind Zust\u00e4nde, die im Wesentlichen geplant, jedoch unfreiwillig abliefen. Solche Dinge werden nicht mehr oder weniger getan als aus Selbstzufriedenheit, und ein solcher Weg f\u00fchrt nicht zur Wahrheit. Dar\u00fcber hinaus muss eine Person, die von Entheogenen abh\u00e4ngig ist, zuerst Geld verdienen (ausleihen, oder f\u00fcr Medikamente mit \u201ezus\u00e4tzlichen\u201c Effekten oft stehlen), um schlie\u00dflich einen v\u00f6llig unbewussten Zustand zu erreichen. Und die Moral in solch einer Person existiert nicht.<\/p>\n[\/vc_column_text][\/vc_column][\/vc_row][vc_row][vc_column][vc_custom_heading text=&#8220;Wenn Samadhi passiert&#8220; font_container=&#8220;tag:h2|text_align:center|color:%231ba2b7&#8243; google_fonts=&#8220;font_family:Ubuntu%3A300%2C300italic%2Cregular%2Citalic%2C500%2C500italic%2C700%2C700italic|font_style:300%20light%20italic%3A300%3Aitalic&#8220;][\/vc_column][\/vc_row][vc_row][vc_column][vc_column_text]\n<hr \/>\n<p>&nbsp;<\/p>\n<p>Die Verwirklichung des Seins, die Befreiung <em>(kaivalya moksha)<\/em> oder der st\u00e4ndige innere Ruhe, Seelenfrieden (engl. peace of mind) sind Ausdr\u00fccke, die den Zustand von Samadhi ausdr\u00fccken. Diese Bedingung ist nur m\u00f6glich, wenn keine Bindung an grobe Objekte besteht. In diesem h\u00f6chsten Zustand des Yoga <em>(Asamprajnata Yoga)<\/em> hat man die F\u00e4higkeit, jede geistige Aktivit\u00e4t durch seinen eigenen Willen und nicht durch \u00e4u\u00dfere Mittel zu stoppen.<\/p>\n<p>Die Person, die sein Wesen verwirklicht hat, hat verschiedene Phasen der Transformation durchlaufen. Diese Menschen haben nicht &#8222;ihre Meinung ge\u00e4ndert&#8220;, denn \u201edie Meinung \u00e4ndern\u201c bedeutet, in pers\u00f6nlicher Doppelz\u00fcgigkeit und Heuchelei gefangen zu bleiben.<\/p>\n<p>Was passiert in Samadhi (erkl\u00e4rt auf der Ebene der Materie) ist, dass sich die <span style=\"color: #993300;\">Frequenzen im Gehirn<\/span> einer realisierten Person ge\u00e4ndert haben und daher ihr Charakter, nat\u00fcrlich zum Besseren. Ver\u00e4nderungen im Gehirn formen eine neue Realit\u00e4t.<\/p>\n<p>Viele Menschen werden erwarten, dass die Menschen, die Samadhi erreicht haben ein besonderes, ph\u00e4nomenales Aussehen haben. Und viele werden \u00fcberrascht sein zu h\u00f6ren, dass Menschen, die Samadhi erlebt haben, nicht anders aussehen als andere, oder wie sie ausgehen haben, bevor die die Zustand des Samadhi erlebt haben. Das einzige ist, dass niemand wirklich wei\u00df, was genau in einer Person, die Samadhi erlebt hat, los ist, weil das (gew\u00f6hnliche) Bewusstsein nicht in ein anderes Bewusstsein eintreten kann.<\/p>\n<p>&nbsp;<\/p>\n[\/vc_column_text][\/vc_column][\/vc_row][vc_row][vc_column][vc_cta h2=&#8220;&#8220;]Der Erfolg h\u00e4ngt im Wesentlichen von einem qualifizierten Aspiranten ab. Zeit, Ort und andere solche Mittel sind in dieser Hinsicht nur Hilfsmittel.<\/p>\n<p>-Adi Shankaracharya, Vivekachudamani[\/vc_cta][\/vc_column][\/vc_row][vc_row][vc_column][vc_column_text]Obwohl selten, besonders in der westlichen materiell orientierten Gesellschaft, diese okkulten, yogischen, psychischen Kr\u00e4fte, oder <span style=\"color: #993300;\">Siddhis,<\/span> passieren immer noch. Obwohl gro\u00dfartig, sind solche Kr\u00e4fte nicht v\u00f6llig harmlos, weil ein Mensch sehr leicht von seinem <em>Egotismus<\/em> getragen werden kann. (Egotismus ist ein Zustand, in dem ein Mensch sich sehr liebt, sich sehr weit erhebt, sich selbst \u201elike\u201c, eine sehr hohe Meinung \u00fcber sich hat. Es ist eine der psychischen St\u00f6rungen). Und so wird er diesmal von neuen, einzigartigen Kr\u00e4ften verbunden, die sich immer wieder im Kreis drehen. Wiederholtes Elend in einer neuen Farbe. Deshalb ist es auch f\u00fcr diese neuen s\u00fc\u00dfen Kr\u00e4fte wichtig, nicht anhaftend zu sein.<\/p>\n<p>Viele werden versuchen, ihre Kr\u00e4fte auszu\u00fcben indem sie nach mehr und mehr streben, aber solche Taten werden aufgrund ihres Irrtums scheitern.<\/p>\n<p>Andere werden, wiederum, diese Kr\u00e4fte nutzen, um andere K\u00f6pfe zum Wohle ihres pers\u00f6nlichen <em>Fame and Name<\/em>, Ruhms und Namens, zu kontrollieren und zu manipulieren oder um Menschen politisch nach ihrem Geburtsort (und damit ihrem religi\u00f6sen Glauben) oder ihrer Hautfarbe zu trennen und spalten.<\/p>\n[\/vc_column_text][\/vc_column][\/vc_row][vc_row][vc_column][vc_cta h2=&#8220;Yoga Sutra 3.38:&#8220; color=&#8220;turquoise&#8220;]Es gibt Kr\u00e4fte im irdischen Zustand, aber diese sind Hindernisse f\u00fcr Samadhi.[\/vc_cta][\/vc_column][\/vc_row][vc_row][vc_column][vc_column_text]\n<hr \/>\n<p>&nbsp;<\/p>\n<h4 style=\"text-align: left;\"><span style=\"color: #008080;\">Eine Teilung jeglicher Art wird uns nicht von Geburt an gegeben.<\/span><\/h4>\n<h4><span style=\"color: #008080;\">G\u00fcte ist das, was uns gegeben wird.<\/span><\/h4>\n<p>Babys werden sauber und unschuldig geboren.<\/p>\n<p><em>Erwachsene, die als ein Kind offen, ehrlich, spontan und rein geworden sind und in ihren Gef\u00fchlen, Gedanken und Taten standhaft sind, k\u00f6nnen sagen, dass sie Yoga kennen und perfektioniert haben.<\/em><\/p>\n<p>Im Gegensatz zum kalkulierten und analytischen Geist ist der Geist eines Yogis frei von jeglicher Verurteilung. Der Geist eines Yogis ist als kleines Kind spontan und rein.<\/p>\n[\/vc_column_text][\/vc_column][\/vc_row][vc_row][vc_column][vc_custom_heading text=&#8220;Samyama, die reine Weisheit&#8220; font_container=&#8220;tag:h2|text_align:center|color:%231ba2b7&#8243; google_fonts=&#8220;font_family:Ubuntu%3A300%2C300italic%2Cregular%2Citalic%2C500%2C500italic%2C700%2C700italic|font_style:300%20light%20italic%3A300%3Aitalic&#8220;][\/vc_column][\/vc_row][vc_row][vc_column][vc_column_text]\n<hr \/>\n<p>&nbsp;<\/p>\n<p><a href=\"https:\/\/yogajagat.com\/de\/konzentration-oder-nutzliche-distanzierung-des-geistes\/\"><span style=\"color: #993300;\">Dharana<\/span><\/a>, <a href=\"https:\/\/yogajagat.com\/de\/meditation\/\"><span style=\"color: #800080;\">Dhyana<\/span><\/a> und Samadhi bilden <em>Samyama<\/em>, einen Zustand reiner Reflexion, reiner Weisheit.[\/vc_column_text][\/vc_column][\/vc_row][vc_row][vc_column][vc_cta h2=&#8220;Yoga Sutra 3.4-6:&#8220; txt_align=&#8220;center&#8220; color=&#8220;turquoise&#8220;]Wenn Konzentration, Meditation und Absorption <em>(Samadhi)<\/em>\u00a0\u00fcber ein Subjekt zusammen herrschen, werden sie Samyama genannt.<br \/>\nMit der F\u00e4higkeit von Samyama kommt das Licht des Wissens (der Weisheit).<br \/>\nDies muss schrittweise angewendet werden.<\/p>\n[\/vc_cta][\/vc_column][\/vc_row][vc_row][vc_column][vc_column_text]Und da jedes Ende nur ein neuer Anfang ist, ist der Zustand von <em>Samyama<\/em> (der die Praxis und Erfahrung von Konzentration, Meditation und Samadhi ist) nur der Beginn eines neuen Lebens, eines wahrhaft spirituellen Lebens.<\/p>\n<p>Alles, was bis zu diesem Zustand unbewusst war, wird jetzt bewusst.<\/p>\n<p>Obwohl dieser Zustand auf einer viel h\u00f6heren Ebene liegt als die ersten f\u00fcnf Zust\u00e4nde des Yoga (<a href=\"https:\/\/yogajagat.com\/de\/moral-ethik-und-selbstkontrolle\/\"><span style=\"color: #993300;\">sich selbst ver\u00e4ndern<\/span><\/a>, <a href=\"https:\/\/yogajagat.com\/de\/schopfung-der-gewohnheiten\/\"><span style=\"color: #800080;\">edle Gewohnheiten schaffen<\/span><\/a>, <a href=\"https:\/\/yogajagat.com\/de\/asanas-yoga-korperstellungen\/\"><span style=\"color: #008080;\">Yoga-Stellungen <\/span><\/a>, oder <a href=\"https:\/\/yogajagat.com\/de\/pranayama-und-zustand-der-stille\/\"><span style=\"color: #ff6600;\">Yoga-Atemtechniken \u00fcben<\/span><\/a>, den <a href=\"https:\/\/yogajagat.com\/de\/zuruckziehen-der-sinne\/\"><span style=\"color: #003366;\">R\u00fcckzug der Sinne<\/span><\/a> aus der Au\u00dfenwelt \u00fcben und perfektionieren), sind diese drei neue, vereinte Zust\u00e4nde noch weit von der h\u00f6chsten Transformation entfernt.<\/p>\n<p>Dar\u00fcber sprechen die Kapitel 3.7-8 des Yoga Sutra.<\/p>\n[\/vc_column_text][\/vc_column][\/vc_row]\n","protected":false},"excerpt":{"rendered":"<p>[vc_row][vc_column][vc_column_text]<br \/>\nWAS IST SAMADHI?<\/p>\n<p>&nbsp;<br \/>\nSamadhi ist ein neutraler Zustand geschmolzenen Wissens in seiner F\u00fclle.<br \/>\nIn diesem Zustand ist das tiefe Wissen des Subjekts mit dem tiefen Wissen des Objekts verbunden.<br \/>\nIn diesem Zustand gibt es keine mentale Anstrengung oder \u00dcberlegung.<br \/>\n[\/vc_column_text][\/vc_column][\/vc_row][vc_row][vc_column][vc_custom_heading text=&#8220;Was passiert in Samadhi?&#8220; font_container=&#8220;tag:h2|text_align:center|color:%231ba2b7&#8243; google_fonts=&#8220;font_family:Ubuntu%3A300%2C300italic%2Cregular%2Citalic%2C500%2C500italic%2C700%2C700italic|font_style:300%20light%20italic%3A300%3Aitalic&#8220;][\/vc_column][\/vc_row][vc_row][vc_column][vc_column_text]<\/p>\n<p>&nbsp;<br \/>\nDinge flie\u00dfen v\u00f6llig spontan in ihren reinsten Fl\u00fcssen. Es passiert ein Durchbruch.<br \/>\nDie Erfahrung von Vergangenheit, Gegenwart und Zukunft wird vereint und spontan zum Ausdruck gebracht.<br \/>\nDas Ged\u00e4chtnis einer &#8230;<\/p>\n","protected":false},"author":1,"featured_media":0,"parent":0,"menu_order":0,"comment_status":"closed","ping_status":"closed","template":"template-full-width.php","meta":{"_bbp_topic_count":0,"_bbp_reply_count":0,"_bbp_total_topic_count":0,"_bbp_total_reply_count":0,"_bbp_voice_count":0,"_bbp_anonymous_reply_count":0,"_bbp_topic_count_hidden":0,"_bbp_reply_count_hidden":0,"_bbp_forum_subforum_count":0,"inline_featured_image":false,"spay_email":""},"translation":{"provider":"WPGlobus","version":"3.0.1","language":"de","enabled_languages":["en","de","sr"],"languages":{"en":{"title":true,"content":true,"excerpt":false},"de":{"title":true,"content":true,"excerpt":false},"sr":{"title":true,"content":true,"excerpt":false}}},"yoast_head":"<!-- This site is optimized with the Yoast SEO plugin v18.3 - https:\/\/yoast.com\/wordpress\/plugins\/seo\/ -->\n<title>Was ist Samadhi? - Sch\u00f6nheit der Ver\u00e4nderung<\/title>\n<meta name=\"description\" content=\"Was ist und was passiert in Samadhi? Samyama, die reine Weisheit. Der Geist eines Yogis. Siddhis und Egotismus...\" \/>\n<meta name=\"robots\" content=\"index, follow, max-snippet:-1, max-image-preview:large, max-video-preview:-1\" \/>\n<link rel=\"canonical\" href=\"https:\/\/yogajagat.com\/de\/was-ist-samadhi\/\" \/>\n<meta name=\"twitter:label1\" content=\"Gesch\u00e4tzte Lesezeit\" \/>\n\t<meta name=\"twitter:data1\" content=\"25\u00a0Minuten\" \/>\n<script type=\"application\/ld+json\" class=\"yoast-schema-graph\">{\"@context\":\"https:\/\/schema.org\",\"@graph\":[{\"@type\":\"Organization\",\"@id\":\"https:\/\/yogajagat.com\/#organization\",\"name\":\"Yogajagat\",\"url\":\"https:\/\/yogajagat.com\/\",\"sameAs\":[],\"logo\":{\"@type\":\"ImageObject\",\"@id\":\"https:\/\/yogajagat.com\/#logo\",\"inLanguage\":\"de\",\"url\":\"https:\/\/i1.wp.com\/yogajagat.com\/wp-content\/uploads\/2019\/03\/DSC08478-Kopie-1.jpg?fit=798%2C800&ssl=1\",\"contentUrl\":\"https:\/\/i1.wp.com\/yogajagat.com\/wp-content\/uploads\/2019\/03\/DSC08478-Kopie-1.jpg?fit=798%2C800&ssl=1\",\"width\":798,\"height\":800,\"caption\":\"Yogajagat\"},\"image\":{\"@id\":\"https:\/\/yogajagat.com\/#logo\"}},{\"@type\":\"WebSite\",\"@id\":\"https:\/\/yogajagat.com\/#website\",\"url\":\"https:\/\/yogajagat.com\/\",\"name\":\"Sch\u00f6nheit der Ver\u00e4nderung\",\"description\":\"Mit st\u00e4ndiger Ver\u00e4nderung zum sch\u00f6nsten Lebenserfahrung\",\"publisher\":{\"@id\":\"https:\/\/yogajagat.com\/#organization\"},\"potentialAction\":[{\"@type\":\"SearchAction\",\"target\":{\"@type\":\"EntryPoint\",\"urlTemplate\":\"https:\/\/yogajagat.com\/?s={search_term_string}\"},\"query-input\":\"required name=search_term_string\"}],\"inLanguage\":\"de\"},{\"@type\":\"WebPage\",\"@id\":\"https:\/\/yogajagat.com\/de\/was-ist-samadhi\/#webpage\",\"url\":\"https:\/\/yogajagat.com\/de\/was-ist-samadhi\/\",\"name\":\"Was ist Samadhi? - Sch\u00f6nheit der Ver\u00e4nderung\",\"isPartOf\":{\"@id\":\"https:\/\/yogajagat.com\/#website\"},\"datePublished\":\"2019-03-07T23:33:27+00:00\",\"dateModified\":\"2020-06-15T13:57:28+00:00\",\"description\":\"Was ist und was passiert in Samadhi? Samyama, die reine Weisheit. Der Geist eines Yogis. Siddhis und Egotismus...\",\"breadcrumb\":{\"@id\":\"https:\/\/yogajagat.com\/de\/was-ist-samadhi\/#breadcrumb\"},\"inLanguage\":\"de\",\"potentialAction\":[{\"@type\":\"ReadAction\",\"target\":[\"https:\/\/yogajagat.com\/de\/was-ist-samadhi\/\"]}]},{\"@type\":\"BreadcrumbList\",\"@id\":\"https:\/\/yogajagat.com\/de\/was-ist-samadhi\/#breadcrumb\",\"itemListElement\":[{\"@type\":\"ListItem\",\"position\":1,\"name\":\"Home\",\"item\":\"https:\/\/yogajagat.com\/sr\/\"},{\"@type\":\"ListItem\",\"position\":2,\"name\":\"Was ist Samadhi?\"}]}]}<\/script>\n<!-- \/ Yoast SEO plugin. -->","yoast_head_json":{"title":"Was ist Samadhi? - Sch\u00f6nheit der Ver\u00e4nderung","description":"Was ist und was passiert in Samadhi? Samyama, die reine Weisheit. Der Geist eines Yogis. Siddhis und Egotismus...","robots":{"index":"index","follow":"follow","max-snippet":"max-snippet:-1","max-image-preview":"max-image-preview:large","max-video-preview":"max-video-preview:-1"},"canonical":"https:\/\/yogajagat.com\/de\/was-ist-samadhi\/","twitter_misc":{"Gesch\u00e4tzte Lesezeit":"25\u00a0Minuten"},"schema":{"@context":"https:\/\/schema.org","@graph":[{"@type":"Organization","@id":"https:\/\/yogajagat.com\/#organization","name":"Yogajagat","url":"https:\/\/yogajagat.com\/","sameAs":[],"logo":{"@type":"ImageObject","@id":"https:\/\/yogajagat.com\/#logo","inLanguage":"de","url":"https:\/\/i1.wp.com\/yogajagat.com\/wp-content\/uploads\/2019\/03\/DSC08478-Kopie-1.jpg?fit=798%2C800&ssl=1","contentUrl":"https:\/\/i1.wp.com\/yogajagat.com\/wp-content\/uploads\/2019\/03\/DSC08478-Kopie-1.jpg?fit=798%2C800&ssl=1","width":798,"height":800,"caption":"Yogajagat"},"image":{"@id":"https:\/\/yogajagat.com\/#logo"}},{"@type":"WebSite","@id":"https:\/\/yogajagat.com\/#website","url":"https:\/\/yogajagat.com\/","name":"Sch\u00f6nheit der Ver\u00e4nderung","description":"Mit st\u00e4ndiger Ver\u00e4nderung zum sch\u00f6nsten Lebenserfahrung","publisher":{"@id":"https:\/\/yogajagat.com\/#organization"},"potentialAction":[{"@type":"SearchAction","target":{"@type":"EntryPoint","urlTemplate":"https:\/\/yogajagat.com\/?s={search_term_string}"},"query-input":"required name=search_term_string"}],"inLanguage":"de"},{"@type":"WebPage","@id":"https:\/\/yogajagat.com\/de\/was-ist-samadhi\/#webpage","url":"https:\/\/yogajagat.com\/de\/was-ist-samadhi\/","name":"Was ist Samadhi? - Sch\u00f6nheit der Ver\u00e4nderung","isPartOf":{"@id":"https:\/\/yogajagat.com\/#website"},"datePublished":"2019-03-07T23:33:27+00:00","dateModified":"2020-06-15T13:57:28+00:00","description":"Was ist und was passiert in Samadhi? Samyama, die reine Weisheit. Der Geist eines Yogis. Siddhis und Egotismus...","breadcrumb":{"@id":"https:\/\/yogajagat.com\/de\/was-ist-samadhi\/#breadcrumb"},"inLanguage":"de","potentialAction":[{"@type":"ReadAction","target":["https:\/\/yogajagat.com\/de\/was-ist-samadhi\/"]}]},{"@type":"BreadcrumbList","@id":"https:\/\/yogajagat.com\/de\/was-ist-samadhi\/#breadcrumb","itemListElement":[{"@type":"ListItem","position":1,"name":"Home","item":"https:\/\/yogajagat.com\/sr\/"},{"@type":"ListItem","position":2,"name":"Was ist Samadhi?"}]}]}},"_links":{"self":[{"href":"https:\/\/yogajagat.com\/de\/wp-json\/wp\/v2\/pages\/2516"}],"collection":[{"href":"https:\/\/yogajagat.com\/de\/wp-json\/wp\/v2\/pages"}],"about":[{"href":"https:\/\/yogajagat.com\/de\/wp-json\/wp\/v2\/types\/page"}],"author":[{"embeddable":true,"href":"https:\/\/yogajagat.com\/de\/wp-json\/wp\/v2\/users\/1"}],"replies":[{"embeddable":true,"href":"https:\/\/yogajagat.com\/de\/wp-json\/wp\/v2\/comments?post=2516"}],"version-history":[{"count":16,"href":"https:\/\/yogajagat.com\/de\/wp-json\/wp\/v2\/pages\/2516\/revisions"}],"predecessor-version":[{"id":5936,"href":"https:\/\/yogajagat.com\/de\/wp-json\/wp\/v2\/pages\/2516\/revisions\/5936"}],"wp:attachment":[{"href":"https:\/\/yogajagat.com\/de\/wp-json\/wp\/v2\/media?parent=2516"}],"curies":[{"name":"wp","href":"https:\/\/api.w.org\/{rel}","templated":true}]}}