{"id":2512,"date":"2019-03-08T00:31:27","date_gmt":"2019-03-07T23:31:27","guid":{"rendered":"http:\/\/yogajagat.com\/?page_id=2512"},"modified":"2020-06-07T00:05:25","modified_gmt":"2020-06-06T22:05:25","slug":"meditation-techniques-objects-of-meditation","status":"publish","type":"page","link":"https:\/\/yogajagat.com\/de\/meditationstechniken-meditationsobjekte\/","title":{"rendered":"Meditationstechniken. Meditationsobjekte."},"content":{"rendered":"[vc_row][vc_column][vc_column_text]\n<h3 style=\"text-align: center;\"><span style=\"color: #993300;\">MEDITATIONSTECHNIKEN<\/span><\/h3>\n<hr \/>\n<p>&nbsp;<\/p>\n<p>Die Meditationstechniken sind zahlreich. Und \u00fcberall gibt es zahlreiche Angebote, die uns lehren, wie man meditiert. Jedoch, wir sollten nicht vergessen, dass wir Meditation nicht pers\u00f6nlich erfunden haben, sondern dass Meditation eine jahrtausendealte \u00f6stliche Technik ist. Und auch, dass die westliche Welt eine v\u00f6llig andere Herangehensweise und Einstellung zur Spiritualit\u00e4t und zum Leben im Allgemeinen hat als die \u00f6stliche Welt.<\/p>\n<p>Ein Westler spricht mehr \u00fcber Meditation als er diese praktiziert und verwendet im Allgemeinen Meditationstechniken, um Stress abzubauen oder andere Probleme im Leben zu l\u00f6sen.<\/p>\n<p>Die Meditation in der westlichen Welt wird eher als<a href=\"https:\/\/yogajagat.com\/de\/konzentration-oder-nutzliche-distanzierung-des-geistes\/\"><span style=\"color: #993300;\"> Konzentration<\/span><\/a> verstanden und praktiziert.<\/p>\n<p>Die Meditations- (oder Konzentrations-) Techniken erstrecken sich \u00fcber ein breites Spektrum, von Kontemplation, was tief reflektiertes Denken \u00fcber etwas bedeutet, bis zu den h\u00f6chsten Zust\u00e4nden des yogischen, buddhistischen oder tantrischen Denkens.<\/p>\n<p>&nbsp;<\/p>\n<p>Der Geist will immer irgendwo sein. Es gibt eine unbegrenzte Auswahl an Objekten, auf die sich der Geist konzentrieren kann.<\/p>\n<p>Je nach pers\u00f6nlicher Natur kann das Objekt f\u00fcr die \u00a0Meditation im Yoga (welcher dualistisch ist) und in Vedanta (welche nicht dualistisch ist) intern oder extern, abstrakt oder konkret sein.<\/p>\n<p>F\u00fcr sehr unruhige K\u00f6pfe wird es ein Objekt mit Form sein und f\u00fcr diejenigen, die stabiler sind, das formlose Objekt.<\/p>\n[\/vc_column_text][\/vc_column][\/vc_row][vc_row][vc_column][vc_custom_heading text=&#8220;Die Objekte der Meditation&#8220; font_container=&#8220;tag:h2|text_align:center|color:%2321b9d1&#8243; google_fonts=&#8220;font_family:Ubuntu%3A300%2C300italic%2Cregular%2Citalic%2C500%2C500italic%2C700%2C700italic|font_style:300%20light%20italic%3A300%3Aitalic&#8220;][\/vc_column][\/vc_row][vc_row][vc_column][vc_column_text]\n<hr \/>\n<p>&nbsp;<\/p>\n<p>Es kann ein geliebter Mensch oder sogar ein Feind sein (letzteres ist eine sehr herausfordernde Wahl und nur f\u00fcr vollendete Herzen m\u00f6glich).<\/p>\n<p>Es kann ein Traum oder eine Vision sein, ein g\u00f6ttliches kosmisches Wesen oder eine g\u00f6ttliche Form <em>( ishtadevata )<\/em>, eine Idee, eine Situation, ein konstruktives Gespr\u00e4ch mit weisen Menschen, ein Ort, ein Raum, Sterne, das Herz.<\/p>\n<p>Alles, was zu einem tiefen Verst\u00e4ndnis der echten Wahrheit des Objekts f\u00fchrt, kann als Meditationsobjekt ausgew\u00e4hlt werden. <em>Verst\u00e4ndnis<\/em> wird dann zur <em>Erkennung<\/em> f\u00fchren, und das ist <a href=\"https:\/\/yogajagat.com\/de\/einheit-ganzwerdung-vereinigung-die-menschliche-dna\/\"><span style=\"color: #993300;\">Yoga<\/span><\/a>.<\/p>\n<p>In allen, im Yoga, Vedanta und Tantra, das gemeinsame Objekt der Meditation ist die Wiederholung des <span style=\"color: #993300;\">OM\u00a0<\/span>Mantras oder einiger der tausend Jahre alten Mantras wie <em>Soham<\/em> oder <em>Gayatri Mantra<\/em>:<\/p>\n<p>o\u1e43 bh\u016br bhuva\u1e25 sva\u1e25, t\u00e1t savit\u00far v\u00e1reniya\u1e43, bh\u00e1rgo dev\u00e1sya dh\u012bmahi, dh\u00edyo y\u00f3 na\u1e25 pracod\u00e1y\u0101t.<\/p>\n<p>Die Wiederholung des Mantras hei\u00dft <em>Japa<\/em>. Sie werden in Yogastunden unterrichtet, die von echten Yogalehrern geleitet werden oder von denen, die das Mantra selbst auf h\u00f6chster Ebene der Entwicklung des Herzens und Verstandes erlebt haben (dies ist zu sp\u00fcren, man kann es nicht einfach verspielen oder verebergen).<\/p>\n<p>Diese Wiederholung des Mantras unterscheidet sich von lauter Wiederholung (\u00a0<em>Baikhari\u00a0<\/em>), leichtem Fl\u00fcstern ( <em>Upanshu<\/em> ) oder im Geist ( <em>Manasik<\/em> ). Das Mantra kann auch auf Papier geschrieben werden ( <em>likhit<\/em> ).<\/p>\n<p><em>Ein kleiner Hinweis zum Schreiben von W\u00f6rtern auf Papier:<\/em><br \/>\n<em>Da sich die Herangehensweise an Spiritualit\u00e4t und Leben im Westen grundlegend von der im Osten unterscheidet, w\u00fcrde die moderne westliche Wissenschaft viele der alten \u00f6stlichen Techniken als \u201ePers\u00f6nlichkeitsst\u00f6rung\u201c bezeichnen. Im Gegensatz zur Yoga Psychologie, sieht die westliche Psychologie diese Aktivit\u00e4t als \u201epsychische St\u00f6rung\u201c an, und oft werden Menschen, die ein extremes Schreibbed\u00fcrfnis haben, als \u201eGraphomanen\u201c bezeichnet. Dies hat nat\u00fcrlich nichts mit <\/em>Likhit<em> zu tun, einer alten spirituellen Technik, die zu einem hohen Grad an geistiger Entwicklung und Seelenentwicklung f\u00fchrt.<\/em><\/p>\n<p>Fortgeschrittenere Zust\u00e4nde, oder Meditationstechniken, sind Meditationen \u00fcber abstrakte Objekte wie die Bedeutung von Mantra oder alten Texten.<\/p>\n<p>Bei allen Meditationstechniken, sei es Kontemplation, eine yogische, vedantische, tantrische oder buddhistische Technik, wird das Bewusstsein des Atems, das eine grobe Form von Prana oder Lebensenergie darstellt, als Ausgangspunkt verwendet.<\/p>\n<p>In der buddhistischen Terminologie wird dies <em>Anapana Sati<\/em> genannt.<\/p>\n[\/vc_column_text][\/vc_column][\/vc_row][vc_row][vc_column][vc_custom_heading text=&#8220;Meditationstechnik ist nicht wichtig&#8220; font_container=&#8220;tag:h2|text_align:center|color:%2321b9d1&#8243; google_fonts=&#8220;font_family:Ubuntu%3A300%2C300italic%2Cregular%2Citalic%2C500%2C500italic%2C700%2C700italic|font_style:300%20light%20italic%3A300%3Aitalic&#8220;][\/vc_column][\/vc_row][vc_row][vc_column][vc_cta h2=&#8220;&#8220;]<span style=\"color: #800080;\">Solange der Meditierende ein ausgeglichenes Verhalten und ein wirklich ruhiges Herz hat,<\/span><br \/>\n<span style=\"color: #800080;\">solange ein solcher Mensch trotz des Haufens seiner t\u00e4glichen Pflichten und seines schnelllebigen Lebens andere inspirieren kann,<\/span><br \/>\n<span style=\"color: #800080;\">solange er sich selbst oder andere Lebewesen nicht verletzt<\/span><br \/>\n<span style=\"color: #800080;\">und solange er keinen Unterschied zwischen Nationalit\u00e4t, Rasse, Bildung, Hautfarbe oder Religion der Menschen macht, <\/span><span style=\"color: #800080;\"><br \/>\nhat die Technik der Konzentration \/ Meditation keine Relevanz.<\/span>[\/vc_cta][\/vc_column][\/vc_row][vc_row][vc_column][vc_column_text]Wir sind alle Teil des Unendlichen.<\/p>\n<p>Und es geht nicht darum, sich mit irgendetwas zu r\u00fchmen.[\/vc_column_text][\/vc_column][\/vc_row][vc_row][vc_column][vc_custom_heading text=&#8220;Die Erfahrung des bewussten Atmens auf h\u00f6chstem Niveau&#8220; font_container=&#8220;tag:h2|text_align:center|color:%2321b9d1&#8243; google_fonts=&#8220;font_family:Ubuntu%3A300%2C300italic%2Cregular%2Citalic%2C500%2C500italic%2C700%2C700italic|font_style:300%20light%20italic%3A300%3Aitalic&#8220;][\/vc_column][\/vc_row][vc_row][vc_column][vc_column_text]\n<hr \/>\n<p>&nbsp;<\/p>\n<p>Was in h\u00f6heren Erfahrungen des Pranayama passieren kann, ist, dass sich Bewusstsein und Prana mit der Seele vereinigen.<\/p>\n<p>Dies an sich wird die spontane ( <em>Kevala<\/em> ) Meditation sein, die den Geist oder Intellekt transzendentiert (\u00fcbersteigt). Das bedeutet, dass der Verstand \u00fcber niedere Naturen hinausgeht und die sehr hohe, abstrakte Natur der Dinge versteht. Spontane Meditation gibt Antworten auf viele Fragen.<\/p>\n<p>Dennoch ist Meditation keine perfekte Vereinigung, da immer noch ein Gef\u00fchl der Trennung zwischen dem <em>Sadhaka<\/em> (einer, der <em>Sadhana<\/em> praktiziert, Sadhana ist Praxis) und dem Subjekt besteht.<\/p>\n<p>Wenn der Geist und das Prana aufgel\u00f6st sind und es keine Grenzen mehr gibt, erlebt man <span style=\"color: #993300;\">Samadhi.<\/span><\/p>\n[\/vc_column_text][\/vc_column][\/vc_row][vc_row][vc_column][vc_custom_heading text=&#8220;Verschiedene Namen f\u00fcr die Vereinigung von Prana und Seele&#8220; font_container=&#8220;tag:h2|text_align:center|color:%2321b9d1&#8243; google_fonts=&#8220;font_family:Ubuntu%3A300%2C300italic%2Cregular%2Citalic%2C500%2C500italic%2C700%2C700italic|font_style:300%20light%20italic%3A300%3Aitalic&#8220;][\/vc_column][\/vc_row][vc_row][vc_column][vc_column_text]\n<hr \/>\n<p>&nbsp;<\/p>\n<p>Auf diese Weise hilft Yoga den Menschen, Dinge bei ihren richtigen Namen zu nennen und den <em>Unterschied machen<\/em> zu k\u00f6nnen.<\/p>\n<p>Aus diesem Grund wird Yoga mit Begriffen wie paranormale Erfahrungen, supramentaler Geist, kosmisches Bewusstsein, Licht, Erleuchtung, au\u00dferk\u00f6rperliche Erfahrung, intuitives Wissen, h\u00f6chstes Wissen, transzendentales Wissen, h\u00f6here Realit\u00e4t, ultimative Realit\u00e4t, au\u00dfersinnliche Wahrnehmung, Parapsychologie, mystische Erfahrung, Metaphysik, Kosmologie, \u00fcbernat\u00fcrliche Kr\u00e4fte, h\u00f6here Dimensionen, psychophysische Ph\u00e4nomene, Unendlichkeit, Einheit, Vereinigung, Wiedervereinigung, Quantenphysik, Raum, Zeit, kein Raum, keine Zeit, assoziiert&#8230;, die schlie\u00dflich alle rein nat\u00fcrlichen Ph\u00e4nomene sind .<\/p>\n[\/vc_column_text][\/vc_column][\/vc_row][vc_row][vc_column][vc_custom_heading text=&#8220;Wiedervereinigung des Bewusstseins&#8220; font_container=&#8220;tag:h2|text_align:center|color:%2321b9d1&#8243; google_fonts=&#8220;font_family:Ubuntu%3A300%2C300italic%2Cregular%2Citalic%2C500%2C500italic%2C700%2C700italic|font_style:300%20light%20italic%3A300%3Aitalic&#8220;][\/vc_column][\/vc_row][vc_row][vc_column][vc_column_text]\n<hr \/>\n<p>&nbsp;<\/p>\n<p>Jeder einzelne Mensch kommt mit einem bereits vereinten K\u00f6rper, Geist und Seele auf die Erde, aber nur wenigen ist es gelungen, sein Wesen zu verwirklichen.<\/p>\n<p>Ein bewusster Lebensstil, der auf den Wissenschaften des Yoga basiert, kann die Ebenen des Selbst Schritt f\u00fcr Schritt und ohne Abk\u00fcrzung entfalten.<\/p>\n<p>Auf diese Weise transzendiert das menschliche Bewusstsein zur Wiedervereinigung.<\/p>\n[\/vc_column_text][\/vc_column][\/vc_row][vc_row][vc_column][vc_column_text]<img loading=\"lazy\" class=\"aligncenter size-full wp-image-5368\" src=\"https:\/\/i1.wp.com\/yogajagat.com\/wp-content\/uploads\/2020\/02\/DSC05203.jpg?resize=640%2C480\" alt=\"meditationstechniken\" width=\"640\" height=\"480\" srcset=\"https:\/\/i1.wp.com\/yogajagat.com\/wp-content\/uploads\/2020\/02\/DSC05203.jpg?w=640&amp;ssl=1 640w, https:\/\/i1.wp.com\/yogajagat.com\/wp-content\/uploads\/2020\/02\/DSC05203.jpg?resize=300%2C225&amp;ssl=1 300w\" sizes=\"(max-width: 640px) 100vw, 640px\" data-recalc-dims=\"1\" \/>[\/vc_column_text][\/vc_column][\/vc_row][vc_row][vc_column][vc_custom_heading text=&#8220;Transformation beginnt IM K\u00f6rper und nicht au\u00dferhalb des K\u00f6rpers&#8220; font_container=&#8220;tag:h2|text_align:center|color:%2321b9d1&#8243; google_fonts=&#8220;font_family:Ubuntu%3A300%2C300italic%2Cregular%2Citalic%2C500%2C500italic%2C700%2C700italic|font_style:300%20light%20italic%3A300%3Aitalic&#8220;][\/vc_column][\/vc_row][vc_row][vc_column][vc_cta h2=&#8220;&#8220;]<span style=\"color: #993300;\">\u201eDann werden vom Yogi verschiedene wunderbare Kr\u00e4fte erlangt, wie Hellsehen, Hellh\u00f6rigkeit, F\u00e4higkeit, sich innerhalb eines Augenblicks in gro\u00dfe Entfernungen zu transportieren, gro\u00dfe Sprachkraft, F\u00e4higkeit, jede Form anzunehmen, F\u00e4higkeit, unsichtbar zu werden und die Umwandlung von Eisen in Gold, wenn der erstere herum geschmiert mit seiner Ausscheidung ist.\u201c<\/span><\/p>\n<p><span style=\"color: #993300;\">-Adi Shankaryacharya, Vivekachudamani<\/span><\/p>\n[\/vc_cta][\/vc_column][\/vc_row]\n","protected":false},"excerpt":{"rendered":"<p>[vc_row][vc_column][vc_column_text]<br \/>\nMEDITATIONSTECHNIKEN<\/p>\n<p>&nbsp;<br \/>\nDie Meditationstechniken sind zahlreich. Und \u00fcberall gibt es zahlreiche Angebote, die uns lehren, wie man meditiert. Jedoch, wir sollten nicht vergessen, dass wir Meditation nicht pers\u00f6nlich erfunden haben, sondern dass Meditation eine jahrtausendealte \u00f6stliche Technik ist. Und auch, dass die westliche Welt eine v\u00f6llig andere Herangehensweise und Einstellung zur Spiritualit\u00e4t und zum Leben im Allgemeinen hat als die \u00f6stliche Welt.<br \/>\nEin Westler spricht mehr \u00fcber Meditation als er diese praktiziert und verwendet im Allgemeinen Meditationstechniken, um &#8230;<\/p>\n","protected":false},"author":1,"featured_media":0,"parent":0,"menu_order":0,"comment_status":"closed","ping_status":"closed","template":"template-full-width.php","meta":{"_bbp_topic_count":0,"_bbp_reply_count":0,"_bbp_total_topic_count":0,"_bbp_total_reply_count":0,"_bbp_voice_count":0,"_bbp_anonymous_reply_count":0,"_bbp_topic_count_hidden":0,"_bbp_reply_count_hidden":0,"_bbp_forum_subforum_count":0,"inline_featured_image":false,"spay_email":""},"translation":{"provider":"WPGlobus","version":"3.0.1","language":"de","enabled_languages":["en","de","sr"],"languages":{"en":{"title":true,"content":true,"excerpt":false},"de":{"title":true,"content":true,"excerpt":false},"sr":{"title":true,"content":true,"excerpt":false}}},"yoast_head":"<!-- This site is optimized with the Yoast SEO plugin v18.3 - https:\/\/yoast.com\/wordpress\/plugins\/seo\/ -->\n<title>Meditationstechniken. Meditationsobjekte. - Sch\u00f6nheit der Ver\u00e4nderung<\/title>\n<meta name=\"description\" content=\"Meditationstechniken erstrecken sich \u00fcber ein breites Spektrum, von Kontemplation, was tief reflektiertes Denken \u00fcber etwas bedeutet, bis zu den h\u00f6chsten Zust\u00e4nden des yogischen, buddhistischen oder tantrischen Denkens.\" \/>\n<meta name=\"robots\" content=\"index, follow, max-snippet:-1, max-image-preview:large, max-video-preview:-1\" \/>\n<link rel=\"canonical\" href=\"https:\/\/yogajagat.com\/meditation-techniques-objects-of-meditation\/\" \/>\n<meta name=\"twitter:label1\" content=\"Gesch\u00e4tzte Lesezeit\" \/>\n\t<meta name=\"twitter:data1\" content=\"21\u00a0Minuten\" \/>\n<script type=\"application\/ld+json\" class=\"yoast-schema-graph\">{\"@context\":\"https:\/\/schema.org\",\"@graph\":[{\"@type\":\"Organization\",\"@id\":\"https:\/\/yogajagat.com\/#organization\",\"name\":\"Yogajagat\",\"url\":\"https:\/\/yogajagat.com\/\",\"sameAs\":[],\"logo\":{\"@type\":\"ImageObject\",\"@id\":\"https:\/\/yogajagat.com\/#logo\",\"inLanguage\":\"de\",\"url\":\"https:\/\/i1.wp.com\/yogajagat.com\/wp-content\/uploads\/2019\/03\/DSC08478-Kopie-1.jpg?fit=798%2C800&ssl=1\",\"contentUrl\":\"https:\/\/i1.wp.com\/yogajagat.com\/wp-content\/uploads\/2019\/03\/DSC08478-Kopie-1.jpg?fit=798%2C800&ssl=1\",\"width\":798,\"height\":800,\"caption\":\"Yogajagat\"},\"image\":{\"@id\":\"https:\/\/yogajagat.com\/#logo\"}},{\"@type\":\"WebSite\",\"@id\":\"https:\/\/yogajagat.com\/#website\",\"url\":\"https:\/\/yogajagat.com\/\",\"name\":\"Sch\u00f6nheit der Ver\u00e4nderung\",\"description\":\"Mit st\u00e4ndiger Ver\u00e4nderung zum sch\u00f6nsten Lebenserfahrung\",\"publisher\":{\"@id\":\"https:\/\/yogajagat.com\/#organization\"},\"potentialAction\":[{\"@type\":\"SearchAction\",\"target\":{\"@type\":\"EntryPoint\",\"urlTemplate\":\"https:\/\/yogajagat.com\/?s={search_term_string}\"},\"query-input\":\"required name=search_term_string\"}],\"inLanguage\":\"de\"},{\"@type\":\"ImageObject\",\"@id\":\"https:\/\/yogajagat.com\/meditation-techniques-objects-of-meditation\/#primaryimage\",\"inLanguage\":\"de\",\"url\":\"http:\/\/yogajagat.com\/wp-content\/uploads\/2019\/12\/DSC03600.jpg\",\"contentUrl\":\"http:\/\/yogajagat.com\/wp-content\/uploads\/2019\/12\/DSC03600.jpg\"},{\"@type\":\"WebPage\",\"@id\":\"https:\/\/yogajagat.com\/meditation-techniques-objects-of-meditation\/#webpage\",\"url\":\"https:\/\/yogajagat.com\/meditation-techniques-objects-of-meditation\/\",\"name\":\"Meditationstechniken. Meditationsobjekte. - Sch\u00f6nheit der Ver\u00e4nderung\",\"isPartOf\":{\"@id\":\"https:\/\/yogajagat.com\/#website\"},\"primaryImageOfPage\":{\"@id\":\"https:\/\/yogajagat.com\/meditation-techniques-objects-of-meditation\/#primaryimage\"},\"datePublished\":\"2019-03-07T23:31:27+00:00\",\"dateModified\":\"2020-06-06T22:05:25+00:00\",\"description\":\"Meditationstechniken erstrecken sich \u00fcber ein breites Spektrum, von Kontemplation, was tief reflektiertes Denken \u00fcber etwas bedeutet, bis zu den h\u00f6chsten Zust\u00e4nden des yogischen, buddhistischen oder tantrischen Denkens.\",\"breadcrumb\":{\"@id\":\"https:\/\/yogajagat.com\/meditation-techniques-objects-of-meditation\/#breadcrumb\"},\"inLanguage\":\"de\",\"potentialAction\":[{\"@type\":\"ReadAction\",\"target\":[\"https:\/\/yogajagat.com\/meditation-techniques-objects-of-meditation\/\"]}]},{\"@type\":\"BreadcrumbList\",\"@id\":\"https:\/\/yogajagat.com\/meditation-techniques-objects-of-meditation\/#breadcrumb\",\"itemListElement\":[{\"@type\":\"ListItem\",\"position\":1,\"name\":\"Home\",\"item\":\"https:\/\/yogajagat.com\/sr\/\"},{\"@type\":\"ListItem\",\"position\":2,\"name\":\"Meditation Techniques. Objects of Meditation.\"}]}]}<\/script>\n<!-- \/ Yoast SEO plugin. -->","yoast_head_json":{"title":"Meditationstechniken. Meditationsobjekte. - Sch\u00f6nheit der Ver\u00e4nderung","description":"Meditationstechniken erstrecken sich \u00fcber ein breites Spektrum, von Kontemplation, was tief reflektiertes Denken \u00fcber etwas bedeutet, bis zu den h\u00f6chsten Zust\u00e4nden des yogischen, buddhistischen oder tantrischen Denkens.","robots":{"index":"index","follow":"follow","max-snippet":"max-snippet:-1","max-image-preview":"max-image-preview:large","max-video-preview":"max-video-preview:-1"},"canonical":"https:\/\/yogajagat.com\/meditation-techniques-objects-of-meditation\/","twitter_misc":{"Gesch\u00e4tzte Lesezeit":"21\u00a0Minuten"},"schema":{"@context":"https:\/\/schema.org","@graph":[{"@type":"Organization","@id":"https:\/\/yogajagat.com\/#organization","name":"Yogajagat","url":"https:\/\/yogajagat.com\/","sameAs":[],"logo":{"@type":"ImageObject","@id":"https:\/\/yogajagat.com\/#logo","inLanguage":"de","url":"https:\/\/i1.wp.com\/yogajagat.com\/wp-content\/uploads\/2019\/03\/DSC08478-Kopie-1.jpg?fit=798%2C800&ssl=1","contentUrl":"https:\/\/i1.wp.com\/yogajagat.com\/wp-content\/uploads\/2019\/03\/DSC08478-Kopie-1.jpg?fit=798%2C800&ssl=1","width":798,"height":800,"caption":"Yogajagat"},"image":{"@id":"https:\/\/yogajagat.com\/#logo"}},{"@type":"WebSite","@id":"https:\/\/yogajagat.com\/#website","url":"https:\/\/yogajagat.com\/","name":"Sch\u00f6nheit der Ver\u00e4nderung","description":"Mit st\u00e4ndiger Ver\u00e4nderung zum sch\u00f6nsten Lebenserfahrung","publisher":{"@id":"https:\/\/yogajagat.com\/#organization"},"potentialAction":[{"@type":"SearchAction","target":{"@type":"EntryPoint","urlTemplate":"https:\/\/yogajagat.com\/?s={search_term_string}"},"query-input":"required name=search_term_string"}],"inLanguage":"de"},{"@type":"ImageObject","@id":"https:\/\/yogajagat.com\/meditation-techniques-objects-of-meditation\/#primaryimage","inLanguage":"de","url":"http:\/\/yogajagat.com\/wp-content\/uploads\/2019\/12\/DSC03600.jpg","contentUrl":"http:\/\/yogajagat.com\/wp-content\/uploads\/2019\/12\/DSC03600.jpg"},{"@type":"WebPage","@id":"https:\/\/yogajagat.com\/meditation-techniques-objects-of-meditation\/#webpage","url":"https:\/\/yogajagat.com\/meditation-techniques-objects-of-meditation\/","name":"Meditationstechniken. Meditationsobjekte. - Sch\u00f6nheit der Ver\u00e4nderung","isPartOf":{"@id":"https:\/\/yogajagat.com\/#website"},"primaryImageOfPage":{"@id":"https:\/\/yogajagat.com\/meditation-techniques-objects-of-meditation\/#primaryimage"},"datePublished":"2019-03-07T23:31:27+00:00","dateModified":"2020-06-06T22:05:25+00:00","description":"Meditationstechniken erstrecken sich \u00fcber ein breites Spektrum, von Kontemplation, was tief reflektiertes Denken \u00fcber etwas bedeutet, bis zu den h\u00f6chsten Zust\u00e4nden des yogischen, buddhistischen oder tantrischen Denkens.","breadcrumb":{"@id":"https:\/\/yogajagat.com\/meditation-techniques-objects-of-meditation\/#breadcrumb"},"inLanguage":"de","potentialAction":[{"@type":"ReadAction","target":["https:\/\/yogajagat.com\/meditation-techniques-objects-of-meditation\/"]}]},{"@type":"BreadcrumbList","@id":"https:\/\/yogajagat.com\/meditation-techniques-objects-of-meditation\/#breadcrumb","itemListElement":[{"@type":"ListItem","position":1,"name":"Home","item":"https:\/\/yogajagat.com\/sr\/"},{"@type":"ListItem","position":2,"name":"Meditation Techniques. Objects of Meditation."}]}]}},"_links":{"self":[{"href":"https:\/\/yogajagat.com\/de\/wp-json\/wp\/v2\/pages\/2512"}],"collection":[{"href":"https:\/\/yogajagat.com\/de\/wp-json\/wp\/v2\/pages"}],"about":[{"href":"https:\/\/yogajagat.com\/de\/wp-json\/wp\/v2\/types\/page"}],"author":[{"embeddable":true,"href":"https:\/\/yogajagat.com\/de\/wp-json\/wp\/v2\/users\/1"}],"replies":[{"embeddable":true,"href":"https:\/\/yogajagat.com\/de\/wp-json\/wp\/v2\/comments?post=2512"}],"version-history":[{"count":16,"href":"https:\/\/yogajagat.com\/de\/wp-json\/wp\/v2\/pages\/2512\/revisions"}],"predecessor-version":[{"id":5898,"href":"https:\/\/yogajagat.com\/de\/wp-json\/wp\/v2\/pages\/2512\/revisions\/5898"}],"wp:attachment":[{"href":"https:\/\/yogajagat.com\/de\/wp-json\/wp\/v2\/media?parent=2512"}],"curies":[{"name":"wp","href":"https:\/\/api.w.org\/{rel}","templated":true}]}}