{"id":2505,"date":"2019-03-08T00:25:33","date_gmt":"2019-03-07T23:25:33","guid":{"rendered":"http:\/\/yogajagat.com\/?page_id=2505"},"modified":"2020-06-05T00:06:48","modified_gmt":"2020-06-04T22:06:48","slug":"practice-of-meditation-experience-of-a-true-meditator","status":"publish","type":"page","link":"https:\/\/yogajagat.com\/de\/meditationspraxis\/","title":{"rendered":"Meditationspraxis"},"content":{"rendered":"[vc_row][vc_column][vc_column_text]\n<h3 style=\"text-align: center;\"><span style=\"color: #993300;\">MEDITATIONSPRAXIS<\/span><\/h3>\n<hr \/>\n<p>&nbsp;<\/p>\n<p>Meditationspraxis ist eine Aktivit\u00e4t von K\u00f6rper und Geist, die den alten Zivilisationen bekannt war.<\/p>\n<p>W\u00e4hrend in der Praxis der<a href=\"https:\/\/yogajagat.com\/de\/konzentration-oder-nutzliche-distanzierung-des-geistes\/\"><span style=\"color: #993300;\"> Konzentration<\/span><\/a> <em>( Dharana )<\/em> das Zeit- und Raumgef\u00fchl immer noch vorhanden ist, ist man in der Meditation vollst\u00e4ndig mit der inneren Welt verschmolzen. Das Gef\u00fchl von Zeit und Raum ist eine transzendente Erfahrung, wobei sich transzendente Erfahrung auf eine Erfahrung bezieht, die weit von jeder Erfahrung materieller Natur ist (Gedanken sind auch Materie).<\/p>\n<p>In der Meditation sind die Gedanken des Selbst sowie das Bewusstsein des K\u00f6rpers transzendent <em>(Videha)<\/em>. Man wird Beobachter. Der Geist (Subjekt) ist mit dem Objekt verbunden. In diesem geschmolzenen Zustand entdeckt der Geist etwas, was er vorher nicht wusste.<\/p>\n<p>Eine solche Entdeckung wird dann auf das t\u00e4gliche Leben \u00fcbertragen. In der Tat ist Meditation kein Zustand an sich, sondern ist eine Person in Meditation versunken.<\/p>\n<p>Meditation ist eine sehr aktive Versunkenheit und vollst\u00e4ndige innere Klarheit, in der das Bewusstsein spontan und frei flie\u00dft. Kreativit\u00e4t flie\u00dft frei von jeglichem Urteil. Im Meditationszustand erh\u00e4lt man die kosmische Energie, die durch die Energie oder den \u00e4therischen K\u00f6rper flie\u00dft.<\/p>\n<p>Der \u00e4therische K\u00f6rper ist nach alter Yoga-Wissenschaft von 72.000 Energiekan\u00e4len durchdrungen, die <em>Nadis<\/em> genannt werden und die Verbindung zwischen dem <em>Maha Akasha<\/em> (<em>Maha<\/em>-gro\u00df, <em>Akasha<\/em>-Raum, Kosmos) und dem K\u00f6rper darstellen. In v\u00f6lliger Stille flie\u00dft kosmische Energie durch die Nadis und reinigt und beseitigt die Blockaden in ihnen.<\/p>\n<p>Am Anfang der Praxis, das bewusste Atmen auf der yogische Weise funktioniert auf die gleiche Weise.<\/p>\n<p>&nbsp;<\/p>\n<p>Hochrangiges Pranayama als auch Meditation sind der direkteste Weg, um den feinsten Teil der Seele von den gr\u00f6bsten Einschr\u00e4nkungen von Geist und K\u00f6rper zu trennen. Andere \u00e4u\u00dfere Mittel wie das Gebet sind indirekter (obwohl dieser Zustand des Bewusstseins, des Geistes und des K\u00f6rpers, und ihrer Transformation, in seltenen F\u00e4llen einer wirklich religi\u00f6sen Person passieren kann, die Betteln von Gebet unterscheiden kann).<\/p>\n<p>Mit jeder hingebungsvollen und korrekten Meditation gr\u00e4bt der Mensch tiefe verborgene Gruben in seinem K\u00f6rper, Geist und Intellekt in Richtung seines wahren Selbst, w\u00e4hrend er sich h\u00f6herem Wissen n\u00e4hert.<\/p>\n<p>Um zur diesen gehobenen menschlichen Erkenntnis zu kommen, ist es immer hilfreich, auf dieselbe Weise und in dieselbe Richtung zu meditieren.[\/vc_column_text][\/vc_column][\/vc_row][vc_row][vc_column][vc_custom_heading text=&#8220;Drei Stufen des Bewusstseins&#8220; font_container=&#8220;tag:h2|text_align:center|color:%2323b6db&#8220; google_fonts=&#8220;font_family:Ubuntu%3A300%2C300italic%2Cregular%2Citalic%2C500%2C500italic%2C700%2C700italic|font_style:300%20light%20italic%3A300%3Aitalic&#8220;][\/vc_column][\/vc_row][vc_row][vc_column][vc_column_text]\n<hr \/>\n<p>&nbsp;<\/p>\n<p>Diese Phasen sind Wachen, Tr\u00e4umen und tiefer Schlaf.<\/p>\n<p>W\u00e4hrend der Meditation erreicht man,\u00a0oder besser gesagt, wenn Meditation auf die richtige Weise gef\u00fchlt und praktiziert wird, man kann den vierten Zustand von <em>turiya<\/em>, den Zustand des reinen Selbst erreichen. In diesem Zustand gibt es weder ein Bewusstsein f\u00fcr die innere oder subjektive Welt noch f\u00fcr die \u00e4u\u00dfere oder Objektive Welt. Es gibt nur reine, geerdete, friedliche Wahrheit. Wer diesen Bewusstseinszustand erlebt hat, ist ein wahrer Kenner mit vollst\u00e4ndiger Einsicht.<\/p>\n[\/vc_column_text][\/vc_column][\/vc_row][vc_row][vc_column][vc_custom_heading text=&#8220;Die Erfahrung eines wahren Meditierenden&#8220; font_container=&#8220;tag:h2|text_align:center|color:%2323b6db&#8220; google_fonts=&#8220;font_family:Ubuntu%3A300%2C300italic%2Cregular%2Citalic%2C500%2C500italic%2C700%2C700italic|font_style:300%20light%20italic%3A300%3Aitalic&#8220;][\/vc_column][\/vc_row][vc_row][vc_column][vc_column_text]\n<hr \/>\n<p>&nbsp;<\/p>\n<p>Ein wahrer Meditierender oder Yogi ist immer zwischen seinen Gef\u00fchlen, Gedanken, Reden und Taten ausgeglichen.<\/p>\n<p>Sein Geist und seine Sprache sind unersch\u00fctterlich und ohne Doppelz\u00fcngigkeit oder Bindung an eine Person oder ein System. Durch die Perfektionierung des distanzierten Geistes ist ein wahrer Yogi der Liebe und der Umwelt nicht gleichg\u00fcltig. Im Gegenteil, er ist sich v\u00f6llig bewusst, wo er sich befindet, und er ist leidenschaftlich seiner Liebe und seiner Umgebung gewidmet.<\/p>\n<p>Der Zustand des Meditierenden hat die <em>sattvi<\/em>\u00a0 Kraft der Natur und das ist die Reinheit, Harmonie, Leichtigkeit, Festigkeit, das Licht und die selbstlose Liebe. Diese Kr\u00e4fte leben in den h\u00f6chsten Zentren an der Krone des Kopfes (es ist kein Zufall, dass wir Menschen mit einer \u201eoffenen Krone\u201c , Fontanelle oder <em>Brahmarandra<\/em> in die physische Welt kommen), die wiederum in Kontakt mit dem h\u00f6chsten, h\u00f6heren Bewusstsein stehen.<\/p>\n<p>Dies ist eine gro\u00dfartige Erfahrung eines wahren Meditierenden. Der Ausgangspunkt f\u00fcr diesen Zustand ist sicherlich bereits ein gereinigtes Herz. Hier meine ich sicherlich nicht das Herz als einen Muskel, der unfreiwillig seine Handlungen ausf\u00fchrt, sondern ein psychisches oder spirituelles Zentrum, eine h\u00f6here Ebene des Geistes oder ein h\u00f6heres Energiezentrum im K\u00f6rper. Wenn ich sage, &#8222;ein gereinigtes, psychisches Herz&#8220; sage, denke ich an Ort und Stelle, an der wir alle freiwillig unsere freiwillige linke, rechte Hand oder beide H\u00e4nde legen, wenn wir der Welt danken wollen.<\/p>\n<p>Wir tun dies normalerweise um unsere Leidenschaft und unser Mitgef\u00fchl auszudr\u00fccken, wenn wir <em>es tut mir Leid<\/em> sagen (wie viele von uns k\u00f6nnen das sagen?). Oder wenn wir durch emotionale Freude oder Schmerz weinen oder lachen.<\/p>\n<p>Sowohl Freude als auch Trauer sind nat\u00fcrliche Reinigungen.<\/p>\n<p>Aber um sowohl das Herz als auch den Geist zu reinigen und zu kultivieren, muss man zuerst beide kennenlernen.<\/p>\n<p>Und da unsere eigenen \u00c4ngste und Sorgen nicht von au\u00dfen kommen sondern in unserem Geist leben, der beste Weg, der zur\u00fcck zur Quelle f\u00fchrt (die Harmonie und selbstlose Liebe ist), ist der Weg indem wir unsere eigenen Gedanken, Handlungen, Tr\u00e4ume, Visionen analysieren. Und vor allem indem wir unseren Geist von jeglicher Manipulation anderer Menschen befreien. Stille und Natur sind definitiv die beste Gesellschaft f\u00fcr diese riesigen Aktionen.<\/p>\n<p>Haltet euch von den Menschen fern, die immer \u00fcber das Leben anderer Menschen sprechen. Sie wissen normalerweise nichts \u00fcber ihr kleines Selbst, geschweige denn \u00fcber das Gro\u00dfe Selbst.<\/p>\n<p>Au\u00dferdem, wer in aller Welt kann deine eigene Seele besser kennen als du?<\/p>\n<p>Erwachsene sind bereits Erwachsene, die sich um ihr pers\u00f6nliches Leben k\u00fcmmern k\u00f6nnen.<\/p>\n<p>Deshalb ist es immer viel kl\u00fcger, sich um die pers\u00f6nliche Verwirklichung zu sorgen, als was andere getan haben oder tun.<\/p>\n<p>In jedem Fall sollte nichts, was andere Leute tun, pers\u00f6nlich genommen werden.<\/p>\n<p>Eine Meditationspraxis kann helfen, eine Herausforderung der Ver\u00e4nderung anzunehmen und einen Unterschied machen zu k\u00f6nnen.<\/p>\n[\/vc_column_text][\/vc_column][\/vc_row][vc_row][vc_column][vc_custom_heading text=&#8220;Das Leben wird jeden von uns genau dahin bringen, wo wir hingeh\u00f6ren&#8220; font_container=&#8220;tag:h2|text_align:center|color:%2323b6db&#8220; google_fonts=&#8220;font_family:Ubuntu%3A300%2C300italic%2Cregular%2Citalic%2C500%2C500italic%2C700%2C700italic|font_style:300%20light%20italic%3A300%3Aitalic&#8220;][\/vc_column][\/vc_row][vc_row][vc_column][vc_column_text]\n<hr \/>\n<p>&nbsp;<\/p>\n<p style=\"text-align: center;\">Die Gnade und unser Ego werden es bestimmen.<\/p>\n<p>&nbsp;<\/p>\n<p><img loading=\"lazy\" class=\"aligncenter size-full wp-image-5348\" src=\"https:\/\/i0.wp.com\/yogajagat.com\/wp-content\/uploads\/2020\/02\/DSC09499.jpg?resize=640%2C472\" alt=\"meditationspraxis\" width=\"640\" height=\"472\" srcset=\"https:\/\/i0.wp.com\/yogajagat.com\/wp-content\/uploads\/2020\/02\/DSC09499.jpg?w=640&amp;ssl=1 640w, https:\/\/i0.wp.com\/yogajagat.com\/wp-content\/uploads\/2020\/02\/DSC09499.jpg?resize=300%2C221&amp;ssl=1 300w\" sizes=\"(max-width: 640px) 100vw, 640px\" data-recalc-dims=\"1\" \/>[\/vc_column_text][\/vc_column][\/vc_row][vc_row][vc_column][vc_cta h2=&#8220;&#8220;]<span style=\"color: #993300;\">\u201eEs gibt gute Seelen, ruhig und gro\u00dfm\u00fctig, die anderen, wie der Fr\u00fchling, Gutes tun und die, nachdem sie diesen schrecklichen Ozean von Geburt und Tod \u00fcberquert haben, anderen helfen, diese auch ohne jegliches Motiv zu \u00fcberqueren.&#8220;<\/span><\/p>\n<p>&nbsp;<\/p>\n<p><span style=\"color: #993300;\">-Adi Shankaracharya, Vivekachudamani<\/span>[\/vc_cta][\/vc_column][\/vc_row]\n","protected":false},"excerpt":{"rendered":"<p>[vc_row][vc_column][vc_column_text]<br \/>\nMEDITATIONSPRAXIS<\/p>\n<p>&nbsp;<br \/>\nMeditationspraxis ist eine Aktivit\u00e4t von K\u00f6rper und Geist, die den alten Zivilisationen bekannt war.<br \/>\nW\u00e4hrend in der Praxis der Konzentration ( Dharana ) das Zeit- und Raumgef\u00fchl immer noch vorhanden ist, ist man in der Meditation vollst\u00e4ndig mit der inneren Welt verschmolzen. Das Gef\u00fchl von Zeit und Raum ist eine transzendente Erfahrung, wobei sich transzendente Erfahrung auf eine Erfahrung bezieht, die weit von jeder Erfahrung materieller Natur ist (Gedanken sind auch Materie).<br \/>\nIn der Meditation sind &#8230;<\/p>\n","protected":false},"author":1,"featured_media":0,"parent":0,"menu_order":0,"comment_status":"closed","ping_status":"closed","template":"template-full-width.php","meta":{"_bbp_topic_count":0,"_bbp_reply_count":0,"_bbp_total_topic_count":0,"_bbp_total_reply_count":0,"_bbp_voice_count":0,"_bbp_anonymous_reply_count":0,"_bbp_topic_count_hidden":0,"_bbp_reply_count_hidden":0,"_bbp_forum_subforum_count":0,"inline_featured_image":false,"spay_email":""},"translation":{"provider":"WPGlobus","version":"3.0.1","language":"de","enabled_languages":["en","de","sr"],"languages":{"en":{"title":true,"content":true,"excerpt":false},"de":{"title":true,"content":true,"excerpt":false},"sr":{"title":true,"content":true,"excerpt":false}}},"yoast_head":"<!-- This site is optimized with the Yoast SEO plugin v18.3 - https:\/\/yoast.com\/wordpress\/plugins\/seo\/ -->\n<title>Meditationspraxis - Sch\u00f6nheit der Ver\u00e4nderung<\/title>\n<meta name=\"description\" content=\"Meditationspraxis, drei Stufen des Bewusstseins. Was ist die Erfahrung eines wahren Meditierenden...\" \/>\n<meta name=\"robots\" content=\"index, follow, max-snippet:-1, max-image-preview:large, max-video-preview:-1\" \/>\n<link rel=\"canonical\" href=\"https:\/\/yogajagat.com\/practice-of-meditation-experience-of-a-true-meditator\/\" \/>\n<meta name=\"twitter:label1\" content=\"Gesch\u00e4tzte Lesezeit\" \/>\n\t<meta name=\"twitter:data1\" content=\"18\u00a0Minuten\" \/>\n<script type=\"application\/ld+json\" class=\"yoast-schema-graph\">{\"@context\":\"https:\/\/schema.org\",\"@graph\":[{\"@type\":\"Organization\",\"@id\":\"https:\/\/yogajagat.com\/#organization\",\"name\":\"Yogajagat\",\"url\":\"https:\/\/yogajagat.com\/\",\"sameAs\":[],\"logo\":{\"@type\":\"ImageObject\",\"@id\":\"https:\/\/yogajagat.com\/#logo\",\"inLanguage\":\"de\",\"url\":\"https:\/\/i1.wp.com\/yogajagat.com\/wp-content\/uploads\/2019\/03\/DSC08478-Kopie-1.jpg?fit=798%2C800&ssl=1\",\"contentUrl\":\"https:\/\/i1.wp.com\/yogajagat.com\/wp-content\/uploads\/2019\/03\/DSC08478-Kopie-1.jpg?fit=798%2C800&ssl=1\",\"width\":798,\"height\":800,\"caption\":\"Yogajagat\"},\"image\":{\"@id\":\"https:\/\/yogajagat.com\/#logo\"}},{\"@type\":\"WebSite\",\"@id\":\"https:\/\/yogajagat.com\/#website\",\"url\":\"https:\/\/yogajagat.com\/\",\"name\":\"Sch\u00f6nheit der Ver\u00e4nderung\",\"description\":\"Mit st\u00e4ndiger Ver\u00e4nderung zum sch\u00f6nsten Lebenserfahrung\",\"publisher\":{\"@id\":\"https:\/\/yogajagat.com\/#organization\"},\"potentialAction\":[{\"@type\":\"SearchAction\",\"target\":{\"@type\":\"EntryPoint\",\"urlTemplate\":\"https:\/\/yogajagat.com\/?s={search_term_string}\"},\"query-input\":\"required name=search_term_string\"}],\"inLanguage\":\"de\"},{\"@type\":\"ImageObject\",\"@id\":\"https:\/\/yogajagat.com\/practice-of-meditation-experience-of-a-true-meditator\/#primaryimage\",\"inLanguage\":\"de\",\"url\":\"http:\/\/yogajagat.com\/wp-content\/uploads\/2019\/12\/DSC05647.jpg\",\"contentUrl\":\"http:\/\/yogajagat.com\/wp-content\/uploads\/2019\/12\/DSC05647.jpg\"},{\"@type\":\"WebPage\",\"@id\":\"https:\/\/yogajagat.com\/practice-of-meditation-experience-of-a-true-meditator\/#webpage\",\"url\":\"https:\/\/yogajagat.com\/practice-of-meditation-experience-of-a-true-meditator\/\",\"name\":\"Meditationspraxis - Sch\u00f6nheit der Ver\u00e4nderung\",\"isPartOf\":{\"@id\":\"https:\/\/yogajagat.com\/#website\"},\"primaryImageOfPage\":{\"@id\":\"https:\/\/yogajagat.com\/practice-of-meditation-experience-of-a-true-meditator\/#primaryimage\"},\"datePublished\":\"2019-03-07T23:25:33+00:00\",\"dateModified\":\"2020-06-04T22:06:48+00:00\",\"description\":\"Meditationspraxis, drei Stufen des Bewusstseins. Was ist die Erfahrung eines wahren Meditierenden...\",\"breadcrumb\":{\"@id\":\"https:\/\/yogajagat.com\/practice-of-meditation-experience-of-a-true-meditator\/#breadcrumb\"},\"inLanguage\":\"de\",\"potentialAction\":[{\"@type\":\"ReadAction\",\"target\":[\"https:\/\/yogajagat.com\/practice-of-meditation-experience-of-a-true-meditator\/\"]}]},{\"@type\":\"BreadcrumbList\",\"@id\":\"https:\/\/yogajagat.com\/practice-of-meditation-experience-of-a-true-meditator\/#breadcrumb\",\"itemListElement\":[{\"@type\":\"ListItem\",\"position\":1,\"name\":\"Home\",\"item\":\"https:\/\/yogajagat.com\/sr\/\"},{\"@type\":\"ListItem\",\"position\":2,\"name\":\"Practice of Meditation. The Experience of a True Meditator\"}]}]}<\/script>\n<!-- \/ Yoast SEO plugin. -->","yoast_head_json":{"title":"Meditationspraxis - Sch\u00f6nheit der Ver\u00e4nderung","description":"Meditationspraxis, drei Stufen des Bewusstseins. Was ist die Erfahrung eines wahren Meditierenden...","robots":{"index":"index","follow":"follow","max-snippet":"max-snippet:-1","max-image-preview":"max-image-preview:large","max-video-preview":"max-video-preview:-1"},"canonical":"https:\/\/yogajagat.com\/practice-of-meditation-experience-of-a-true-meditator\/","twitter_misc":{"Gesch\u00e4tzte Lesezeit":"18\u00a0Minuten"},"schema":{"@context":"https:\/\/schema.org","@graph":[{"@type":"Organization","@id":"https:\/\/yogajagat.com\/#organization","name":"Yogajagat","url":"https:\/\/yogajagat.com\/","sameAs":[],"logo":{"@type":"ImageObject","@id":"https:\/\/yogajagat.com\/#logo","inLanguage":"de","url":"https:\/\/i1.wp.com\/yogajagat.com\/wp-content\/uploads\/2019\/03\/DSC08478-Kopie-1.jpg?fit=798%2C800&ssl=1","contentUrl":"https:\/\/i1.wp.com\/yogajagat.com\/wp-content\/uploads\/2019\/03\/DSC08478-Kopie-1.jpg?fit=798%2C800&ssl=1","width":798,"height":800,"caption":"Yogajagat"},"image":{"@id":"https:\/\/yogajagat.com\/#logo"}},{"@type":"WebSite","@id":"https:\/\/yogajagat.com\/#website","url":"https:\/\/yogajagat.com\/","name":"Sch\u00f6nheit der Ver\u00e4nderung","description":"Mit st\u00e4ndiger Ver\u00e4nderung zum sch\u00f6nsten Lebenserfahrung","publisher":{"@id":"https:\/\/yogajagat.com\/#organization"},"potentialAction":[{"@type":"SearchAction","target":{"@type":"EntryPoint","urlTemplate":"https:\/\/yogajagat.com\/?s={search_term_string}"},"query-input":"required name=search_term_string"}],"inLanguage":"de"},{"@type":"ImageObject","@id":"https:\/\/yogajagat.com\/practice-of-meditation-experience-of-a-true-meditator\/#primaryimage","inLanguage":"de","url":"http:\/\/yogajagat.com\/wp-content\/uploads\/2019\/12\/DSC05647.jpg","contentUrl":"http:\/\/yogajagat.com\/wp-content\/uploads\/2019\/12\/DSC05647.jpg"},{"@type":"WebPage","@id":"https:\/\/yogajagat.com\/practice-of-meditation-experience-of-a-true-meditator\/#webpage","url":"https:\/\/yogajagat.com\/practice-of-meditation-experience-of-a-true-meditator\/","name":"Meditationspraxis - Sch\u00f6nheit der Ver\u00e4nderung","isPartOf":{"@id":"https:\/\/yogajagat.com\/#website"},"primaryImageOfPage":{"@id":"https:\/\/yogajagat.com\/practice-of-meditation-experience-of-a-true-meditator\/#primaryimage"},"datePublished":"2019-03-07T23:25:33+00:00","dateModified":"2020-06-04T22:06:48+00:00","description":"Meditationspraxis, drei Stufen des Bewusstseins. Was ist die Erfahrung eines wahren Meditierenden...","breadcrumb":{"@id":"https:\/\/yogajagat.com\/practice-of-meditation-experience-of-a-true-meditator\/#breadcrumb"},"inLanguage":"de","potentialAction":[{"@type":"ReadAction","target":["https:\/\/yogajagat.com\/practice-of-meditation-experience-of-a-true-meditator\/"]}]},{"@type":"BreadcrumbList","@id":"https:\/\/yogajagat.com\/practice-of-meditation-experience-of-a-true-meditator\/#breadcrumb","itemListElement":[{"@type":"ListItem","position":1,"name":"Home","item":"https:\/\/yogajagat.com\/sr\/"},{"@type":"ListItem","position":2,"name":"Practice of Meditation. The Experience of a True Meditator"}]}]}},"_links":{"self":[{"href":"https:\/\/yogajagat.com\/de\/wp-json\/wp\/v2\/pages\/2505"}],"collection":[{"href":"https:\/\/yogajagat.com\/de\/wp-json\/wp\/v2\/pages"}],"about":[{"href":"https:\/\/yogajagat.com\/de\/wp-json\/wp\/v2\/types\/page"}],"author":[{"embeddable":true,"href":"https:\/\/yogajagat.com\/de\/wp-json\/wp\/v2\/users\/1"}],"replies":[{"embeddable":true,"href":"https:\/\/yogajagat.com\/de\/wp-json\/wp\/v2\/comments?post=2505"}],"version-history":[{"count":14,"href":"https:\/\/yogajagat.com\/de\/wp-json\/wp\/v2\/pages\/2505\/revisions"}],"predecessor-version":[{"id":5888,"href":"https:\/\/yogajagat.com\/de\/wp-json\/wp\/v2\/pages\/2505\/revisions\/5888"}],"wp:attachment":[{"href":"https:\/\/yogajagat.com\/de\/wp-json\/wp\/v2\/media?parent=2505"}],"curies":[{"name":"wp","href":"https:\/\/api.w.org\/{rel}","templated":true}]}}