{"id":2493,"date":"2019-03-08T00:06:00","date_gmt":"2019-03-07T23:06:00","guid":{"rendered":"http:\/\/yogajagat.com\/?page_id=2493"},"modified":"2021-02-28T13:31:52","modified_gmt":"2021-02-28T12:31:52","slug":"meditation-dhyana-higher-yoga","status":"publish","type":"page","link":"https:\/\/yogajagat.com\/de\/meditation\/","title":{"rendered":"Meditation"},"content":{"rendered":"[vc_row][vc_column][vc_column_text]\n<h3><\/h3>\n<h3 style=\"text-align: center;\"><span style=\"color: #993300;\">MEDITATION<\/span><\/h3>\n<hr \/>\n<p>&nbsp;<\/p>\n<p>Nichts im menschlichen Leben ist wertvoller als innerer Frieden, wahre Liebe und Frieden. Diese Zust\u00e4nde sind nichts anderes als die nat\u00fcrlichen Zust\u00e4nde jedes einzelnen Menschen. Der Geist ist jedoch meistens von einer riesigen Wolke der Unwissenheit bedeckt und diese wunderbaren Tugenden des Geistes, wahre Liebe und innerer und \u00e4u\u00dferer Frieden, wurden nur von diejenigen K\u00f6pfen erfahren, denen gelungen ist, diese Wolke loszuwerden. Meditation entfernt die erstickenden Wolken.<\/p>\n<p>Alte Rishis und Maharishi, Weise und Seher praktizierten vor Tausenden von Jahren Meditation.<\/p>\n<p>Sie verewigten ihre Weisheit im <em>Rig Veda<\/em>, dem \u00e4ltesten spirituellen Text der indischen Kultur, in den <em>Upanishaden<\/em> (Katha, Svetasvara, Mundaka, Brihadaranayaka, Chhangogya und Pingala Upanishad), in der <em>Bhagavad Gita, <\/em>im\u00a0<em>Mahabrharata<\/em>.<\/p>\n[\/vc_column_text][\/vc_column][\/vc_row][vc_row][vc_column][vc_column_text]<img loading=\"lazy\" class=\"aligncenter size-full wp-image-5316\" src=\"https:\/\/i0.wp.com\/yogajagat.com\/wp-content\/uploads\/2020\/02\/DSC09095-1024x768-1.jpg?resize=640%2C480\" alt=\"meditation\" width=\"640\" height=\"480\" srcset=\"https:\/\/i0.wp.com\/yogajagat.com\/wp-content\/uploads\/2020\/02\/DSC09095-1024x768-1.jpg?w=640&amp;ssl=1 640w, https:\/\/i0.wp.com\/yogajagat.com\/wp-content\/uploads\/2020\/02\/DSC09095-1024x768-1.jpg?resize=300%2C225&amp;ssl=1 300w\" sizes=\"(max-width: 640px) 100vw, 640px\" data-recalc-dims=\"1\" \/>[\/vc_column_text][\/vc_column][\/vc_row][vc_row][vc_column][vc_custom_heading text=&#8220;Der turbulente Geist&#8220; font_container=&#8220;tag:h2|text_align:center|color:%2321b1ce&#8220; google_fonts=&#8220;font_family:Ubuntu%3A300%2C300italic%2Cregular%2Citalic%2C500%2C500italic%2C700%2C700italic|font_style:300%20light%20italic%3A300%3Aitalic&#8220;][\/vc_column][\/vc_row][vc_row][vc_column][vc_column_text]\n<hr \/>\n<p>&nbsp;<\/p>\n<p>Die gr\u00f6\u00dften Hindernisse, um den Geist zu beruhigen und das Herz zu harmonisieren, sind neben aktuellen Gedanken, Ideen, \u00dcberzeugungen und Eindr\u00fccken aus der Vergangenheit. Letzteres nennen wir <em>Samskaras<\/em>.<\/p>\n<p>Samskaras sind tief in unserer Psyche und ihrer anhaltenden Wiederholung verwurzelt und ohne gr\u00f6\u00dfere \u00c4nderungen werden sie im Laufe der Zeit zu unseren Gewohnheiten. All dies geschieht auf der unbewussten Ebene des Geistes.<\/p>\n<p>Diese Eindr\u00fccke leben in jedem von uns weiter. Sie sind hier. Und wenn sich die Gelegenheit ergibt, schwimmen sie an die Oberfl\u00e4che hinaus und bestimmen so unsere Stimmung, unser Verhalten, unsere \u00c4ngste, unsere Beziehungen zu anderen Menschen, unsere Komplexe, unsere Ausdrucksweise. Sie bestimmen einfach alles. So funktioniert das Leben.<\/p>\n<p>Diese Muster in unseren K\u00f6pfen sind sehr alt. Sie stammen aus der Zeit unserer geistigen Geburt. Ab dem Zeitpunkt, als wir im Mutterleib waren. Dann kam der Moment, als wir k\u00f6rperlich geboren wurden. Dann kommt eine Zeit der Kindheit und Schule, in der wir uns nicht ausdr\u00fccken konnten oder in der, die Umwelt uns in jedem Bereich und in jedem Moment unseres Lebens unterdr\u00fcckte.<\/p>\n[\/vc_column_text][\/vc_column][\/vc_row][vc_row][vc_column][vc_custom_heading text=&#8220;Wo ist der Ausgang aus der dunklen Wolke?&#8220; font_container=&#8220;tag:h2|text_align:center|color:%2321b1ce&#8220; google_fonts=&#8220;font_family:Ubuntu%3A300%2C300italic%2Cregular%2Citalic%2C500%2C500italic%2C700%2C700italic|font_style:300%20light%20italic%3A300%3Aitalic&#8220;][\/vc_column][\/vc_row][vc_row][vc_column][vc_column_text]\n<hr \/>\n<p>&nbsp;<\/p>\n<p>Die einzige M\u00f6glichkeit, diese Hindernisse im Kopf zu \u00fcberwinden besteht darin sie anzuerkennen, zu akzeptieren, zu konfrontieren und zu transformieren. Nur dann k\u00f6nnen wir neue, positive Samskaras erschaffen. Im Buddhismus wird diese Technik <em>Vipassana<\/em> oder Einsichtsmeditation genannt.<\/p>\n<p>Um Hindernisse und alte Eindr\u00fccke im Geist zu \u00fcberwinden ist eine starke Willenskraft (<em>ichchha shakti<\/em> &#8211; Willenskraft) erforderlich. Dies ist eine einfache, aber gro\u00dfe Wahrheit.<\/p>\n<p>Weil alles im eigenen Kopf geschieht, dessen Ver\u00e4nderung nichts als Willenskraft erfordert, verbringen viele Menschen sowohl ihre Zeit als auch eine riesige Geldsumme damit, sogenannte private Yoga- oder Lebensberater zu besuchen und zu bezahlen. Diese privaten Yoga- oder Lebensberatungen sehr oft, nat\u00fcrlicherweise, enden im Scheitern.<\/p>\n<p>Man sollte vorsichtig sein was man kauft, liebe Leute. Ihr m\u00fcsst nicht jedes Angebot zum Thema &#8222;Achtsamkeit&#8220;, &#8222;Meditation&#8220; oder andere spirituelle Themen kaufen, auch wenn sie preiswert sind. Es ist viel kl\u00fcger euch und eure Willenskraft durch euren eigenen Willen zu st\u00e4rken, denn, \u201eder Mensch wird alleine geboren\u201c. Aber mit starker Willenskraft.<\/p>\n<p>&nbsp;<\/p>\n<p>Sowohl <em>Dhyana<\/em> (in Sanskrit der klassische Yoga Begriff f\u00fcr Meditation) als auch <em>Bhavan<\/em>a (in Pali der buddhistische Begriff f\u00fcr Meditation und der Sanskrit Begriff f\u00fcr Tantra) basieren auf dem Yoga Sutra 3.2 und beide f\u00fchren zum <a href=\"https:\/\/yogajagat.com\/de\/meditationstechniken-meditationsobjekte\/\"><span style=\"color: #993300;\">gleichen Ziel.<\/span><\/a> Und das hei\u00dft zu erkennen, dass das kleine me-myself, ich-selbst, tats\u00e4chlich ein reiner, unsterblicher, g\u00f6ttlicher Schatz ohne Abweichungen ist.<\/p>\n<p>Das ist Meditation in ihrer Tradition.<\/p>\n<p>&nbsp;<\/p>\n<p>Was eigentlich w\u00e4hrend der Meditation geschieht ist, dass das Bewusstsein <a href=\"https:\/\/yogajagat.com\/de\/stufen-des-bewusstseins-und-vedanta\/\"><span style=\"color: #993300;\">verschiedene Phasen<\/span><\/a> durchl\u00e4uft.[\/vc_column_text][\/vc_column][\/vc_row][vc_row][vc_column][\/vc_column][\/vc_row]\n","protected":false},"excerpt":{"rendered":"<p>[vc_row][vc_column][vc_column_text]<\/p>\n<p>MEDITATION<\/p>\n<p>&nbsp;<br \/>\nNichts im menschlichen Leben ist wertvoller als innerer Frieden, wahre Liebe und Frieden. Diese Zust\u00e4nde sind nichts anderes als die nat\u00fcrlichen Zust\u00e4nde jedes einzelnen Menschen. Der Geist ist jedoch meistens von einer riesigen Wolke der Unwissenheit bedeckt und diese wunderbaren Tugenden des Geistes, wahre Liebe und innerer und \u00e4u\u00dferer Frieden, wurden nur von diejenigen K\u00f6pfen erfahren, denen gelungen ist, diese Wolke loszuwerden. Meditation entfernt die erstickenden Wolken.<br \/>\nAlte Rishis und Maharishi, Weise und Seher praktizierten &#8230;<\/p>\n","protected":false},"author":1,"featured_media":0,"parent":0,"menu_order":0,"comment_status":"closed","ping_status":"closed","template":"template-full-width.php","meta":{"_bbp_topic_count":0,"_bbp_reply_count":0,"_bbp_total_topic_count":0,"_bbp_total_reply_count":0,"_bbp_voice_count":0,"_bbp_anonymous_reply_count":0,"_bbp_topic_count_hidden":0,"_bbp_reply_count_hidden":0,"_bbp_forum_subforum_count":0,"inline_featured_image":false,"spay_email":""},"translation":{"provider":"WPGlobus","version":"3.0.1","language":"de","enabled_languages":["en","de","sr"],"languages":{"en":{"title":true,"content":true,"excerpt":false},"de":{"title":true,"content":true,"excerpt":false},"sr":{"title":true,"content":true,"excerpt":false}}},"yoast_head":"<!-- This site is optimized with the Yoast SEO plugin v18.3 - https:\/\/yoast.com\/wordpress\/plugins\/seo\/ -->\n<title>Meditation - Sch\u00f6nheit der Ver\u00e4nderung<\/title>\n<meta name=\"description\" content=\"Der Geist ist meistens von einer riesigen Wolke der Unwissenheit bedeckt. Wo ist der Ausgang aus der dunklen Wolke? \u00dcber Meditation.\" \/>\n<meta name=\"robots\" content=\"index, follow, max-snippet:-1, max-image-preview:large, max-video-preview:-1\" \/>\n<link rel=\"canonical\" href=\"https:\/\/yogajagat.com\/sr\/meditacija-o-meditaciji-kao-stanju-duha\/\" \/>\n<meta name=\"twitter:label1\" content=\"Gesch\u00e4tzte Lesezeit\" \/>\n\t<meta name=\"twitter:data1\" content=\"3\u00a0Minuten\" \/>\n<script type=\"application\/ld+json\" class=\"yoast-schema-graph\">{\"@context\":\"https:\/\/schema.org\",\"@graph\":[{\"@type\":\"Organization\",\"@id\":\"https:\/\/yogajagat.com\/#organization\",\"name\":\"Yogajagat\",\"url\":\"https:\/\/yogajagat.com\/\",\"sameAs\":[],\"logo\":{\"@type\":\"ImageObject\",\"@id\":\"https:\/\/yogajagat.com\/#logo\",\"inLanguage\":\"de\",\"url\":\"https:\/\/i1.wp.com\/yogajagat.com\/wp-content\/uploads\/2019\/03\/DSC08478-Kopie-1.jpg?fit=798%2C800&ssl=1\",\"contentUrl\":\"https:\/\/i1.wp.com\/yogajagat.com\/wp-content\/uploads\/2019\/03\/DSC08478-Kopie-1.jpg?fit=798%2C800&ssl=1\",\"width\":798,\"height\":800,\"caption\":\"Yogajagat\"},\"image\":{\"@id\":\"https:\/\/yogajagat.com\/#logo\"}},{\"@type\":\"WebSite\",\"@id\":\"https:\/\/yogajagat.com\/#website\",\"url\":\"https:\/\/yogajagat.com\/\",\"name\":\"Sch\u00f6nheit der Ver\u00e4nderung\",\"description\":\"Mit st\u00e4ndiger Ver\u00e4nderung zum sch\u00f6nsten Lebenserfahrung\",\"publisher\":{\"@id\":\"https:\/\/yogajagat.com\/#organization\"},\"potentialAction\":[{\"@type\":\"SearchAction\",\"target\":{\"@type\":\"EntryPoint\",\"urlTemplate\":\"https:\/\/yogajagat.com\/?s={search_term_string}\"},\"query-input\":\"required name=search_term_string\"}],\"inLanguage\":\"de\"},{\"@type\":\"ImageObject\",\"@id\":\"https:\/\/yogajagat.com\/sr\/meditacija-o-meditaciji-kao-stanju-duha\/#primaryimage\",\"inLanguage\":\"de\",\"url\":\"http:\/\/yogajagat.com\/wp-content\/uploads\/2019\/12\/DSC07591.jpg\",\"contentUrl\":\"http:\/\/yogajagat.com\/wp-content\/uploads\/2019\/12\/DSC07591.jpg\"},{\"@type\":\"WebPage\",\"@id\":\"https:\/\/yogajagat.com\/sr\/meditacija-o-meditaciji-kao-stanju-duha\/#webpage\",\"url\":\"https:\/\/yogajagat.com\/sr\/meditacija-o-meditaciji-kao-stanju-duha\/\",\"name\":\"Meditation - Sch\u00f6nheit der Ver\u00e4nderung\",\"isPartOf\":{\"@id\":\"https:\/\/yogajagat.com\/#website\"},\"primaryImageOfPage\":{\"@id\":\"https:\/\/yogajagat.com\/sr\/meditacija-o-meditaciji-kao-stanju-duha\/#primaryimage\"},\"datePublished\":\"2019-03-07T23:06:00+00:00\",\"dateModified\":\"2021-02-28T12:31:52+00:00\",\"description\":\"Der Geist ist meistens von einer riesigen Wolke der Unwissenheit bedeckt. Wo ist der Ausgang aus der dunklen Wolke? \u00dcber Meditation.\",\"breadcrumb\":{\"@id\":\"https:\/\/yogajagat.com\/sr\/meditacija-o-meditaciji-kao-stanju-duha\/#breadcrumb\"},\"inLanguage\":\"de\",\"potentialAction\":[{\"@type\":\"ReadAction\",\"target\":[\"https:\/\/yogajagat.com\/sr\/meditacija-o-meditaciji-kao-stanju-duha\/\"]}]},{\"@type\":\"BreadcrumbList\",\"@id\":\"https:\/\/yogajagat.com\/sr\/meditacija-o-meditaciji-kao-stanju-duha\/#breadcrumb\",\"itemListElement\":[{\"@type\":\"ListItem\",\"position\":1,\"name\":\"Home\",\"item\":\"https:\/\/yogajagat.com\/sr\/\"},{\"@type\":\"ListItem\",\"position\":2,\"name\":\"Meditacija. O meditaciji kao stanju duha\"}]}]}<\/script>\n<!-- \/ Yoast SEO plugin. -->","yoast_head_json":{"title":"Meditation - Sch\u00f6nheit der Ver\u00e4nderung","description":"Der Geist ist meistens von einer riesigen Wolke der Unwissenheit bedeckt. Wo ist der Ausgang aus der dunklen Wolke? \u00dcber Meditation.","robots":{"index":"index","follow":"follow","max-snippet":"max-snippet:-1","max-image-preview":"max-image-preview:large","max-video-preview":"max-video-preview:-1"},"canonical":"https:\/\/yogajagat.com\/sr\/meditacija-o-meditaciji-kao-stanju-duha\/","twitter_misc":{"Gesch\u00e4tzte Lesezeit":"3\u00a0Minuten"},"schema":{"@context":"https:\/\/schema.org","@graph":[{"@type":"Organization","@id":"https:\/\/yogajagat.com\/#organization","name":"Yogajagat","url":"https:\/\/yogajagat.com\/","sameAs":[],"logo":{"@type":"ImageObject","@id":"https:\/\/yogajagat.com\/#logo","inLanguage":"de","url":"https:\/\/i1.wp.com\/yogajagat.com\/wp-content\/uploads\/2019\/03\/DSC08478-Kopie-1.jpg?fit=798%2C800&ssl=1","contentUrl":"https:\/\/i1.wp.com\/yogajagat.com\/wp-content\/uploads\/2019\/03\/DSC08478-Kopie-1.jpg?fit=798%2C800&ssl=1","width":798,"height":800,"caption":"Yogajagat"},"image":{"@id":"https:\/\/yogajagat.com\/#logo"}},{"@type":"WebSite","@id":"https:\/\/yogajagat.com\/#website","url":"https:\/\/yogajagat.com\/","name":"Sch\u00f6nheit der Ver\u00e4nderung","description":"Mit st\u00e4ndiger Ver\u00e4nderung zum sch\u00f6nsten Lebenserfahrung","publisher":{"@id":"https:\/\/yogajagat.com\/#organization"},"potentialAction":[{"@type":"SearchAction","target":{"@type":"EntryPoint","urlTemplate":"https:\/\/yogajagat.com\/?s={search_term_string}"},"query-input":"required name=search_term_string"}],"inLanguage":"de"},{"@type":"ImageObject","@id":"https:\/\/yogajagat.com\/sr\/meditacija-o-meditaciji-kao-stanju-duha\/#primaryimage","inLanguage":"de","url":"http:\/\/yogajagat.com\/wp-content\/uploads\/2019\/12\/DSC07591.jpg","contentUrl":"http:\/\/yogajagat.com\/wp-content\/uploads\/2019\/12\/DSC07591.jpg"},{"@type":"WebPage","@id":"https:\/\/yogajagat.com\/sr\/meditacija-o-meditaciji-kao-stanju-duha\/#webpage","url":"https:\/\/yogajagat.com\/sr\/meditacija-o-meditaciji-kao-stanju-duha\/","name":"Meditation - Sch\u00f6nheit der Ver\u00e4nderung","isPartOf":{"@id":"https:\/\/yogajagat.com\/#website"},"primaryImageOfPage":{"@id":"https:\/\/yogajagat.com\/sr\/meditacija-o-meditaciji-kao-stanju-duha\/#primaryimage"},"datePublished":"2019-03-07T23:06:00+00:00","dateModified":"2021-02-28T12:31:52+00:00","description":"Der Geist ist meistens von einer riesigen Wolke der Unwissenheit bedeckt. Wo ist der Ausgang aus der dunklen Wolke? \u00dcber Meditation.","breadcrumb":{"@id":"https:\/\/yogajagat.com\/sr\/meditacija-o-meditaciji-kao-stanju-duha\/#breadcrumb"},"inLanguage":"de","potentialAction":[{"@type":"ReadAction","target":["https:\/\/yogajagat.com\/sr\/meditacija-o-meditaciji-kao-stanju-duha\/"]}]},{"@type":"BreadcrumbList","@id":"https:\/\/yogajagat.com\/sr\/meditacija-o-meditaciji-kao-stanju-duha\/#breadcrumb","itemListElement":[{"@type":"ListItem","position":1,"name":"Home","item":"https:\/\/yogajagat.com\/sr\/"},{"@type":"ListItem","position":2,"name":"Meditacija. O meditaciji kao stanju duha"}]}]}},"_links":{"self":[{"href":"https:\/\/yogajagat.com\/de\/wp-json\/wp\/v2\/pages\/2493"}],"collection":[{"href":"https:\/\/yogajagat.com\/de\/wp-json\/wp\/v2\/pages"}],"about":[{"href":"https:\/\/yogajagat.com\/de\/wp-json\/wp\/v2\/types\/page"}],"author":[{"embeddable":true,"href":"https:\/\/yogajagat.com\/de\/wp-json\/wp\/v2\/users\/1"}],"replies":[{"embeddable":true,"href":"https:\/\/yogajagat.com\/de\/wp-json\/wp\/v2\/comments?post=2493"}],"version-history":[{"count":18,"href":"https:\/\/yogajagat.com\/de\/wp-json\/wp\/v2\/pages\/2493\/revisions"}],"predecessor-version":[{"id":6040,"href":"https:\/\/yogajagat.com\/de\/wp-json\/wp\/v2\/pages\/2493\/revisions\/6040"}],"wp:attachment":[{"href":"https:\/\/yogajagat.com\/de\/wp-json\/wp\/v2\/media?parent=2493"}],"curies":[{"name":"wp","href":"https:\/\/api.w.org\/{rel}","templated":true}]}}