{"id":2479,"date":"2019-03-07T23:55:52","date_gmt":"2019-03-07T22:55:52","guid":{"rendered":"http:\/\/yogajagat.com\/?page_id=2479"},"modified":"2022-01-27T22:27:02","modified_gmt":"2022-01-27T21:27:02","slug":"withdrawal-of-the-senses-pratyahara","status":"publish","type":"page","link":"https:\/\/yogajagat.com\/de\/zuruckziehen-der-sinne\/","title":{"rendered":"Zur\u00fcckziehen der Sinne"},"content":{"rendered":"[vc_row][vc_column][vc_column_text]\n<h3 style=\"text-align: center;\"><span style=\"color: #993300;\">ZUR\u00dcCKZIEHEN DER SINNE<\/span><\/h3>\n<hr \/>\n<p>&nbsp;<\/p>\n<p>Ist das Zur\u00fcckziehen der Sinne aus der Au\u00dfenwelt m\u00f6glich?<\/p>\n<p>&nbsp;<\/p>\n<p>Ein vollst\u00e4ndiges Bild der Au\u00dfenwelt haben wir dank der Informationen, die von den Organen unserer Sinne gesammelt werden. Unsere Augen sind die gr\u00f6\u00dften \u201eSammler\u201c von Informationen. Sie senden st\u00e4ndig Informationen an unser Gehirn. Ohne das Sehorgan w\u00fcrden wir nicht wissen wie die Welt aussieht.<\/p>\n<p>Unser Geist ist wie ein ungeschicktes, unruhiges Kind, das jederzeit und \u00fcberall sein will. Diese Unruhe geht einher mit einem \u00a0Bed\u00fcrfnis zu sehen, zu riechen, zu ber\u00fchren, zu h\u00f6ren, zu schmecken.<\/p>\n<p>&nbsp;<\/p>\n<p>\u00dcber\u00a0<em>Zur\u00fcckziehen der Sinne\u00a0<\/em>kann man<a href=\"https:\/\/yogajagat.com\/withdrawal-of-the-senses-pratyahara\/\"><span style=\"color: #993300;\"> hier<\/span><\/a> weiter auf\u00a0Englisch\u00a0lesen.<\/p>\n<p>&nbsp;<\/p>\n<p><img loading=\"lazy\" class=\"aligncenter size-full wp-image-5246\" src=\"https:\/\/i2.wp.com\/yogajagat.com\/wp-content\/uploads\/2020\/02\/DSC02693.jpg?resize=640%2C480\" alt=\"zur\u00fcckziehen der sinne withdrawal of the senses\" width=\"640\" height=\"480\" srcset=\"https:\/\/i2.wp.com\/yogajagat.com\/wp-content\/uploads\/2020\/02\/DSC02693.jpg?w=640&amp;ssl=1 640w, https:\/\/i2.wp.com\/yogajagat.com\/wp-content\/uploads\/2020\/02\/DSC02693.jpg?resize=300%2C225&amp;ssl=1 300w\" sizes=\"(max-width: 640px) 100vw, 640px\" data-recalc-dims=\"1\" \/>[\/vc_column_text][\/vc_column][\/vc_row]\n","protected":false},"excerpt":{"rendered":"<p>[vc_row][vc_column][vc_column_text]<br \/>\nZUR\u00dcCKZIEHEN DER SINNE<\/p>\n<p>&nbsp;<br \/>\nIst das Zur\u00fcckziehen der Sinne aus der Au\u00dfenwelt m\u00f6glich?<br \/>\n&nbsp;<br \/>\nEin vollst\u00e4ndiges Bild der Au\u00dfenwelt haben wir dank der Informationen, die von den Organen unserer Sinne gesammelt werden. Unsere Augen sind die gr\u00f6\u00dften \u201eSammler\u201c von Informationen. Sie senden st\u00e4ndig Informationen an unser Gehirn. Ohne das Sehorgan w\u00fcrden wir nicht wissen wie die Welt aussieht.<br \/>\nUnser Geist ist wie ein ungeschicktes, unruhiges Kind, das jederzeit und \u00fcberall sein will. Diese Unruhe geht einher mit einem &#8230;<\/p>\n","protected":false},"author":1,"featured_media":0,"parent":0,"menu_order":0,"comment_status":"closed","ping_status":"closed","template":"template-full-width.php","meta":{"_bbp_topic_count":0,"_bbp_reply_count":0,"_bbp_total_topic_count":0,"_bbp_total_reply_count":0,"_bbp_voice_count":0,"_bbp_anonymous_reply_count":0,"_bbp_topic_count_hidden":0,"_bbp_reply_count_hidden":0,"_bbp_forum_subforum_count":0,"inline_featured_image":false,"spay_email":""},"translation":{"provider":"WPGlobus","version":"3.0.1","language":"de","enabled_languages":["en","de","sr"],"languages":{"en":{"title":true,"content":true,"excerpt":false},"de":{"title":true,"content":true,"excerpt":false},"sr":{"title":true,"content":true,"excerpt":false}}},"yoast_head":"<!-- This site is optimized with the Yoast SEO plugin v18.3 - https:\/\/yoast.com\/wordpress\/plugins\/seo\/ -->\n<title>Zur\u00fcckziehen der Sinne - Sch\u00f6nheit der Ver\u00e4nderung<\/title>\n<meta name=\"description\" content=\"Unser Geist ist wie ein ungeschicktes, unruhiges Kind. Ist das Zur\u00fcckziehen der Sinne m\u00f6glich? Wie praktiziert man Prartyahara?\" \/>\n<meta name=\"robots\" content=\"index, follow, max-snippet:-1, max-image-preview:large, max-video-preview:-1\" \/>\n<link rel=\"canonical\" href=\"https:\/\/yogajagat.com\/withdrawal-of-the-senses-pratyahara\/\" \/>\n<meta name=\"twitter:label1\" content=\"Gesch\u00e4tzte Lesezeit\" \/>\n\t<meta name=\"twitter:data1\" content=\"13\u00a0Minuten\" \/>\n<script type=\"application\/ld+json\" class=\"yoast-schema-graph\">{\"@context\":\"https:\/\/schema.org\",\"@graph\":[{\"@type\":\"Organization\",\"@id\":\"https:\/\/yogajagat.com\/#organization\",\"name\":\"Yogajagat\",\"url\":\"https:\/\/yogajagat.com\/\",\"sameAs\":[],\"logo\":{\"@type\":\"ImageObject\",\"@id\":\"https:\/\/yogajagat.com\/#logo\",\"inLanguage\":\"de\",\"url\":\"https:\/\/i1.wp.com\/yogajagat.com\/wp-content\/uploads\/2019\/03\/DSC08478-Kopie-1.jpg?fit=798%2C800&ssl=1\",\"contentUrl\":\"https:\/\/i1.wp.com\/yogajagat.com\/wp-content\/uploads\/2019\/03\/DSC08478-Kopie-1.jpg?fit=798%2C800&ssl=1\",\"width\":798,\"height\":800,\"caption\":\"Yogajagat\"},\"image\":{\"@id\":\"https:\/\/yogajagat.com\/#logo\"}},{\"@type\":\"WebSite\",\"@id\":\"https:\/\/yogajagat.com\/#website\",\"url\":\"https:\/\/yogajagat.com\/\",\"name\":\"Sch\u00f6nheit der Ver\u00e4nderung\",\"description\":\"Mit st\u00e4ndiger Ver\u00e4nderung zum sch\u00f6nsten Lebenserfahrung\",\"publisher\":{\"@id\":\"https:\/\/yogajagat.com\/#organization\"},\"potentialAction\":[{\"@type\":\"SearchAction\",\"target\":{\"@type\":\"EntryPoint\",\"urlTemplate\":\"https:\/\/yogajagat.com\/?s={search_term_string}\"},\"query-input\":\"required name=search_term_string\"}],\"inLanguage\":\"de\"},{\"@type\":\"ImageObject\",\"@id\":\"https:\/\/yogajagat.com\/withdrawal-of-the-senses-pratyahara\/#primaryimage\",\"inLanguage\":\"de\",\"url\":\"http:\/\/yogajagat.com\/wp-content\/uploads\/2020\/02\/DSC02693.jpg\",\"contentUrl\":\"http:\/\/yogajagat.com\/wp-content\/uploads\/2020\/02\/DSC02693.jpg\"},{\"@type\":\"WebPage\",\"@id\":\"https:\/\/yogajagat.com\/withdrawal-of-the-senses-pratyahara\/#webpage\",\"url\":\"https:\/\/yogajagat.com\/withdrawal-of-the-senses-pratyahara\/\",\"name\":\"Zur\u00fcckziehen der Sinne - Sch\u00f6nheit der Ver\u00e4nderung\",\"isPartOf\":{\"@id\":\"https:\/\/yogajagat.com\/#website\"},\"primaryImageOfPage\":{\"@id\":\"https:\/\/yogajagat.com\/withdrawal-of-the-senses-pratyahara\/#primaryimage\"},\"datePublished\":\"2019-03-07T22:55:52+00:00\",\"dateModified\":\"2022-01-27T21:27:02+00:00\",\"description\":\"The deep withdrawal of the senses from the outside world many people can experience quite naturally and spontaneously. If you've ever had the opportunity...\",\"breadcrumb\":{\"@id\":\"https:\/\/yogajagat.com\/withdrawal-of-the-senses-pratyahara\/#breadcrumb\"},\"inLanguage\":\"de\",\"potentialAction\":[{\"@type\":\"ReadAction\",\"target\":[\"https:\/\/yogajagat.com\/withdrawal-of-the-senses-pratyahara\/\"]}]},{\"@type\":\"BreadcrumbList\",\"@id\":\"https:\/\/yogajagat.com\/withdrawal-of-the-senses-pratyahara\/#breadcrumb\",\"itemListElement\":[{\"@type\":\"ListItem\",\"position\":1,\"name\":\"Home\",\"item\":\"https:\/\/yogajagat.com\/sr\/\"},{\"@type\":\"ListItem\",\"position\":2,\"name\":\"Withdrawal of the Senses, Pratyahara\"}]}]}<\/script>\n<!-- \/ Yoast SEO plugin. -->","yoast_head_json":{"title":"Zur\u00fcckziehen der Sinne - Sch\u00f6nheit der Ver\u00e4nderung","description":"Unser Geist ist wie ein ungeschicktes, unruhiges Kind. Ist das Zur\u00fcckziehen der Sinne m\u00f6glich? Wie praktiziert man Prartyahara?","robots":{"index":"index","follow":"follow","max-snippet":"max-snippet:-1","max-image-preview":"max-image-preview:large","max-video-preview":"max-video-preview:-1"},"canonical":"https:\/\/yogajagat.com\/withdrawal-of-the-senses-pratyahara\/","twitter_misc":{"Gesch\u00e4tzte Lesezeit":"13\u00a0Minuten"},"schema":{"@context":"https:\/\/schema.org","@graph":[{"@type":"Organization","@id":"https:\/\/yogajagat.com\/#organization","name":"Yogajagat","url":"https:\/\/yogajagat.com\/","sameAs":[],"logo":{"@type":"ImageObject","@id":"https:\/\/yogajagat.com\/#logo","inLanguage":"de","url":"https:\/\/i1.wp.com\/yogajagat.com\/wp-content\/uploads\/2019\/03\/DSC08478-Kopie-1.jpg?fit=798%2C800&ssl=1","contentUrl":"https:\/\/i1.wp.com\/yogajagat.com\/wp-content\/uploads\/2019\/03\/DSC08478-Kopie-1.jpg?fit=798%2C800&ssl=1","width":798,"height":800,"caption":"Yogajagat"},"image":{"@id":"https:\/\/yogajagat.com\/#logo"}},{"@type":"WebSite","@id":"https:\/\/yogajagat.com\/#website","url":"https:\/\/yogajagat.com\/","name":"Sch\u00f6nheit der Ver\u00e4nderung","description":"Mit st\u00e4ndiger Ver\u00e4nderung zum sch\u00f6nsten Lebenserfahrung","publisher":{"@id":"https:\/\/yogajagat.com\/#organization"},"potentialAction":[{"@type":"SearchAction","target":{"@type":"EntryPoint","urlTemplate":"https:\/\/yogajagat.com\/?s={search_term_string}"},"query-input":"required name=search_term_string"}],"inLanguage":"de"},{"@type":"ImageObject","@id":"https:\/\/yogajagat.com\/withdrawal-of-the-senses-pratyahara\/#primaryimage","inLanguage":"de","url":"http:\/\/yogajagat.com\/wp-content\/uploads\/2020\/02\/DSC02693.jpg","contentUrl":"http:\/\/yogajagat.com\/wp-content\/uploads\/2020\/02\/DSC02693.jpg"},{"@type":"WebPage","@id":"https:\/\/yogajagat.com\/withdrawal-of-the-senses-pratyahara\/#webpage","url":"https:\/\/yogajagat.com\/withdrawal-of-the-senses-pratyahara\/","name":"Zur\u00fcckziehen der Sinne - Sch\u00f6nheit der Ver\u00e4nderung","isPartOf":{"@id":"https:\/\/yogajagat.com\/#website"},"primaryImageOfPage":{"@id":"https:\/\/yogajagat.com\/withdrawal-of-the-senses-pratyahara\/#primaryimage"},"datePublished":"2019-03-07T22:55:52+00:00","dateModified":"2022-01-27T21:27:02+00:00","description":"The deep withdrawal of the senses from the outside world many people can experience quite naturally and spontaneously. If you've ever had the opportunity...","breadcrumb":{"@id":"https:\/\/yogajagat.com\/withdrawal-of-the-senses-pratyahara\/#breadcrumb"},"inLanguage":"de","potentialAction":[{"@type":"ReadAction","target":["https:\/\/yogajagat.com\/withdrawal-of-the-senses-pratyahara\/"]}]},{"@type":"BreadcrumbList","@id":"https:\/\/yogajagat.com\/withdrawal-of-the-senses-pratyahara\/#breadcrumb","itemListElement":[{"@type":"ListItem","position":1,"name":"Home","item":"https:\/\/yogajagat.com\/sr\/"},{"@type":"ListItem","position":2,"name":"Withdrawal of the Senses, Pratyahara"}]}]}},"_links":{"self":[{"href":"https:\/\/yogajagat.com\/de\/wp-json\/wp\/v2\/pages\/2479"}],"collection":[{"href":"https:\/\/yogajagat.com\/de\/wp-json\/wp\/v2\/pages"}],"about":[{"href":"https:\/\/yogajagat.com\/de\/wp-json\/wp\/v2\/types\/page"}],"author":[{"embeddable":true,"href":"https:\/\/yogajagat.com\/de\/wp-json\/wp\/v2\/users\/1"}],"replies":[{"embeddable":true,"href":"https:\/\/yogajagat.com\/de\/wp-json\/wp\/v2\/comments?post=2479"}],"version-history":[{"count":18,"href":"https:\/\/yogajagat.com\/de\/wp-json\/wp\/v2\/pages\/2479\/revisions"}],"predecessor-version":[{"id":4212,"href":"https:\/\/yogajagat.com\/de\/wp-json\/wp\/v2\/pages\/2479\/revisions\/4212"}],"wp:attachment":[{"href":"https:\/\/yogajagat.com\/de\/wp-json\/wp\/v2\/media?parent=2479"}],"curies":[{"name":"wp","href":"https:\/\/api.w.org\/{rel}","templated":true}]}}