{"id":2254,"date":"2019-03-07T23:22:20","date_gmt":"2019-03-07T22:22:20","guid":{"rendered":"http:\/\/yogajagat.com\/?page_id=2254"},"modified":"2020-05-14T13:01:44","modified_gmt":"2020-05-14T11:01:44","slug":"prana-koshas-five-levels-of-energy-body","status":"publish","type":"page","link":"https:\/\/yogajagat.com\/de\/was-ist-prana\/","title":{"rendered":"Was ist Prana"},"content":{"rendered":"[vc_row][vc_column][vc_column_text]\n<h3 style=\"text-align: center;\"><span style=\"color: #993300;\">WAS IST PRANA?<\/span><\/h3>\n<hr \/>\n<h3 style=\"text-align: center;\"><\/h3>\n<p>Du existierst dank Prana.<\/p>\n<p>Es ist eine Kraft, die jede Blume, jeden Baum, jedes Lebewesen und jede Zelle durchdringt. Wind weht dank Prana, das Meer bewegt sich durch Prana. Ob wach oder schlaffen, weder K\u00f6rper noch Geist k\u00f6nnen ohne Prana funktionieren. Nahrung und Licht tragen Prana ebenfalls.<\/p>\n<p>Das Wort <em>Prana<\/em> bedeutet<em> Kraft in st\u00e4ndiger Bewegung<\/em>.<\/p>\n<p>&nbsp;<\/p>\n<p>\u00dcber\u00a0<em>Was ist Prana? kann man <\/em>\u00a0<a href=\"https:\/\/yogajagat.com\/prana-koshas-five-levels-of-energy-body\/\"><span style=\"color: #993300;\">hier<\/span><\/a>\u00a0auf Englisch weiter lesen.<\/p>\n<p>&nbsp;<\/p>\n<p><img loading=\"lazy\" class=\"aligncenter size-full wp-image-5325\" src=\"https:\/\/i0.wp.com\/yogajagat.com\/wp-content\/uploads\/2020\/02\/DSC03212-1024x768-1.jpg?resize=640%2C480\" alt=\"prana\" width=\"640\" height=\"480\" srcset=\"https:\/\/i0.wp.com\/yogajagat.com\/wp-content\/uploads\/2020\/02\/DSC03212-1024x768-1.jpg?w=640&amp;ssl=1 640w, https:\/\/i0.wp.com\/yogajagat.com\/wp-content\/uploads\/2020\/02\/DSC03212-1024x768-1.jpg?resize=300%2C225&amp;ssl=1 300w\" sizes=\"(max-width: 640px) 100vw, 640px\" data-recalc-dims=\"1\" \/>[\/vc_column_text][\/vc_column][\/vc_row]\n","protected":false},"excerpt":{"rendered":"<p>[vc_row][vc_column][vc_column_text]<br \/>\nWAS IST PRANA?<\/p>\n<p>\nDu existierst dank Prana.<br \/>\nEs ist eine Kraft, die jede Blume, jeden Baum, jedes Lebewesen und jede Zelle durchdringt. Wind weht dank Prana, das Meer bewegt sich durch Prana. Ob wach oder schlaffen, weder K\u00f6rper noch Geist k\u00f6nnen ohne Prana funktionieren. Nahrung und Licht tragen Prana ebenfalls.<br \/>\nDas Wort Prana bedeutet Kraft in st\u00e4ndiger Bewegung.<br \/>\n&nbsp;<br \/>\n\u00dcber\u00a0Was ist Prana? kann man \u00a0hier\u00a0auf Englisch weiter lesen.<br \/>\n&nbsp;<br \/>\n[\/vc_column_text][\/vc_column][\/vc_row]<\/p>\n","protected":false},"author":1,"featured_media":0,"parent":0,"menu_order":0,"comment_status":"closed","ping_status":"closed","template":"template-full-width.php","meta":{"_bbp_topic_count":0,"_bbp_reply_count":0,"_bbp_total_topic_count":0,"_bbp_total_reply_count":0,"_bbp_voice_count":0,"_bbp_anonymous_reply_count":0,"_bbp_topic_count_hidden":0,"_bbp_reply_count_hidden":0,"_bbp_forum_subforum_count":0,"inline_featured_image":false,"spay_email":""},"translation":{"provider":"WPGlobus","version":"3.0.1","language":"de","enabled_languages":["en","de","sr"],"languages":{"en":{"title":true,"content":true,"excerpt":false},"de":{"title":true,"content":true,"excerpt":false},"sr":{"title":true,"content":true,"excerpt":false}}},"yoast_head":"<!-- This site is optimized with the Yoast SEO plugin v18.3 - https:\/\/yoast.com\/wordpress\/plugins\/seo\/ -->\n<title>Was ist Prana - Sch\u00f6nheit der Ver\u00e4nderung<\/title>\n<meta name=\"description\" content=\"Was ist Prana...\" \/>\n<meta name=\"robots\" content=\"index, follow, max-snippet:-1, max-image-preview:large, max-video-preview:-1\" \/>\n<link rel=\"canonical\" href=\"https:\/\/yogajagat.com\/prana-koshas-five-levels-of-energy-body\/\" \/>\n<meta name=\"twitter:label1\" content=\"Gesch\u00e4tzte Lesezeit\" \/>\n\t<meta name=\"twitter:data1\" content=\"8\u00a0Minuten\" \/>\n<script type=\"application\/ld+json\" class=\"yoast-schema-graph\">{\"@context\":\"https:\/\/schema.org\",\"@graph\":[{\"@type\":\"Organization\",\"@id\":\"https:\/\/yogajagat.com\/#organization\",\"name\":\"Yogajagat\",\"url\":\"https:\/\/yogajagat.com\/\",\"sameAs\":[],\"logo\":{\"@type\":\"ImageObject\",\"@id\":\"https:\/\/yogajagat.com\/#logo\",\"inLanguage\":\"de\",\"url\":\"https:\/\/i1.wp.com\/yogajagat.com\/wp-content\/uploads\/2019\/03\/DSC08478-Kopie-1.jpg?fit=798%2C800&ssl=1\",\"contentUrl\":\"https:\/\/i1.wp.com\/yogajagat.com\/wp-content\/uploads\/2019\/03\/DSC08478-Kopie-1.jpg?fit=798%2C800&ssl=1\",\"width\":798,\"height\":800,\"caption\":\"Yogajagat\"},\"image\":{\"@id\":\"https:\/\/yogajagat.com\/#logo\"}},{\"@type\":\"WebSite\",\"@id\":\"https:\/\/yogajagat.com\/#website\",\"url\":\"https:\/\/yogajagat.com\/\",\"name\":\"Sch\u00f6nheit der Ver\u00e4nderung\",\"description\":\"Mit st\u00e4ndiger Ver\u00e4nderung zum sch\u00f6nsten Lebenserfahrung\",\"publisher\":{\"@id\":\"https:\/\/yogajagat.com\/#organization\"},\"potentialAction\":[{\"@type\":\"SearchAction\",\"target\":{\"@type\":\"EntryPoint\",\"urlTemplate\":\"https:\/\/yogajagat.com\/?s={search_term_string}\"},\"query-input\":\"required name=search_term_string\"}],\"inLanguage\":\"de\"},{\"@type\":\"ImageObject\",\"@id\":\"https:\/\/yogajagat.com\/prana-koshas-five-levels-of-energy-body\/#primaryimage\",\"inLanguage\":\"de\",\"url\":\"http:\/\/yogajagat.com\/wp-content\/uploads\/2020\/02\/DSC03212-1024x768-1.jpg\",\"contentUrl\":\"http:\/\/yogajagat.com\/wp-content\/uploads\/2020\/02\/DSC03212-1024x768-1.jpg\"},{\"@type\":\"WebPage\",\"@id\":\"https:\/\/yogajagat.com\/prana-koshas-five-levels-of-energy-body\/#webpage\",\"url\":\"https:\/\/yogajagat.com\/prana-koshas-five-levels-of-energy-body\/\",\"name\":\"Was ist Prana - Sch\u00f6nheit der Ver\u00e4nderung\",\"isPartOf\":{\"@id\":\"https:\/\/yogajagat.com\/#website\"},\"primaryImageOfPage\":{\"@id\":\"https:\/\/yogajagat.com\/prana-koshas-five-levels-of-energy-body\/#primaryimage\"},\"datePublished\":\"2019-03-07T22:22:20+00:00\",\"dateModified\":\"2020-05-14T11:01:44+00:00\",\"description\":\"Was ist Prana...\",\"breadcrumb\":{\"@id\":\"https:\/\/yogajagat.com\/prana-koshas-five-levels-of-energy-body\/#breadcrumb\"},\"inLanguage\":\"de\",\"potentialAction\":[{\"@type\":\"ReadAction\",\"target\":[\"https:\/\/yogajagat.com\/prana-koshas-five-levels-of-energy-body\/\"]}]},{\"@type\":\"BreadcrumbList\",\"@id\":\"https:\/\/yogajagat.com\/prana-koshas-five-levels-of-energy-body\/#breadcrumb\",\"itemListElement\":[{\"@type\":\"ListItem\",\"position\":1,\"name\":\"Home\",\"item\":\"https:\/\/yogajagat.com\/sr\/\"},{\"@type\":\"ListItem\",\"position\":2,\"name\":\"PRANA, WHAT LIFE IS ALL ABOUT\"}]}]}<\/script>\n<!-- \/ Yoast SEO plugin. -->","yoast_head_json":{"title":"Was ist Prana - Sch\u00f6nheit der Ver\u00e4nderung","description":"Was ist Prana...","robots":{"index":"index","follow":"follow","max-snippet":"max-snippet:-1","max-image-preview":"max-image-preview:large","max-video-preview":"max-video-preview:-1"},"canonical":"https:\/\/yogajagat.com\/prana-koshas-five-levels-of-energy-body\/","twitter_misc":{"Gesch\u00e4tzte Lesezeit":"8\u00a0Minuten"},"schema":{"@context":"https:\/\/schema.org","@graph":[{"@type":"Organization","@id":"https:\/\/yogajagat.com\/#organization","name":"Yogajagat","url":"https:\/\/yogajagat.com\/","sameAs":[],"logo":{"@type":"ImageObject","@id":"https:\/\/yogajagat.com\/#logo","inLanguage":"de","url":"https:\/\/i1.wp.com\/yogajagat.com\/wp-content\/uploads\/2019\/03\/DSC08478-Kopie-1.jpg?fit=798%2C800&ssl=1","contentUrl":"https:\/\/i1.wp.com\/yogajagat.com\/wp-content\/uploads\/2019\/03\/DSC08478-Kopie-1.jpg?fit=798%2C800&ssl=1","width":798,"height":800,"caption":"Yogajagat"},"image":{"@id":"https:\/\/yogajagat.com\/#logo"}},{"@type":"WebSite","@id":"https:\/\/yogajagat.com\/#website","url":"https:\/\/yogajagat.com\/","name":"Sch\u00f6nheit der Ver\u00e4nderung","description":"Mit st\u00e4ndiger Ver\u00e4nderung zum sch\u00f6nsten Lebenserfahrung","publisher":{"@id":"https:\/\/yogajagat.com\/#organization"},"potentialAction":[{"@type":"SearchAction","target":{"@type":"EntryPoint","urlTemplate":"https:\/\/yogajagat.com\/?s={search_term_string}"},"query-input":"required name=search_term_string"}],"inLanguage":"de"},{"@type":"ImageObject","@id":"https:\/\/yogajagat.com\/prana-koshas-five-levels-of-energy-body\/#primaryimage","inLanguage":"de","url":"http:\/\/yogajagat.com\/wp-content\/uploads\/2020\/02\/DSC03212-1024x768-1.jpg","contentUrl":"http:\/\/yogajagat.com\/wp-content\/uploads\/2020\/02\/DSC03212-1024x768-1.jpg"},{"@type":"WebPage","@id":"https:\/\/yogajagat.com\/prana-koshas-five-levels-of-energy-body\/#webpage","url":"https:\/\/yogajagat.com\/prana-koshas-five-levels-of-energy-body\/","name":"Was ist Prana - Sch\u00f6nheit der Ver\u00e4nderung","isPartOf":{"@id":"https:\/\/yogajagat.com\/#website"},"primaryImageOfPage":{"@id":"https:\/\/yogajagat.com\/prana-koshas-five-levels-of-energy-body\/#primaryimage"},"datePublished":"2019-03-07T22:22:20+00:00","dateModified":"2020-05-14T11:01:44+00:00","description":"Was ist Prana...","breadcrumb":{"@id":"https:\/\/yogajagat.com\/prana-koshas-five-levels-of-energy-body\/#breadcrumb"},"inLanguage":"de","potentialAction":[{"@type":"ReadAction","target":["https:\/\/yogajagat.com\/prana-koshas-five-levels-of-energy-body\/"]}]},{"@type":"BreadcrumbList","@id":"https:\/\/yogajagat.com\/prana-koshas-five-levels-of-energy-body\/#breadcrumb","itemListElement":[{"@type":"ListItem","position":1,"name":"Home","item":"https:\/\/yogajagat.com\/sr\/"},{"@type":"ListItem","position":2,"name":"PRANA, WHAT LIFE IS ALL ABOUT"}]}]}},"_links":{"self":[{"href":"https:\/\/yogajagat.com\/de\/wp-json\/wp\/v2\/pages\/2254"}],"collection":[{"href":"https:\/\/yogajagat.com\/de\/wp-json\/wp\/v2\/pages"}],"about":[{"href":"https:\/\/yogajagat.com\/de\/wp-json\/wp\/v2\/types\/page"}],"author":[{"embeddable":true,"href":"https:\/\/yogajagat.com\/de\/wp-json\/wp\/v2\/users\/1"}],"replies":[{"embeddable":true,"href":"https:\/\/yogajagat.com\/de\/wp-json\/wp\/v2\/comments?post=2254"}],"version-history":[{"count":23,"href":"https:\/\/yogajagat.com\/de\/wp-json\/wp\/v2\/pages\/2254\/revisions"}],"predecessor-version":[{"id":5870,"href":"https:\/\/yogajagat.com\/de\/wp-json\/wp\/v2\/pages\/2254\/revisions\/5870"}],"wp:attachment":[{"href":"https:\/\/yogajagat.com\/de\/wp-json\/wp\/v2\/media?parent=2254"}],"curies":[{"name":"wp","href":"https:\/\/api.w.org\/{rel}","templated":true}]}}