{"id":2239,"date":"2019-05-14T23:49:15","date_gmt":"2019-05-14T22:49:15","guid":{"rendered":"http:\/\/yogajagat.com\/?page_id=2239"},"modified":"2020-04-16T11:59:56","modified_gmt":"2020-04-16T09:59:56","slug":"changing-old-habits-creating-master-ones","status":"publish","type":"page","link":"https:\/\/yogajagat.com\/de\/schopfung-der-gewohnheiten\/","title":{"rendered":"Sch\u00f6pfung der Gewohnheiten"},"content":{"rendered":"[vc_row][vc_column][vc_column_text]\n<h3 style=\"text-align: center;\"><span style=\"color: #993300;\">Sch\u00f6pfung der Gewohnheiten<\/span><\/h3>\n<hr \/>\n<p>&nbsp;<\/p>\n<p>Die Seite \u00fcber <em>Sch\u00f6pfung der Gewohnheiten<\/em>\u00a0ist zur Zeit in <a href=\"https:\/\/yogajagat.com\/changing-old-habits-creating-master-ones\/\"><span style=\"color: #993300;\">englischer Sprache<\/span> <\/a>verf\u00fcgbar.<\/p>\n<p>&nbsp;<\/p>\n<p>&nbsp;<\/p>\n[\/vc_column_text][\/vc_column][\/vc_row][vc_row][vc_column width=&#8220;1\/2&#8243;][vc_column_text]<img loading=\"lazy\" class=\"size-medium wp-image-3719 alignright\" src=\"https:\/\/i1.wp.com\/yogajagat.com\/wp-content\/uploads\/2019\/07\/SDC12608-Kopie-2-225x300.jpg?resize=225%2C300\" alt=\"Sch\u00f6pfung der Gewohnheiten menjanje navika changing habits\" width=\"225\" height=\"300\" srcset=\"https:\/\/i1.wp.com\/yogajagat.com\/wp-content\/uploads\/2019\/07\/SDC12608-Kopie-2.jpg?resize=225%2C300&amp;ssl=1 225w, https:\/\/i1.wp.com\/yogajagat.com\/wp-content\/uploads\/2019\/07\/SDC12608-Kopie-2.jpg?resize=768%2C1024&amp;ssl=1 768w, https:\/\/i1.wp.com\/yogajagat.com\/wp-content\/uploads\/2019\/07\/SDC12608-Kopie-2.jpg?w=960&amp;ssl=1 960w\" sizes=\"(max-width: 225px) 100vw, 225px\" data-recalc-dims=\"1\" \/>[\/vc_column_text][\/vc_column][vc_column width=&#8220;1\/2&#8243;][vc_column_text]<img loading=\"lazy\" class=\"size-medium wp-image-3718 alignleft\" src=\"https:\/\/i0.wp.com\/yogajagat.com\/wp-content\/uploads\/2019\/07\/SDC12610-Kopie-225x300.jpg?resize=225%2C300\" alt=\"menjanje navika changing habits\" width=\"225\" height=\"300\" srcset=\"https:\/\/i0.wp.com\/yogajagat.com\/wp-content\/uploads\/2019\/07\/SDC12610-Kopie.jpg?resize=225%2C300&amp;ssl=1 225w, https:\/\/i0.wp.com\/yogajagat.com\/wp-content\/uploads\/2019\/07\/SDC12610-Kopie.jpg?resize=768%2C1024&amp;ssl=1 768w, https:\/\/i0.wp.com\/yogajagat.com\/wp-content\/uploads\/2019\/07\/SDC12610-Kopie.jpg?w=960&amp;ssl=1 960w\" sizes=\"(max-width: 225px) 100vw, 225px\" data-recalc-dims=\"1\" \/>[\/vc_column_text][\/vc_column][\/vc_row]\n","protected":false},"excerpt":{"rendered":"<p>[vc_row][vc_column][vc_column_text]<br \/>\nSch\u00f6pfung der Gewohnheiten<\/p>\n<p>&nbsp;<br \/>\nDie Seite \u00fcber Sch\u00f6pfung der Gewohnheiten\u00a0ist zur Zeit in englischer Sprache verf\u00fcgbar.<br \/>\n&nbsp;<br \/>\n&nbsp;<br \/>\n[\/vc_column_text][\/vc_column][\/vc_row][vc_row][vc_column width=&#8220;1\/2&#8243;][vc_column_text][\/vc_column_text][\/vc_column][vc_column width=&#8220;1\/2&#8243;][vc_column_text][\/vc_column_text][\/vc_column][\/vc_row]<\/p>\n","protected":false},"author":1,"featured_media":0,"parent":0,"menu_order":0,"comment_status":"closed","ping_status":"closed","template":"template-full-width.php","meta":{"_bbp_topic_count":0,"_bbp_reply_count":0,"_bbp_total_topic_count":0,"_bbp_total_reply_count":0,"_bbp_voice_count":0,"_bbp_anonymous_reply_count":0,"_bbp_topic_count_hidden":0,"_bbp_reply_count_hidden":0,"_bbp_forum_subforum_count":0,"inline_featured_image":false,"spay_email":""},"translation":{"provider":"WPGlobus","version":"3.0.1","language":"de","enabled_languages":["en","de","sr"],"languages":{"en":{"title":true,"content":true,"excerpt":false},"de":{"title":true,"content":true,"excerpt":false},"sr":{"title":true,"content":true,"excerpt":false}}},"yoast_head":"<!-- This site is optimized with the Yoast SEO plugin v18.3 - https:\/\/yoast.com\/wordpress\/plugins\/seo\/ -->\n<title>Sch\u00f6pfung der Gewohnheiten - Sch\u00f6nheit der Ver\u00e4nderung<\/title>\n<meta name=\"description\" content=\"Sch\u00f6pfung der Gewohnheiten...\" \/>\n<meta name=\"robots\" content=\"index, follow, max-snippet:-1, max-image-preview:large, max-video-preview:-1\" \/>\n<link rel=\"canonical\" href=\"https:\/\/yogajagat.com\/changing-old-habits-creating-master-ones\/\" \/>\n<meta name=\"twitter:label1\" content=\"Gesch\u00e4tzte Lesezeit\" \/>\n\t<meta name=\"twitter:data1\" content=\"10\u00a0Minuten\" \/>\n<script type=\"application\/ld+json\" class=\"yoast-schema-graph\">{\"@context\":\"https:\/\/schema.org\",\"@graph\":[{\"@type\":\"Organization\",\"@id\":\"https:\/\/yogajagat.com\/#organization\",\"name\":\"Yogajagat\",\"url\":\"https:\/\/yogajagat.com\/\",\"sameAs\":[],\"logo\":{\"@type\":\"ImageObject\",\"@id\":\"https:\/\/yogajagat.com\/#logo\",\"inLanguage\":\"de\",\"url\":\"https:\/\/i1.wp.com\/yogajagat.com\/wp-content\/uploads\/2019\/03\/DSC08478-Kopie-1.jpg?fit=798%2C800&ssl=1\",\"contentUrl\":\"https:\/\/i1.wp.com\/yogajagat.com\/wp-content\/uploads\/2019\/03\/DSC08478-Kopie-1.jpg?fit=798%2C800&ssl=1\",\"width\":798,\"height\":800,\"caption\":\"Yogajagat\"},\"image\":{\"@id\":\"https:\/\/yogajagat.com\/#logo\"}},{\"@type\":\"WebSite\",\"@id\":\"https:\/\/yogajagat.com\/#website\",\"url\":\"https:\/\/yogajagat.com\/\",\"name\":\"Sch\u00f6nheit der Ver\u00e4nderung\",\"description\":\"Mit st\u00e4ndiger Ver\u00e4nderung zum sch\u00f6nsten Lebenserfahrung\",\"publisher\":{\"@id\":\"https:\/\/yogajagat.com\/#organization\"},\"potentialAction\":[{\"@type\":\"SearchAction\",\"target\":{\"@type\":\"EntryPoint\",\"urlTemplate\":\"https:\/\/yogajagat.com\/?s={search_term_string}\"},\"query-input\":\"required name=search_term_string\"}],\"inLanguage\":\"de\"},{\"@type\":\"ImageObject\",\"@id\":\"https:\/\/yogajagat.com\/changing-old-habits-creating-master-ones\/#primaryimage\",\"inLanguage\":\"de\",\"url\":\"http:\/\/yogajagat.com\/wp-content\/uploads\/2020\/01\/DSC01584-300x226.jpg\",\"contentUrl\":\"http:\/\/yogajagat.com\/wp-content\/uploads\/2020\/01\/DSC01584-300x226.jpg\"},{\"@type\":\"WebPage\",\"@id\":\"https:\/\/yogajagat.com\/changing-old-habits-creating-master-ones\/#webpage\",\"url\":\"https:\/\/yogajagat.com\/changing-old-habits-creating-master-ones\/\",\"name\":\"Sch\u00f6pfung der Gewohnheiten - Sch\u00f6nheit der Ver\u00e4nderung\",\"isPartOf\":{\"@id\":\"https:\/\/yogajagat.com\/#website\"},\"primaryImageOfPage\":{\"@id\":\"https:\/\/yogajagat.com\/changing-old-habits-creating-master-ones\/#primaryimage\"},\"datePublished\":\"2019-05-14T22:49:15+00:00\",\"dateModified\":\"2020-04-16T09:59:56+00:00\",\"description\":\"Sch\u00f6pfung der Gewohnheiten...\",\"breadcrumb\":{\"@id\":\"https:\/\/yogajagat.com\/changing-old-habits-creating-master-ones\/#breadcrumb\"},\"inLanguage\":\"de\",\"potentialAction\":[{\"@type\":\"ReadAction\",\"target\":[\"https:\/\/yogajagat.com\/changing-old-habits-creating-master-ones\/\"]}]},{\"@type\":\"BreadcrumbList\",\"@id\":\"https:\/\/yogajagat.com\/changing-old-habits-creating-master-ones\/#breadcrumb\",\"itemListElement\":[{\"@type\":\"ListItem\",\"position\":1,\"name\":\"Home\",\"item\":\"https:\/\/yogajagat.com\/sr\/\"},{\"@type\":\"ListItem\",\"position\":2,\"name\":\"CHANGING OLD HABITS, CREATING MASTER ONES\"}]}]}<\/script>\n<!-- \/ Yoast SEO plugin. -->","yoast_head_json":{"title":"Sch\u00f6pfung der Gewohnheiten - Sch\u00f6nheit der Ver\u00e4nderung","description":"Sch\u00f6pfung der Gewohnheiten...","robots":{"index":"index","follow":"follow","max-snippet":"max-snippet:-1","max-image-preview":"max-image-preview:large","max-video-preview":"max-video-preview:-1"},"canonical":"https:\/\/yogajagat.com\/changing-old-habits-creating-master-ones\/","twitter_misc":{"Gesch\u00e4tzte Lesezeit":"10\u00a0Minuten"},"schema":{"@context":"https:\/\/schema.org","@graph":[{"@type":"Organization","@id":"https:\/\/yogajagat.com\/#organization","name":"Yogajagat","url":"https:\/\/yogajagat.com\/","sameAs":[],"logo":{"@type":"ImageObject","@id":"https:\/\/yogajagat.com\/#logo","inLanguage":"de","url":"https:\/\/i1.wp.com\/yogajagat.com\/wp-content\/uploads\/2019\/03\/DSC08478-Kopie-1.jpg?fit=798%2C800&ssl=1","contentUrl":"https:\/\/i1.wp.com\/yogajagat.com\/wp-content\/uploads\/2019\/03\/DSC08478-Kopie-1.jpg?fit=798%2C800&ssl=1","width":798,"height":800,"caption":"Yogajagat"},"image":{"@id":"https:\/\/yogajagat.com\/#logo"}},{"@type":"WebSite","@id":"https:\/\/yogajagat.com\/#website","url":"https:\/\/yogajagat.com\/","name":"Sch\u00f6nheit der Ver\u00e4nderung","description":"Mit st\u00e4ndiger Ver\u00e4nderung zum sch\u00f6nsten Lebenserfahrung","publisher":{"@id":"https:\/\/yogajagat.com\/#organization"},"potentialAction":[{"@type":"SearchAction","target":{"@type":"EntryPoint","urlTemplate":"https:\/\/yogajagat.com\/?s={search_term_string}"},"query-input":"required name=search_term_string"}],"inLanguage":"de"},{"@type":"ImageObject","@id":"https:\/\/yogajagat.com\/changing-old-habits-creating-master-ones\/#primaryimage","inLanguage":"de","url":"http:\/\/yogajagat.com\/wp-content\/uploads\/2020\/01\/DSC01584-300x226.jpg","contentUrl":"http:\/\/yogajagat.com\/wp-content\/uploads\/2020\/01\/DSC01584-300x226.jpg"},{"@type":"WebPage","@id":"https:\/\/yogajagat.com\/changing-old-habits-creating-master-ones\/#webpage","url":"https:\/\/yogajagat.com\/changing-old-habits-creating-master-ones\/","name":"Sch\u00f6pfung der Gewohnheiten - Sch\u00f6nheit der Ver\u00e4nderung","isPartOf":{"@id":"https:\/\/yogajagat.com\/#website"},"primaryImageOfPage":{"@id":"https:\/\/yogajagat.com\/changing-old-habits-creating-master-ones\/#primaryimage"},"datePublished":"2019-05-14T22:49:15+00:00","dateModified":"2020-04-16T09:59:56+00:00","description":"Sch\u00f6pfung der Gewohnheiten...","breadcrumb":{"@id":"https:\/\/yogajagat.com\/changing-old-habits-creating-master-ones\/#breadcrumb"},"inLanguage":"de","potentialAction":[{"@type":"ReadAction","target":["https:\/\/yogajagat.com\/changing-old-habits-creating-master-ones\/"]}]},{"@type":"BreadcrumbList","@id":"https:\/\/yogajagat.com\/changing-old-habits-creating-master-ones\/#breadcrumb","itemListElement":[{"@type":"ListItem","position":1,"name":"Home","item":"https:\/\/yogajagat.com\/sr\/"},{"@type":"ListItem","position":2,"name":"CHANGING OLD HABITS, CREATING MASTER ONES"}]}]}},"_links":{"self":[{"href":"https:\/\/yogajagat.com\/de\/wp-json\/wp\/v2\/pages\/2239"}],"collection":[{"href":"https:\/\/yogajagat.com\/de\/wp-json\/wp\/v2\/pages"}],"about":[{"href":"https:\/\/yogajagat.com\/de\/wp-json\/wp\/v2\/types\/page"}],"author":[{"embeddable":true,"href":"https:\/\/yogajagat.com\/de\/wp-json\/wp\/v2\/users\/1"}],"replies":[{"embeddable":true,"href":"https:\/\/yogajagat.com\/de\/wp-json\/wp\/v2\/comments?post=2239"}],"version-history":[{"count":23,"href":"https:\/\/yogajagat.com\/de\/wp-json\/wp\/v2\/pages\/2239\/revisions"}],"predecessor-version":[{"id":5790,"href":"https:\/\/yogajagat.com\/de\/wp-json\/wp\/v2\/pages\/2239\/revisions\/5790"}],"wp:attachment":[{"href":"https:\/\/yogajagat.com\/de\/wp-json\/wp\/v2\/media?parent=2239"}],"curies":[{"name":"wp","href":"https:\/\/api.w.org\/{rel}","templated":true}]}}