{"id":2235,"date":"2019-05-17T21:29:43","date_gmt":"2019-05-17T20:29:43","guid":{"rendered":"http:\/\/yogajagat.com\/?page_id=2235"},"modified":"2020-06-05T22:55:36","modified_gmt":"2020-06-05T20:55:36","slug":"poverty-and-greed-abundance-and-kings","status":"publish","type":"page","link":"https:\/\/yogajagat.com\/de\/armut-und-gier\/","title":{"rendered":"Armut und Gier"},"content":{"rendered":"[vc_row][vc_column][vc_column_text]\n<h3><\/h3>\n<h3><\/h3>\n<h3 style=\"text-align: center;\"><span style=\"color: #993300;\">ARMUT UND GIER<\/span><\/h3>\n<hr \/>\n<p>&nbsp;<\/p>\n<p>Dies ist ein Text \u00fcber Armut und Gier, ihre doppelten Gesichter, \u00fcber \u00c4ngste, die Wege der Sykophanten und Schmeichlern, s\u00fc\u00dfe Worte, wie man <em>einen Unterschied macht,\u00a0<\/em>und warum und wie man tiefer in die Augen des \u00dcberflusses schauen soll.<\/p>\n[\/vc_column_text][\/vc_column][\/vc_row][vc_row][vc_column][vc_column_text]<img loading=\"lazy\" class=\"aligncenter size-full wp-image-5328\" src=\"https:\/\/i1.wp.com\/yogajagat.com\/wp-content\/uploads\/2020\/02\/DSC06723-768x1024-1.jpg?resize=480%2C640\" alt=\"Armut und Gier\" width=\"480\" height=\"640\" srcset=\"https:\/\/i1.wp.com\/yogajagat.com\/wp-content\/uploads\/2020\/02\/DSC06723-768x1024-1.jpg?w=480&amp;ssl=1 480w, https:\/\/i1.wp.com\/yogajagat.com\/wp-content\/uploads\/2020\/02\/DSC06723-768x1024-1.jpg?resize=225%2C300&amp;ssl=1 225w\" sizes=\"(max-width: 480px) 100vw, 480px\" data-recalc-dims=\"1\" \/>[\/vc_column_text][\/vc_column][\/vc_row][vc_row][vc_column][vc_custom_heading text=&#8220;Der Handelnde versus Gegenstand&#8220; font_container=&#8220;tag:h2|text_align:center|color:%2322b4d8&#8243; google_fonts=&#8220;font_family:Ubuntu%3A300%2C300italic%2Cregular%2Citalic%2C500%2C500italic%2C700%2C700italic|font_style:300%20light%20italic%3A300%3Aitalic&#8220;][\/vc_column][\/vc_row][vc_row][vc_column][vc_column_text]\n<hr \/>\n<p>&nbsp;<\/p>\n<p>Nichts, was unsere Vorfahren vor Millionen von Jahren auszeichnete, fehlt uns heute.<\/p>\n<p>Weder Hy\u00e4nen noch H\u00f6hlenmenschen keiner hat beigebracht gierig zu sein, zu berauben und zu nehmen, was ihnen nicht geh\u00f6rt. Sowohl die Hy\u00e4nen als auch die Neandertaler wussten wie viel sie zum \u00dcberleben brauchten. F\u00fcr mehr als das riskierten sie ihr Leben nicht. Sogar ein Fisch als eine Art des Lebens, die ein viel st\u00e4rker entwickeltes Umweltbewusstsein hat als andere Arten (m\u00f6glicherweise eine extrem entwickelte Intuition), hat nicht zu viel gegessen und sich selbst get\u00f6tet. So ist es mit Tieren und so war es mit Menschen vor 40.000 Jahren.<\/p>\n<p>Interessanterweise aber, so ist es mit dem heutigen Mensch nicht.<\/p>\n<p>Was ist mit dem menschlichen Herzen und dem am weitesten entwickelten Bewusstsein der Erde passiert, um sich von einem anderen trainieren zu lassen? Oder haben wir uns, als menschliche Tiere, dressieren lassen?<\/p>\n<p>Welche gro\u00dfe Trag\u00f6die ist mit dem menschlichen Herzen passiert, dass es nicht einmal sp\u00fcrt, auf welche Evolutionsstufe es zur\u00fcckgegriffen hat? Viele menschliche Herzen f\u00fchlen sich nicht einmal mehr.<\/p>\n<p>Das menschliche Herz und Gehirn genie\u00dfen heute sogar Gier, so abwesend und so von ihrer Natur getrennt.<\/p>\n<p>Gier und Armut k\u00f6nnten nicht ohne einander existieren.<\/p>\n<p>Ob Gier und Habsucht genetisch vererbt sind oder nicht, es ist ein wenig philosophisches und viel mehr ein Thema der Analyse der menschlichen Psyche. Ein Steckling f\u00fcr diese menschlichen Eigenschaften sind sicherlich wiederum die Erziehung (vielleicht die Vererbung), die Lebensbedingungen, die Umwelt, die pers\u00f6nliche Mentalit\u00e4t, die F\u00e4higkeit zur Selbstkontrolle und vor allem die Freisetzung der Energie des Herzens.<\/p>\n<p>Gier auf materieller Ebene (nach Geld, nach Gegenst\u00e4nden), auf emotionaler Ebene (nach Anerkennung in der Gesellschaft, nach Verlangen), auf mentaler und spiritueller Ebene (nach Macht) hat die Welt zur \u00e4u\u00dfersten materiellen, emotionalen, geistigen und spirituellen Disharmonie gef\u00fchrt.<\/p>\n<p>Sogar G\u00f6tter sind gierig und sagen uns immer wieder, dass wir nur sie lieben sollen, uns nur auf sie verlassen und nur ihnen vertrauen sollen.<\/p>\n<p>Es scheint also, dass ein Mann mit all diesen Kombinationen sein Bewusstsein zur\u00fcckgeworfen hat, anstatt sich zu entwickeln. Und menschliches Bewusstsein entwickelt und formt sich, wie alle anderen Ph\u00e4nomene und Formen, st\u00e4ndig weiter unabh\u00e4ngig davon, ob wir es wollen oder nicht. \u00a0Jedoch ist das Halten des menschlichen Bewusstseins und der menschlichen Ressourcen unter Kontrolle kein Produkt eines neuen modernen Menschen. Es ist eine Aktivit\u00e4t, die mit dem ersten menschlichen \u00dcberfluss auftrat, aber das ist das andere Thema.<\/p>\n<p>Was ist der Wert dieses leichtfertigen Verkaufs von G\u00fcte f\u00fcr jene Herzen, die sich dressieren lie\u00dfen, noch mehr zu l\u00fcgen, zu berauben, und noch mehr berauben? Der Mensch ist heute so gut (aber fein und leise) ausgebildet, dass er sich selbst nicht einmal sieht und h\u00f6rt.<\/p>\n<p>Er sieht und h\u00f6rt nur seine Gier und Habsucht.<\/p>\n<p>Viele sind geschmeichelt, viele rutschen.<\/p>\n<p>Sind wirklich schnelle Autos, gro\u00dfe H\u00e4user, teure Ferien, Taschen und Hosen einen so einfachen und schnellen Handel mit Herzen und wunderbaren menschlichen Seelen wert?<\/p>\n<p>Denkt daran, wenn ihr geht, werden sich die Menschen an die Energie euren Taten (und die euren Eltern) erinnern und nicht an die Marke eures Geldbeutels oder Autos.[\/vc_column_text][\/vc_column][\/vc_row][vc_row][vc_column][vc_custom_heading text=&#8220;Haben gegen Nicht-haben&#8220; font_container=&#8220;tag:h2|text_align:center|color:%2322b4d8&#8243; google_fonts=&#8220;font_family:Ubuntu%3A300%2C300italic%2Cregular%2Citalic%2C500%2C500italic%2C700%2C700italic|font_style:300%20light%20italic%3A300%3Aitalic&#8220;][\/vc_column][\/vc_row][vc_row][vc_column][vc_column_text]\n<hr \/>\n<p>&nbsp;<\/p>\n<p>Unser Planet ist voller Menschen. Es ist ein Gastgeber f\u00fcr 7,7 Billionen Menschen mit unterschiedlichen Gewohnheiten, Meinungen, Lebensans\u00e4tzen, Talenten oder Hautfarben.<\/p>\n<p>Aber um am Leben zu bleiben, braucht jeder Mensch auf der Erde die gleiche Menge Wasser, Nahrung, warme Kleidung und ein Dach \u00fcber dem Kopf. Dies ist es, ohne das ein Mensch nicht \u00fcberleben kann.<\/p>\n<p>Nicht-haben wird allgemein als Armut bezeichnet.<\/p>\n<p>Diese Erfahrung ist meinen Landm\u00e4nnern jedoch wohl bekannt. Ob wir alle an der Ecke der Erde geboren sind, der es so gegeben wurde, haben wir es so verdient, haben wir uns diese anhaltende Armut erlaubt (ich spreche nat\u00fcrlich \u00fcber die Mehrheit der Bev\u00f6lkerung des gesamten Erdst\u00fccks von Vardar bis Triglav), ob hinter diesem kleinen St\u00fcck Erde eine gro\u00dfe mystische Kraft steht sei es die Kraft der Natur, des Universums oder der Bankers, wird durch unsere pers\u00f6nliche Philosophie, pers\u00f6nliche Denk- und Glaubensf\u00e4higkeit, pers\u00f6nliche Kreativit\u00e4t, Intuition und pers\u00f6nliche Einsicht eines jeden von uns bestimmt.<\/p>\n<p>Im Westen haben die Menschen jedoch mehr Probleme mit \u00dcbergewicht als mit Mangel an Nahrung.<\/p>\n<p>Die meisten Menschen in Afrika leben in v\u00f6lliger Armut ohne Wasser.<\/p>\n<p>Im Westen besitzt fast jeder Einzelne hundertmal mehr als er braucht.<\/p>\n<p>Auf der Erde haben 2,3 Milliarden Menschen nicht die grundlegendsten Lebensbedingungen.<\/p>\n<p>Ein einzelner B\u00fcrger Westeuropas hat hundertmal mehr als ein Mensch mit derselben Ausbildung und demselben Job in Osteuropa. Europa ist ein kleiner Raum, die Grenzen sind sehr nahe beieinander, sowohl die sichtbare als auch die unsichtbare Grenzen.<\/p>\n<p>Gl\u00fccklicherweise ist Armut in vielen Westeurop\u00e4ischen L\u00e4ndern immer noch nur ein Thema f\u00fcr das Philosophieren mit Freunden. Gl\u00fccklicherweise haben viele Menschen in Westeuropa und anderen reichen L\u00e4ndern nur eine &#8222;Meinung&#8220; dar\u00fcber was Armut ist (oder was es sein k\u00f6nnte) und keine wirkliche Erfahrung dar\u00fcber.<\/p>\n<p>Die Beziehung haben-nicht haben ist auf der Erde aus dem Gleichgewicht geraten. Gier und Armut waren noch nie so hoch und schneller als heute.<\/p>\n<p>Wer f\u00fcr dieses unglaubliche Ungleichgewicht auf der Erde oder in einem einzelnen Land verantwortlich ist, ist eine Frage der Politik, der Ethik und der Moral der Menschheit. Es herrscht ein gro\u00dfes Chaos, von der Moral und Ethik jedes Einzelnen bis zur Gesundheit des Versandes der Politiker.<\/p>\n<p>Dieses Ungleichgewicht h\u00e4lt jedoch mit der Entwicklung der Technologie Schritt. So wollten wir, so w\u00e4hlen wir. Und so lassen wir es sein.<\/p>\n<p>Vergisst auch nicht, dass die &#8222;Gl\u00fcckspille&#8220; im reichsten Land der Welt erfunden und zuerst von den Bewohnern dieses Landes konsumiert wurde.<\/p>\n<p>Als jemand, den das Leben \u00a0in verschiedene Lebensbereiche gef\u00fchrt und gebracht hat(te), konnte ich viel \u00fcber Armut und \u00dcberfluss schreiben und sprechen oder \u00fcber Spiele, die Gier und Armut spielen k\u00f6nnen, aber auf dieser Seite werde ich jedoch beim Thema bleiben, wie man ausgeglichen bleiben kann trotz Provokation des \u00dcberflusses. Auf dieser gesamten Website geht es genau darum, wie man in allen Lebensbereichen ausgeglichen bleiben kann.[\/vc_column_text][\/vc_column][\/vc_row][vc_row][vc_column][vc_custom_heading text=&#8220;Sowohl Armut als auch \u00dcberfluss haben doppelte Gesichter&#8220; font_container=&#8220;tag:h2|text_align:center|color:%2322b4d8&#8243; google_fonts=&#8220;font_family:Ubuntu%3A300%2C300italic%2Cregular%2Citalic%2C500%2C500italic%2C700%2C700italic|font_style:300%20light%20italic%3A300%3Aitalic&#8220;][\/vc_column][\/vc_row][vc_row][vc_column][vc_column_text]\n<hr \/>\n<p>&nbsp;<\/p>\n<p>&#8222;Ich war arm, jetzt habe ich und jetzt werde ich es zeigen.&#8220;<\/p>\n<p>Und so verlor er seinen Sinn f\u00fcr genug.<\/p>\n<p>Alles, was Tag f\u00fcr Tag subjektiv war, wird objektiv. Und Objekte sind, wie jede unserer Seelen zutiefst wei\u00df, weder eine Quelle des Gl\u00fccks und der Ruhe noch ein Sinn des Lebens.<\/p>\n<p>Der Mensch \u00fcberl\u00e4sst seinen ernsthaftesten Lehrer und gr\u00f6\u00dften Guru (<em>Guru<\/em> &#8211; F\u00fchrer, Lehrer, einer, der die Dunkelheit des Wissens zerst\u00f6rt) einem oberfl\u00e4chlichen, halbgierigen, leeren Snobismus. So wie ein selbstbesessener reicher Mensch, dessen Herz v\u00f6llig von Gegenst\u00e4nden und Besitz besessen ist, nicht sehen kann, was f\u00fcr ein Dummkopf er ist, kann es auch ein Snob nicht sehen.<\/p>\n<p>Es ist nichts Falsches daran, gut gelegen zu sein, aber die meisten Menschen, die arm waren und reich geworden sind, verlieren sich sehr schnell in ihrer neuen Haut. Nur wenigen wird es trotz \u00dcberflusses gelingen, Kopf und Herz frei zu halten. Und denkt daran, \u00dcberfluss ist in der Tat alles, was wir nicht brauchen um zu \u00fcberleben. Die meisten H\u00e4user im Westen sind mit Dingen gef\u00fcllt, die niemand wirklich braucht.<\/p>\n<p>Was f\u00fcr die ausgebildeten Vermarkter von heute eine Realit\u00e4t ist, ist f\u00fcr den Rest der Welt keine Realit\u00e4t.<\/p>\n<p>Eine Trag\u00f6die, die der Entwicklung des menschlichen Bewusstseins passiert ist, ist, dass <em>Macht<\/em> heute f\u00fcr die meisten <em>Geld<\/em> bedeutet.<\/p>\n<p>Es ist wahr.<\/p>\n<p>So wie Licht nur dort auftritt, wo es Dunkelheit gibt, hat auch die Trag\u00f6die in unserer Evolution ein eigenes Paar, das die Gl\u00fcckseligkeit des Herzens ist. Die Entfaltung und Transformation des Bewusstseins entfaltet und transformiert das Herz.<\/p>\n<p>Evolution ist nichts anderes als die Transformation und Ver\u00e4nderung von Formen und ihren Potentialen.<\/p>\n<p>Ihr habt zwei Pole in und um sich herum, ihr seid der Wagenlenker, der dritte und der Entscheidender.<\/p>\n<p>Jeder Tag und jede Nacht steht jedem zur Verf\u00fcgung.<\/p>\n<p>Es liegt an den Menschen, aufzuwachen und das Gesicht zweier M\u00fcnzen zu verwandeln.<\/p>\n<p>Dem entwickelten Herzen, das dem Geist Klarheit bringt, kann niemand Liebe und Gelassenheit verkaufen. Ein solcher Mensch ist Liebe allein.<\/p>\n<h4 style=\"text-align: center;\"><span style=\"color: #993300;\">\u00c4NGSTE<\/span><\/h4>\n<hr \/>\n<p>&nbsp;<\/p>\n<p>Jede Manipulation ist ein Echo der Angst.<\/p>\n<p>Angst wird zu Aggression (durch Worte und Taten). Aggressivit\u00e4t ist ein Merkmal eines niedrig entwickelten Bewusstseins.<\/p>\n<p>Es gibt auch eine sogenannte positive Angst, eine Urerbe. Es ist eine gute Angst und notwendig zum \u00dcberleben. Manipulation ist kein reiner \u00dcberlebensinstinkt, sondern ein Minderwertigkeitskomplex, eine Folge spiritueller Schw\u00e4che und geringer Leidenschaften. Fische und Hy\u00e4nen haben keinen Minderwertigkeitskomplex, nicht wahr?<\/p>\n<p>Nat\u00fcrlich gibt es auch eine positive Gier, die sich von einer selbstzerst\u00f6rerischen unterscheidet und f\u00fcr pers\u00f6nliche, positive Kreativit\u00e4t sehr produktiv ist.<br \/>\nDie Frage ist, ob und wann ein kleiner oder gro\u00dfer Mensch reifen und die Grenze zwischen positiver Kreativit\u00e4t (und Leben ohne Kreativit\u00e4t ist ein totes Leben) und dem selbstzerst\u00f6rerischen erkennen, und das Ruder der Selbstverwirklichung auf die richtigen Koordinaten richten wird. Ein \u201ekleiner Mensch\u201c, der seine Armut in Weisheit verwandelt, ein \u201egro\u00dfer Mensch\u201c, der seine F\u00fclle- in Weisheit verwandelt.<\/p>\n<p>Wie in jeder Tat und jeder Bewegung des Menschen wird alles reflektiert und auf die gesamte Menschheit ausgedehnt. So ist es mit Armut und Gier.<\/p>\n[\/vc_column_text][\/vc_column][\/vc_row][vc_row][vc_column][vc_custom_heading text=&#8220;S\u00fc\u00dfe Worte&#8220; font_container=&#8220;tag:h2|text_align:center|color:%2322b4d8&#8243; google_fonts=&#8220;font_family:Ubuntu%3A300%2C300italic%2Cregular%2Citalic%2C500%2C500italic%2C700%2C700italic|font_style:300%20light%20italic%3A300%3Aitalic&#8220;][\/vc_column][\/vc_row][vc_row][vc_column][vc_column_text]\n<hr \/>\n<p>&nbsp;<\/p>\n<p>Die heutigen Weltf\u00fchrer sind intelligente Menschen, die zwar ein sehr niedriges Energieniveau an Herz und G\u00fcte haben, aber einen entwickelten Intellekt haben, die Schw\u00e4chen der anderen zu erkennen und zu manipulieren.<\/p>\n<p><img loading=\"lazy\" class=\"size-medium wp-image-5322 alignright\" src=\"https:\/\/i0.wp.com\/yogajagat.com\/wp-content\/uploads\/2020\/02\/IMG_7628-1024x768-1-300x225.jpg?resize=300%2C225\" alt=\"Armut\" width=\"300\" height=\"225\" srcset=\"https:\/\/i0.wp.com\/yogajagat.com\/wp-content\/uploads\/2020\/02\/IMG_7628-1024x768-1.jpg?resize=300%2C225&amp;ssl=1 300w, https:\/\/i0.wp.com\/yogajagat.com\/wp-content\/uploads\/2020\/02\/IMG_7628-1024x768-1.jpg?w=640&amp;ssl=1 640w\" sizes=\"(max-width: 300px) 100vw, 300px\" data-recalc-dims=\"1\" \/><\/p>\n<p>&nbsp;<\/p>\n<p>Die Wege der Sykophanten sind wie die Wege aller Parasiten rutschigen, nebligen Sackgassen, die nur in den Schlamm f\u00fchren. Also, zum unvermeidlichen Spott und Zynismus der Umgebung.<br \/>\nDie Gesellschaft kann gegen\u00fcber den Sykophanten sehr gestreng sein, obwohl der Geist ein sehr korruptes Ph\u00e4nomen ist.<\/p>\n<p>Die gr\u00f6\u00dften Weisen sind Menschen, die ein einfaches Leben f\u00fchren, ohne den Wunsch zu besitzen, zu manipulieren und zu berauben.<\/p>\n<p>Man sollte einfach gut \u00fcberlegen, bevor man auf s\u00fc\u00dfe Worte und steinerne Gesichter reagiert.[\/vc_column_text][\/vc_column][\/vc_row][vc_row][vc_column][vc_custom_heading text=&#8220;Nach indischen alten Schriften &#8230;&#8220; font_container=&#8220;tag:h2|text_align:center|color:%2322b4d8&#8243; google_fonts=&#8220;font_family:Ubuntu%3A300%2C300italic%2Cregular%2Citalic%2C500%2C500italic%2C700%2C700italic|font_style:300%20light%20italic%3A300%3Aitalic&#8220;][\/vc_column][\/vc_row][vc_row][vc_column][vc_column_text]\n<hr \/>\n<p>&nbsp;<\/p>\n<p>\u2026 Diese Art von Moral oder<em> Dharma<\/em> ist als <span style=\"color: #800080;\">Apiragraha<\/span> bekannt und Menschen mit transformiertem Bewusstsein werden <em>Rajas<\/em>, die K\u00f6nige (<em>Raja Yoga<\/em>, der <a href=\"https:\/\/yogajagat.com\/de\/weg-des-denkens-der-vernunft-der-einsicht\/\"><span style=\"color: #993300;\">Yoga der K\u00f6nige<\/span><\/a>) genannt. Ein Raja wei\u00df, was Armut, Gier und Nicht-Begierde sind. Er kann auf einer d\u00fcnnen Decke direkt auf harte Erde schlafen, weil sein Bewusstsein f\u00fcr die wahren Eigenschaften des menschlichen Geistes und seine Verbindung zu kosmischen Energien auf einem sehr hohen, transformierten Niveau liegt.[\/vc_column_text][\/vc_column][\/vc_row][vc_row][vc_column][vc_cta h2=&#8220;Yoga Sutra 2.39:&#8220; color=&#8220;turquoise&#8220;]Wenn ein Mann unersch\u00fctterlich auf Gier verzichtet, gewinnt er Kenntnis von seiner Vergangenheit, Gegenwart und Zukunft.[\/vc_cta][\/vc_column][\/vc_row][vc_row][vc_column][vc_column_text]Apiragraha ist eine alte Weisheit, die wir heute mehr denn je brauchen. Es geht darum, s\u00fc\u00dfe Worte und (meistens) leere Versprechen nicht r\u00fccksichtslos anzunehmen, da diese Dinge uns zu noch gr\u00f6\u00dferen Versklavungen und h\u00e4rteren Entt\u00e4uschungen f\u00fchren.<\/p>\n<p>Versucht eure Ziele durch harte Arbeit und Aufrichtigkeit zu erreichen, l\u00e4sst das schmeichelnde Leben und das Leben der Erwartungen los. Es ist eine harte Arbeit, aber es bringt unermesslichen Frieden in den Geist und Gelassenheit im Herzen.<\/p>\n<p>Es gibt ein sch\u00f6nes serbisches Sprichwort, es hei\u00dft:<\/p>\n<p>\u201eWer mehr will, verliert, was schon im Sack ist.\u201c<\/p>\n<p>Sie m\u00fcssen wissen, wor\u00fcber sie einmal gesprochen haben.[\/vc_column_text][\/vc_column][\/vc_row]\n","protected":false},"excerpt":{"rendered":"<p>[vc_row][vc_column][vc_column_text]<\/p>\n<p>\nARMUT UND GIER<\/p>\n<p>&nbsp;<br \/>\nDies ist ein Text \u00fcber Armut und Gier, ihre doppelten Gesichter, \u00fcber \u00c4ngste, die Wege der Sykophanten und Schmeichlern, s\u00fc\u00dfe Worte, wie man einen Unterschied macht,\u00a0und warum und wie man tiefer in die Augen des \u00dcberflusses schauen soll.<br \/>\n[\/vc_column_text][\/vc_column][\/vc_row][vc_row][vc_column][vc_column_text][\/vc_column_text][\/vc_column][\/vc_row][vc_row][vc_column][vc_custom_heading text=&#8220;Der Handelnde versus Gegenstand&#8220; font_container=&#8220;tag:h2|text_align:center|color:%2322b4d8&#8243; google_fonts=&#8220;font_family:Ubuntu%3A300%2C300italic%2Cregular%2Citalic%2C500%2C500italic%2C700%2C700italic|font_style:300%20light%20italic%3A300%3Aitalic&#8220;][\/vc_column][\/vc_row][vc_row][vc_column][vc_column_text]<\/p>\n<p>&nbsp;<br \/>\nNichts, was unsere Vorfahren vor Millionen von Jahren auszeichnete, fehlt uns heute.<br \/>\nWeder Hy\u00e4nen noch H\u00f6hlenmenschen keiner hat beigebracht gierig zu sein, zu berauben und &#8230;<\/p>\n","protected":false},"author":1,"featured_media":0,"parent":0,"menu_order":0,"comment_status":"closed","ping_status":"closed","template":"template-full-width.php","meta":{"_bbp_topic_count":0,"_bbp_reply_count":0,"_bbp_total_topic_count":0,"_bbp_total_reply_count":0,"_bbp_voice_count":0,"_bbp_anonymous_reply_count":0,"_bbp_topic_count_hidden":0,"_bbp_reply_count_hidden":0,"_bbp_forum_subforum_count":0,"inline_featured_image":false,"spay_email":""},"translation":{"provider":"WPGlobus","version":"3.0.1","language":"de","enabled_languages":["en","de","sr"],"languages":{"en":{"title":true,"content":true,"excerpt":false},"de":{"title":true,"content":true,"excerpt":false},"sr":{"title":true,"content":true,"excerpt":false}}},"yoast_head":"<!-- This site is optimized with the Yoast SEO plugin v18.3 - https:\/\/yoast.com\/wordpress\/plugins\/seo\/ -->\n<title>Armut und Gier - Sch\u00f6nheit der Ver\u00e4nderung<\/title>\n<meta name=\"description\" content=\"\u00dcber Armut und Gier, ihre doppelten Gesichter, \u00c4ngste, die Wege der Sykophanten und Schmeichlern, s\u00fc\u00dfe Worte. Warum man tiefer in die Augen des \u00dcberflusses schauen soll.\" \/>\n<meta name=\"robots\" content=\"index, follow, max-snippet:-1, max-image-preview:large, max-video-preview:-1\" \/>\n<link rel=\"canonical\" href=\"https:\/\/yogajagat.com\/poverty-and-greed-abundance-and-kings\/\" \/>\n<meta name=\"twitter:label1\" content=\"Gesch\u00e4tzte Lesezeit\" \/>\n\t<meta name=\"twitter:data1\" content=\"34\u00a0Minuten\" \/>\n<script type=\"application\/ld+json\" class=\"yoast-schema-graph\">{\"@context\":\"https:\/\/schema.org\",\"@graph\":[{\"@type\":\"Organization\",\"@id\":\"https:\/\/yogajagat.com\/#organization\",\"name\":\"Yogajagat\",\"url\":\"https:\/\/yogajagat.com\/\",\"sameAs\":[],\"logo\":{\"@type\":\"ImageObject\",\"@id\":\"https:\/\/yogajagat.com\/#logo\",\"inLanguage\":\"de\",\"url\":\"https:\/\/i1.wp.com\/yogajagat.com\/wp-content\/uploads\/2019\/03\/DSC08478-Kopie-1.jpg?fit=798%2C800&ssl=1\",\"contentUrl\":\"https:\/\/i1.wp.com\/yogajagat.com\/wp-content\/uploads\/2019\/03\/DSC08478-Kopie-1.jpg?fit=798%2C800&ssl=1\",\"width\":798,\"height\":800,\"caption\":\"Yogajagat\"},\"image\":{\"@id\":\"https:\/\/yogajagat.com\/#logo\"}},{\"@type\":\"WebSite\",\"@id\":\"https:\/\/yogajagat.com\/#website\",\"url\":\"https:\/\/yogajagat.com\/\",\"name\":\"Sch\u00f6nheit der Ver\u00e4nderung\",\"description\":\"Mit st\u00e4ndiger Ver\u00e4nderung zum sch\u00f6nsten Lebenserfahrung\",\"publisher\":{\"@id\":\"https:\/\/yogajagat.com\/#organization\"},\"potentialAction\":[{\"@type\":\"SearchAction\",\"target\":{\"@type\":\"EntryPoint\",\"urlTemplate\":\"https:\/\/yogajagat.com\/?s={search_term_string}\"},\"query-input\":\"required name=search_term_string\"}],\"inLanguage\":\"de\"},{\"@type\":\"ImageObject\",\"@id\":\"https:\/\/yogajagat.com\/poverty-and-greed-abundance-and-kings\/#primaryimage\",\"inLanguage\":\"de\",\"url\":\"http:\/\/yogajagat.com\/wp-content\/uploads\/2020\/02\/DSC09131-1024x768-1.jpg\",\"contentUrl\":\"http:\/\/yogajagat.com\/wp-content\/uploads\/2020\/02\/DSC09131-1024x768-1.jpg\"},{\"@type\":\"WebPage\",\"@id\":\"https:\/\/yogajagat.com\/poverty-and-greed-abundance-and-kings\/#webpage\",\"url\":\"https:\/\/yogajagat.com\/poverty-and-greed-abundance-and-kings\/\",\"name\":\"Armut und Gier - Sch\u00f6nheit der Ver\u00e4nderung\",\"isPartOf\":{\"@id\":\"https:\/\/yogajagat.com\/#website\"},\"primaryImageOfPage\":{\"@id\":\"https:\/\/yogajagat.com\/poverty-and-greed-abundance-and-kings\/#primaryimage\"},\"datePublished\":\"2019-05-17T20:29:43+00:00\",\"dateModified\":\"2020-06-05T20:55:36+00:00\",\"description\":\"\u00dcber Armut und Gier, ihre doppelten Gesichter, \u00c4ngste, die Wege der Sykophanten und Schmeichlern, s\u00fc\u00dfe Worte. Warum man tiefer in die Augen des \u00dcberflusses schauen soll.\",\"breadcrumb\":{\"@id\":\"https:\/\/yogajagat.com\/poverty-and-greed-abundance-and-kings\/#breadcrumb\"},\"inLanguage\":\"de\",\"potentialAction\":[{\"@type\":\"ReadAction\",\"target\":[\"https:\/\/yogajagat.com\/poverty-and-greed-abundance-and-kings\/\"]}]},{\"@type\":\"BreadcrumbList\",\"@id\":\"https:\/\/yogajagat.com\/poverty-and-greed-abundance-and-kings\/#breadcrumb\",\"itemListElement\":[{\"@type\":\"ListItem\",\"position\":1,\"name\":\"Home\",\"item\":\"https:\/\/yogajagat.com\/sr\/\"},{\"@type\":\"ListItem\",\"position\":2,\"name\":\"Poverty and Greed, Abundance and Kings\"}]}]}<\/script>\n<!-- \/ Yoast SEO plugin. -->","yoast_head_json":{"title":"Armut und Gier - Sch\u00f6nheit der Ver\u00e4nderung","description":"\u00dcber Armut und Gier, ihre doppelten Gesichter, \u00c4ngste, die Wege der Sykophanten und Schmeichlern, s\u00fc\u00dfe Worte. Warum man tiefer in die Augen des \u00dcberflusses schauen soll.","robots":{"index":"index","follow":"follow","max-snippet":"max-snippet:-1","max-image-preview":"max-image-preview:large","max-video-preview":"max-video-preview:-1"},"canonical":"https:\/\/yogajagat.com\/poverty-and-greed-abundance-and-kings\/","twitter_misc":{"Gesch\u00e4tzte Lesezeit":"34\u00a0Minuten"},"schema":{"@context":"https:\/\/schema.org","@graph":[{"@type":"Organization","@id":"https:\/\/yogajagat.com\/#organization","name":"Yogajagat","url":"https:\/\/yogajagat.com\/","sameAs":[],"logo":{"@type":"ImageObject","@id":"https:\/\/yogajagat.com\/#logo","inLanguage":"de","url":"https:\/\/i1.wp.com\/yogajagat.com\/wp-content\/uploads\/2019\/03\/DSC08478-Kopie-1.jpg?fit=798%2C800&ssl=1","contentUrl":"https:\/\/i1.wp.com\/yogajagat.com\/wp-content\/uploads\/2019\/03\/DSC08478-Kopie-1.jpg?fit=798%2C800&ssl=1","width":798,"height":800,"caption":"Yogajagat"},"image":{"@id":"https:\/\/yogajagat.com\/#logo"}},{"@type":"WebSite","@id":"https:\/\/yogajagat.com\/#website","url":"https:\/\/yogajagat.com\/","name":"Sch\u00f6nheit der Ver\u00e4nderung","description":"Mit st\u00e4ndiger Ver\u00e4nderung zum sch\u00f6nsten Lebenserfahrung","publisher":{"@id":"https:\/\/yogajagat.com\/#organization"},"potentialAction":[{"@type":"SearchAction","target":{"@type":"EntryPoint","urlTemplate":"https:\/\/yogajagat.com\/?s={search_term_string}"},"query-input":"required name=search_term_string"}],"inLanguage":"de"},{"@type":"ImageObject","@id":"https:\/\/yogajagat.com\/poverty-and-greed-abundance-and-kings\/#primaryimage","inLanguage":"de","url":"http:\/\/yogajagat.com\/wp-content\/uploads\/2020\/02\/DSC09131-1024x768-1.jpg","contentUrl":"http:\/\/yogajagat.com\/wp-content\/uploads\/2020\/02\/DSC09131-1024x768-1.jpg"},{"@type":"WebPage","@id":"https:\/\/yogajagat.com\/poverty-and-greed-abundance-and-kings\/#webpage","url":"https:\/\/yogajagat.com\/poverty-and-greed-abundance-and-kings\/","name":"Armut und Gier - Sch\u00f6nheit der Ver\u00e4nderung","isPartOf":{"@id":"https:\/\/yogajagat.com\/#website"},"primaryImageOfPage":{"@id":"https:\/\/yogajagat.com\/poverty-and-greed-abundance-and-kings\/#primaryimage"},"datePublished":"2019-05-17T20:29:43+00:00","dateModified":"2020-06-05T20:55:36+00:00","description":"\u00dcber Armut und Gier, ihre doppelten Gesichter, \u00c4ngste, die Wege der Sykophanten und Schmeichlern, s\u00fc\u00dfe Worte. Warum man tiefer in die Augen des \u00dcberflusses schauen soll.","breadcrumb":{"@id":"https:\/\/yogajagat.com\/poverty-and-greed-abundance-and-kings\/#breadcrumb"},"inLanguage":"de","potentialAction":[{"@type":"ReadAction","target":["https:\/\/yogajagat.com\/poverty-and-greed-abundance-and-kings\/"]}]},{"@type":"BreadcrumbList","@id":"https:\/\/yogajagat.com\/poverty-and-greed-abundance-and-kings\/#breadcrumb","itemListElement":[{"@type":"ListItem","position":1,"name":"Home","item":"https:\/\/yogajagat.com\/sr\/"},{"@type":"ListItem","position":2,"name":"Poverty and Greed, Abundance and Kings"}]}]}},"_links":{"self":[{"href":"https:\/\/yogajagat.com\/de\/wp-json\/wp\/v2\/pages\/2235"}],"collection":[{"href":"https:\/\/yogajagat.com\/de\/wp-json\/wp\/v2\/pages"}],"about":[{"href":"https:\/\/yogajagat.com\/de\/wp-json\/wp\/v2\/types\/page"}],"author":[{"embeddable":true,"href":"https:\/\/yogajagat.com\/de\/wp-json\/wp\/v2\/users\/1"}],"replies":[{"embeddable":true,"href":"https:\/\/yogajagat.com\/de\/wp-json\/wp\/v2\/comments?post=2235"}],"version-history":[{"count":24,"href":"https:\/\/yogajagat.com\/de\/wp-json\/wp\/v2\/pages\/2235\/revisions"}],"predecessor-version":[{"id":5895,"href":"https:\/\/yogajagat.com\/de\/wp-json\/wp\/v2\/pages\/2235\/revisions\/5895"}],"wp:attachment":[{"href":"https:\/\/yogajagat.com\/de\/wp-json\/wp\/v2\/media?parent=2235"}],"curies":[{"name":"wp","href":"https:\/\/api.w.org\/{rel}","templated":true}]}}