{"id":2229,"date":"2019-04-11T19:43:05","date_gmt":"2019-04-11T18:43:05","guid":{"rendered":"http:\/\/yogajagat.com\/?page_id=2229"},"modified":"2022-01-27T22:49:14","modified_gmt":"2022-01-27T21:49:14","slug":"nonviolence-how-to-overcome-violence","status":"publish","type":"page","link":"https:\/\/yogajagat.com\/de\/gewaltlosigkeit-nur-ein-wort-oder-eine-mogliche-tat\/","title":{"rendered":"Gewaltlosigkeit, nur ein Wort oder eine m\u00f6gliche Tat?"},"content":{"rendered":"[vc_row][vc_column][vc_custom_heading text=&#8220;Menschen, Moral und Gewaltlosigkeit&#8220; font_container=&#8220;tag:h2|text_align:center|color:%231d9bc1&#8243; google_fonts=&#8220;font_family:Ubuntu%3A300%2C300italic%2Cregular%2Citalic%2C500%2C500italic%2C700%2C700italic|font_style:300%20light%20italic%3A300%3Aitalic&#8220;][\/vc_column][\/vc_row][vc_row][vc_column][vc_cta h2=&#8220;&#8220; txt_align=&#8220;center&#8220;]\n<p style=\"text-align: center;\"><span style=\"color: #993300;\">\u201eNeminem laede; imo omnes, quantum potes, juva.\u201c<\/span><\/p>\n<p style=\"text-align: center;\"><span style=\"color: #993300;\">\u201eVerletze niemanden, vielmehr hilf allen, soweit du kannst. Dieser ist und bleibt der wahre reine Inhalt aller Moral.\u201c<\/span><\/p>\n<p style=\"text-align: center;\"><span style=\"color: #993300;\">\u2013 Arthur Schopenhauer<\/span><\/p>\n[\/vc_cta][\/vc_column][\/vc_row][vc_row][vc_column][vc_column_text]\n<h3><\/h3>\n<h3 style=\"text-align: center;\"><\/h3>\n<h3 style=\"text-align: center;\"><span style=\"color: #993300;\">Warum ist Gewaltfreiheit den Menschen so fremd?<\/span><\/h3>\n<hr \/>\n<p>&nbsp;<\/p>\n<p>\u00dcber\u00a0<em>Gewaltlosigkeit \u00a0<\/em>kann man\u00a0<a href=\"https:\/\/yogajagat.com\/nonviolence-how-to-overcome-violence\/\"><span style=\"color: #993300;\">here<\/span><\/a> weiter auf\u00a0Englisch\u00a0lesen.<\/p>\n<p>&nbsp;<\/p>\n<p><img loading=\"lazy\" class=\"aligncenter size-full wp-image-5063\" src=\"https:\/\/i0.wp.com\/yogajagat.com\/wp-content\/uploads\/2020\/02\/DSC07081-768x1024-1.jpg?resize=480%2C640\" alt=\"\" width=\"480\" height=\"640\" srcset=\"https:\/\/i0.wp.com\/yogajagat.com\/wp-content\/uploads\/2020\/02\/DSC07081-768x1024-1.jpg?w=480&amp;ssl=1 480w, https:\/\/i0.wp.com\/yogajagat.com\/wp-content\/uploads\/2020\/02\/DSC07081-768x1024-1.jpg?resize=225%2C300&amp;ssl=1 225w\" sizes=\"(max-width: 480px) 100vw, 480px\" data-recalc-dims=\"1\" \/><\/p>\n<p>&nbsp;<\/p>\n<p>&nbsp;<\/p>\n<p>&nbsp;<\/p>\n[\/vc_column_text][\/vc_column][\/vc_row]\n","protected":false},"excerpt":{"rendered":"<p>[vc_row][vc_column][vc_custom_heading text=&#8220;Menschen, Moral und Gewaltlosigkeit&#8220; font_container=&#8220;tag:h2|text_align:center|color:%231d9bc1&#8243; google_fonts=&#8220;font_family:Ubuntu%3A300%2C300italic%2Cregular%2Citalic%2C500%2C500italic%2C700%2C700italic|font_style:300%20light%20italic%3A300%3Aitalic&#8220;][\/vc_column][\/vc_row][vc_row][vc_column][vc_cta h2=&#8220;&#8220; txt_align=&#8220;center&#8220;]<br \/>\n\u201eNeminem laede; imo omnes, quantum potes, juva.\u201c<br \/>\n\u201eVerletze niemanden, vielmehr hilf allen, soweit du kannst. Dieser ist und bleibt der wahre reine Inhalt aller Moral.\u201c<br \/>\n\u2013 Arthur Schopenhauer<br \/>\n[\/vc_cta][\/vc_column][\/vc_row][vc_row][vc_column][vc_column_text]<\/p>\n<p>\nWarum ist Gewaltfreiheit den Menschen so fremd?<\/p>\n<p>&nbsp;<br \/>\n\u00dcber\u00a0Gewaltlosigkeit \u00a0kann man\u00a0here weiter auf\u00a0Englisch\u00a0lesen.<br \/>\n&nbsp;<\/p>\n<p>&nbsp;<br \/>\n&nbsp;<br \/>\n&nbsp;<br \/>\n[\/vc_column_text][\/vc_column][\/vc_row]<\/p>\n","protected":false},"author":1,"featured_media":4298,"parent":0,"menu_order":0,"comment_status":"closed","ping_status":"closed","template":"template-full-width.php","meta":{"_bbp_topic_count":0,"_bbp_reply_count":0,"_bbp_total_topic_count":0,"_bbp_total_reply_count":0,"_bbp_voice_count":0,"_bbp_anonymous_reply_count":0,"_bbp_topic_count_hidden":0,"_bbp_reply_count_hidden":0,"_bbp_forum_subforum_count":0,"inline_featured_image":false,"spay_email":""},"translation":{"provider":"WPGlobus","version":"3.0.1","language":"de","enabled_languages":["en","de","sr"],"languages":{"en":{"title":true,"content":true,"excerpt":false},"de":{"title":true,"content":true,"excerpt":false},"sr":{"title":true,"content":true,"excerpt":false}}},"yoast_head":"<!-- This site is optimized with the Yoast SEO plugin v18.3 - https:\/\/yoast.com\/wordpress\/plugins\/seo\/ -->\n<title>Gewaltlosigkeit, nur ein Wort oder eine m\u00f6gliche Tat? - Sch\u00f6nheit der Ver\u00e4nderung<\/title>\n<meta name=\"description\" content=\"Wie kann man Gewaltlosigkeit lernen...\" \/>\n<meta name=\"robots\" content=\"index, follow, max-snippet:-1, max-image-preview:large, max-video-preview:-1\" \/>\n<link rel=\"canonical\" href=\"https:\/\/yogajagat.com\/nonviolence-how-to-overcome-violence\/\" \/>\n<meta name=\"twitter:label1\" content=\"Gesch\u00e4tzte Lesezeit\" \/>\n\t<meta name=\"twitter:data1\" content=\"18\u00a0Minuten\" \/>\n<script type=\"application\/ld+json\" class=\"yoast-schema-graph\">{\"@context\":\"https:\/\/schema.org\",\"@graph\":[{\"@type\":\"Organization\",\"@id\":\"https:\/\/yogajagat.com\/#organization\",\"name\":\"Yogajagat\",\"url\":\"https:\/\/yogajagat.com\/\",\"sameAs\":[],\"logo\":{\"@type\":\"ImageObject\",\"@id\":\"https:\/\/yogajagat.com\/#logo\",\"inLanguage\":\"de\",\"url\":\"https:\/\/i1.wp.com\/yogajagat.com\/wp-content\/uploads\/2019\/03\/DSC08478-Kopie-1.jpg?fit=798%2C800&ssl=1\",\"contentUrl\":\"https:\/\/i1.wp.com\/yogajagat.com\/wp-content\/uploads\/2019\/03\/DSC08478-Kopie-1.jpg?fit=798%2C800&ssl=1\",\"width\":798,\"height\":800,\"caption\":\"Yogajagat\"},\"image\":{\"@id\":\"https:\/\/yogajagat.com\/#logo\"}},{\"@type\":\"WebSite\",\"@id\":\"https:\/\/yogajagat.com\/#website\",\"url\":\"https:\/\/yogajagat.com\/\",\"name\":\"Sch\u00f6nheit der Ver\u00e4nderung\",\"description\":\"Mit st\u00e4ndiger Ver\u00e4nderung zum sch\u00f6nsten Lebenserfahrung\",\"publisher\":{\"@id\":\"https:\/\/yogajagat.com\/#organization\"},\"potentialAction\":[{\"@type\":\"SearchAction\",\"target\":{\"@type\":\"EntryPoint\",\"urlTemplate\":\"https:\/\/yogajagat.com\/?s={search_term_string}\"},\"query-input\":\"required name=search_term_string\"}],\"inLanguage\":\"de\"},{\"@type\":\"ImageObject\",\"@id\":\"https:\/\/yogajagat.com\/nonviolence-how-to-overcome-violence\/#primaryimage\",\"inLanguage\":\"de\",\"url\":\"https:\/\/i2.wp.com\/yogajagat.com\/wp-content\/uploads\/2020\/01\/DSC01603.jpg?fit=320%2C240&ssl=1\",\"contentUrl\":\"https:\/\/i2.wp.com\/yogajagat.com\/wp-content\/uploads\/2020\/01\/DSC01603.jpg?fit=320%2C240&ssl=1\",\"width\":320,\"height\":240,\"caption\":\"nenasilje nonviolence violence\"},{\"@type\":\"WebPage\",\"@id\":\"https:\/\/yogajagat.com\/nonviolence-how-to-overcome-violence\/#webpage\",\"url\":\"https:\/\/yogajagat.com\/nonviolence-how-to-overcome-violence\/\",\"name\":\"Gewaltlosigkeit, nur ein Wort oder eine m\u00f6gliche Tat? - Sch\u00f6nheit der Ver\u00e4nderung\",\"isPartOf\":{\"@id\":\"https:\/\/yogajagat.com\/#website\"},\"primaryImageOfPage\":{\"@id\":\"https:\/\/yogajagat.com\/nonviolence-how-to-overcome-violence\/#primaryimage\"},\"datePublished\":\"2019-04-11T18:43:05+00:00\",\"dateModified\":\"2022-01-27T21:49:14+00:00\",\"description\":\"\u201eNeminem laede; imo omnes, quantum potes, juva.\u201c Nonviolence is something that can be ovrecome. How Yoga practice can increase nonviolence? Yoga Sutra 2.35\",\"breadcrumb\":{\"@id\":\"https:\/\/yogajagat.com\/nonviolence-how-to-overcome-violence\/#breadcrumb\"},\"inLanguage\":\"de\",\"potentialAction\":[{\"@type\":\"ReadAction\",\"target\":[\"https:\/\/yogajagat.com\/nonviolence-how-to-overcome-violence\/\"]}]},{\"@type\":\"BreadcrumbList\",\"@id\":\"https:\/\/yogajagat.com\/nonviolence-how-to-overcome-violence\/#breadcrumb\",\"itemListElement\":[{\"@type\":\"ListItem\",\"position\":1,\"name\":\"Home\",\"item\":\"https:\/\/yogajagat.com\/sr\/\"},{\"@type\":\"ListItem\",\"position\":2,\"name\":\"Nonviolence, How to Overcome Violence\"}]}]}<\/script>\n<!-- \/ Yoast SEO plugin. -->","yoast_head_json":{"title":"Gewaltlosigkeit, nur ein Wort oder eine m\u00f6gliche Tat? - Sch\u00f6nheit der Ver\u00e4nderung","description":"Wie kann man Gewaltlosigkeit lernen...","robots":{"index":"index","follow":"follow","max-snippet":"max-snippet:-1","max-image-preview":"max-image-preview:large","max-video-preview":"max-video-preview:-1"},"canonical":"https:\/\/yogajagat.com\/nonviolence-how-to-overcome-violence\/","twitter_misc":{"Gesch\u00e4tzte Lesezeit":"18\u00a0Minuten"},"schema":{"@context":"https:\/\/schema.org","@graph":[{"@type":"Organization","@id":"https:\/\/yogajagat.com\/#organization","name":"Yogajagat","url":"https:\/\/yogajagat.com\/","sameAs":[],"logo":{"@type":"ImageObject","@id":"https:\/\/yogajagat.com\/#logo","inLanguage":"de","url":"https:\/\/i1.wp.com\/yogajagat.com\/wp-content\/uploads\/2019\/03\/DSC08478-Kopie-1.jpg?fit=798%2C800&ssl=1","contentUrl":"https:\/\/i1.wp.com\/yogajagat.com\/wp-content\/uploads\/2019\/03\/DSC08478-Kopie-1.jpg?fit=798%2C800&ssl=1","width":798,"height":800,"caption":"Yogajagat"},"image":{"@id":"https:\/\/yogajagat.com\/#logo"}},{"@type":"WebSite","@id":"https:\/\/yogajagat.com\/#website","url":"https:\/\/yogajagat.com\/","name":"Sch\u00f6nheit der Ver\u00e4nderung","description":"Mit st\u00e4ndiger Ver\u00e4nderung zum sch\u00f6nsten Lebenserfahrung","publisher":{"@id":"https:\/\/yogajagat.com\/#organization"},"potentialAction":[{"@type":"SearchAction","target":{"@type":"EntryPoint","urlTemplate":"https:\/\/yogajagat.com\/?s={search_term_string}"},"query-input":"required name=search_term_string"}],"inLanguage":"de"},{"@type":"ImageObject","@id":"https:\/\/yogajagat.com\/nonviolence-how-to-overcome-violence\/#primaryimage","inLanguage":"de","url":"https:\/\/i2.wp.com\/yogajagat.com\/wp-content\/uploads\/2020\/01\/DSC01603.jpg?fit=320%2C240&ssl=1","contentUrl":"https:\/\/i2.wp.com\/yogajagat.com\/wp-content\/uploads\/2020\/01\/DSC01603.jpg?fit=320%2C240&ssl=1","width":320,"height":240,"caption":"nenasilje nonviolence violence"},{"@type":"WebPage","@id":"https:\/\/yogajagat.com\/nonviolence-how-to-overcome-violence\/#webpage","url":"https:\/\/yogajagat.com\/nonviolence-how-to-overcome-violence\/","name":"Gewaltlosigkeit, nur ein Wort oder eine m\u00f6gliche Tat? - Sch\u00f6nheit der Ver\u00e4nderung","isPartOf":{"@id":"https:\/\/yogajagat.com\/#website"},"primaryImageOfPage":{"@id":"https:\/\/yogajagat.com\/nonviolence-how-to-overcome-violence\/#primaryimage"},"datePublished":"2019-04-11T18:43:05+00:00","dateModified":"2022-01-27T21:49:14+00:00","description":"\u201eNeminem laede; imo omnes, quantum potes, juva.\u201c Nonviolence is something that can be ovrecome. How Yoga practice can increase nonviolence? Yoga Sutra 2.35","breadcrumb":{"@id":"https:\/\/yogajagat.com\/nonviolence-how-to-overcome-violence\/#breadcrumb"},"inLanguage":"de","potentialAction":[{"@type":"ReadAction","target":["https:\/\/yogajagat.com\/nonviolence-how-to-overcome-violence\/"]}]},{"@type":"BreadcrumbList","@id":"https:\/\/yogajagat.com\/nonviolence-how-to-overcome-violence\/#breadcrumb","itemListElement":[{"@type":"ListItem","position":1,"name":"Home","item":"https:\/\/yogajagat.com\/sr\/"},{"@type":"ListItem","position":2,"name":"Nonviolence, How to Overcome Violence"}]}]}},"_links":{"self":[{"href":"https:\/\/yogajagat.com\/de\/wp-json\/wp\/v2\/pages\/2229"}],"collection":[{"href":"https:\/\/yogajagat.com\/de\/wp-json\/wp\/v2\/pages"}],"about":[{"href":"https:\/\/yogajagat.com\/de\/wp-json\/wp\/v2\/types\/page"}],"author":[{"embeddable":true,"href":"https:\/\/yogajagat.com\/de\/wp-json\/wp\/v2\/users\/1"}],"replies":[{"embeddable":true,"href":"https:\/\/yogajagat.com\/de\/wp-json\/wp\/v2\/comments?post=2229"}],"version-history":[{"count":31,"href":"https:\/\/yogajagat.com\/de\/wp-json\/wp\/v2\/pages\/2229\/revisions"}],"predecessor-version":[{"id":5882,"href":"https:\/\/yogajagat.com\/de\/wp-json\/wp\/v2\/pages\/2229\/revisions\/5882"}],"wp:featuredmedia":[{"embeddable":true,"href":"https:\/\/yogajagat.com\/de\/wp-json\/wp\/v2\/media\/4298"}],"wp:attachment":[{"href":"https:\/\/yogajagat.com\/de\/wp-json\/wp\/v2\/media?parent=2229"}],"curies":[{"name":"wp","href":"https:\/\/api.w.org\/{rel}","templated":true}]}}