{"id":2223,"date":"2019-04-11T16:49:03","date_gmt":"2019-04-11T15:49:03","guid":{"rendered":"http:\/\/yogajagat.com\/?page_id=2223"},"modified":"2021-06-14T13:07:23","modified_gmt":"2021-06-14T11:07:23","slug":"steps-of-the-life-journey-step-by-step-to-inner-peace","status":"publish","type":"page","link":"https:\/\/yogajagat.com\/de\/schritt-fur-schritt-zum-inneren-frieden\/","title":{"rendered":"Schritt f\u00fcr Schritt zum inneren Frieden"},"content":{"rendered":"[vc_row][vc_column][vc_column_text]\n<h3 style=\"text-align: center;\"><span style=\"color: #993300;\">SCHRITT F\u00dcR SCHRITT ZUM INNEREN FRIEDEN<\/span><\/h3>\n<hr \/>\n<p>&nbsp;<\/p>\n<p>Abk\u00fcrzungen? Oder Schritt f\u00fcr Schritt zum inneren Frieden?<\/p>\n<p>&nbsp;<\/p>\n<p>Jeder, der jemals Abk\u00fcrzungen im Leben verwendet hat, wei\u00df wie rutschig sie sein k\u00f6nnen.<\/p>\n<p>Nun, wenn ich euch sage, dass es edlere Wege gibt und nicht nur rutschige Abk\u00fcrzungen, aber dass man etwas an sich selbst \u00e4ndern soll, euer Geist wird noch einmal wiederholen: \u201eIch m\u00f6chte nichts \u00e4ndern. Andere sollten sich \u00e4ndern. &#8220;<\/p>\n<p>Okay, die folgenden Seiten reden \u00fcber andere.<\/p>\n<p>Wenn ihr euch in einer oder die anderer Geschichte wiedererkennt, sind diese L\u00f6sungen m\u00f6glicherweise nicht so schlecht f\u00fcr euch.<\/p>\n<p>Nichts ist unm\u00f6glich.[\/vc_column_text][\/vc_column][\/vc_row][vc_row][vc_column][vc_column_text]\n<div id=\"attachment_4948\" style=\"width: 310px\" class=\"wp-caption aligncenter\"><img aria-describedby=\"caption-attachment-4948\" loading=\"lazy\" class=\"wp-image-4948 size-medium\" src=\"https:\/\/i0.wp.com\/yogajagat.com\/wp-content\/uploads\/2020\/01\/the-little-prince-best-quotes-cover-800x469-1024x575-1-300x168.jpg?resize=300%2C168\" alt=\"korak po korak life journey schritt f\u00fcr schritt\" width=\"300\" height=\"168\" srcset=\"https:\/\/i1.wp.com\/yogajagat.com\/wp-content\/uploads\/2020\/01\/the-little-prince-best-quotes-cover-800x469-1024x575-1.jpg?resize=300%2C168&amp;ssl=1 300w, https:\/\/i1.wp.com\/yogajagat.com\/wp-content\/uploads\/2020\/01\/the-little-prince-best-quotes-cover-800x469-1024x575-1.jpg?resize=768%2C431&amp;ssl=1 768w, https:\/\/i1.wp.com\/yogajagat.com\/wp-content\/uploads\/2020\/01\/the-little-prince-best-quotes-cover-800x469-1024x575-1.jpg?w=800&amp;ssl=1 800w\" sizes=\"(max-width: 300px) 100vw, 300px\" data-recalc-dims=\"1\" \/><p id=\"caption-attachment-4948\" class=\"wp-caption-text\">Source: Internet<\/p><\/div>\n[\/vc_column_text][\/vc_column][\/vc_row][vc_row][vc_column][vc_cta h2=&#8220;&#8220;]\n<p style=\"text-align: center;\"><span style=\"color: #993300;\">&#8222;Probleme kann man niemals mit derselben Denkweise l\u00f6sen, durch die sie entstanden sind.&#8220;<\/span><\/p>\n<p style=\"text-align: center;\"><span style=\"color: #993300;\">&#8211; Albert Einstein<\/span><\/p>\n[\/vc_cta][\/vc_column][\/vc_row][vc_row][vc_column][vc_custom_heading text=&#8220;Auf dem Weg&#8220; font_container=&#8220;tag:h2|text_align:center|color:%231d98b7&#8243; google_fonts=&#8220;font_family:Ubuntu%3A300%2C300italic%2Cregular%2Citalic%2C500%2C500italic%2C700%2C700italic|font_style:300%20light%20italic%3A300%3Aitalic&#8220;][\/vc_column][\/vc_row][vc_row][vc_column][vc_column_text]\n<hr \/>\n<p>&nbsp;<\/p>\n<p>Nichts ist still. Alles flie\u00dft in Verbindung. Und alles hat seine Schritte.<\/p>\n<p>Jeder lebende Mensch geht und l\u00e4uft.<\/p>\n<p>Unabh\u00e4ngig davon welche pers\u00f6nliche Philosophie wir w\u00e4hlen oder gew\u00e4hlt haben, wird das Leben jeden von uns genau dahin bringen, wo wir sein sollen.<\/p>\n<p>Jetzt wird der rebellische menschliche Geist sagen:<\/p>\n<p><em>&#8222;Es ist nicht fair. Ich habe es nicht verdient.&#8220;<\/em><\/p>\n<p><em>&#8222;Warum ich?&#8220;<\/em><\/p>\n<p><em>&#8222;Es ist nicht meine Schuld. Er hat es gemacht. &#8222;<\/em><\/p>\n<p>&nbsp;<\/p>\n<p>Das ist die Vorstellung, die du \u00fcber dich selbst hast.<\/p>\n<p>Abe, die Natur ist nicht immer das, was ihr denkt, das sie ist. Dinge au\u00dferhalb euren Kopfes sehen anders aus. Der Natur ist es egal, was Mensch ist und wovon er denkt. Die Natur, die nicht nur liebevolle Bl\u00e4tter ist sondern alles, was oben, unten und in der Mitte lebt, hat ihre eigene Natur und ihre Gesetze. Und sie l\u00e4sst niemanden zur\u00fcck. Nicht einmal eineiige Zwillinge. Zwei eineiige Zwillinge holten ihren ersten Atemzug in die Lunge zur gleichen Stunde, aber nicht zur gleichen Minute. Obendrein, zwei Zwillingsbr\u00fcder werden zwei verschiedene Frauen heiraten und das Schicksalsbuch hat seine Titelseite aufgeschrieben.<\/p>\n<p>Egal ob man allein geboren ist oder nicht, es ist wichtig, die Leiter jetzt zu besteigen und den Kopf jetzt zu leeren, um ihn mit neuen Werten zu f\u00fcllen, und den Geist jetzt zu beruhigen, um das Herz jetzt mit dem gr\u00f6\u00dften Schatz zu f\u00fcllen.[\/vc_column_text][\/vc_column][\/vc_row][vc_row][vc_column][vc_custom_heading text=&#8220;Stufenweise&#8220; font_container=&#8220;tag:h2|text_align:center|color:%231d98b7&#8243; google_fonts=&#8220;font_family:Ubuntu%3A300%2C300italic%2Cregular%2Citalic%2C500%2C500italic%2C700%2C700italic|font_style:300%20light%20italic%3A300%3Aitalic&#8220;][\/vc_column][\/vc_row][vc_row][vc_column][vc_column_text]\n<hr \/>\n<p>&nbsp;<\/p>\n<p>Die vielen Seiten dieser Buch-Webseite erz\u00e4hlen von den Schritten, die jeder einzelne Mensch geht.<\/p>\n<p>Sie sprechen dar\u00fcber, wie ein Mensch die noblen Eigenschaften eines Wessen erwerben kann, w\u00e4hrend das Wessen noch lebt, \u00fcber alle Arten von Gesundheit, wie man die Traurigkeit beseitigen kann. Diese Seiten geben Ratschl\u00e4ge zum Denken und \u00dcben, sprechen \u00fcber verschiedene Lebenswege, die alle unterschiedlich zu sein scheinen .<\/p>\n<p>Das ist wahr. Die Wege sind unterschiedlich aber der innere Frieden, die stille Zufriedenheit und ein gelassenes Herz sind immer derselbe Frieden, die selbe Zufriedenheit und die selbe Ruhe.[\/vc_column_text][\/vc_column][\/vc_row]\n","protected":false},"excerpt":{"rendered":"<p>[vc_row][vc_column][vc_column_text]<br \/>\nSCHRITT F\u00dcR SCHRITT ZUM INNEREN FRIEDEN<\/p>\n<p>&nbsp;<br \/>\nAbk\u00fcrzungen? Oder Schritt f\u00fcr Schritt zum inneren Frieden?<br \/>\n&nbsp;<br \/>\nJeder, der jemals Abk\u00fcrzungen im Leben verwendet hat, wei\u00df wie rutschig sie sein k\u00f6nnen.<br \/>\nNun, wenn ich euch sage, dass es edlere Wege gibt und nicht nur rutschige Abk\u00fcrzungen, aber dass man etwas an sich selbst \u00e4ndern soll, euer Geist wird noch einmal wiederholen: \u201eIch m\u00f6chte nichts \u00e4ndern. Andere sollten sich \u00e4ndern. &#8220;<br \/>\nOkay, die folgenden Seiten reden \u00fcber andere.<br \/>\nWenn ihr &#8230;<\/p>\n","protected":false},"author":1,"featured_media":0,"parent":0,"menu_order":0,"comment_status":"closed","ping_status":"closed","template":"template-full-width.php","meta":{"_bbp_topic_count":0,"_bbp_reply_count":0,"_bbp_total_topic_count":0,"_bbp_total_reply_count":0,"_bbp_voice_count":0,"_bbp_anonymous_reply_count":0,"_bbp_topic_count_hidden":0,"_bbp_reply_count_hidden":0,"_bbp_forum_subforum_count":0,"inline_featured_image":false,"spay_email":""},"translation":{"provider":"WPGlobus","version":"3.0.1","language":"de","enabled_languages":["en","de","sr"],"languages":{"en":{"title":true,"content":true,"excerpt":false},"de":{"title":true,"content":true,"excerpt":false},"sr":{"title":true,"content":true,"excerpt":false}}},"yoast_head":"<!-- This site is optimized with the Yoast SEO plugin v18.3 - https:\/\/yoast.com\/wordpress\/plugins\/seo\/ -->\n<title>Schritt f\u00fcr Schritt zum inneren Frieden - Sch\u00f6nheit der Ver\u00e4nderung<\/title>\n<meta name=\"description\" content=\"Schritt f\u00fcr Schritt zum inneren Frieden. Wie ein Mensch die noblen Eigenschaften erwerben kann, Arten von Gesundheit, Traurigkeit beseitigen...\" \/>\n<meta name=\"robots\" content=\"index, follow, max-snippet:-1, max-image-preview:large, max-video-preview:-1\" \/>\n<link rel=\"canonical\" href=\"https:\/\/yogajagat.com\/steps-of-the-life-journey-step-by-step-to-inner-peace\/\" \/>\n<meta name=\"twitter:label1\" content=\"Gesch\u00e4tzte Lesezeit\" \/>\n\t<meta name=\"twitter:data1\" content=\"3\u00a0Minuten\" \/>\n<script type=\"application\/ld+json\" class=\"yoast-schema-graph\">{\"@context\":\"https:\/\/schema.org\",\"@graph\":[{\"@type\":\"Organization\",\"@id\":\"https:\/\/yogajagat.com\/#organization\",\"name\":\"Yogajagat\",\"url\":\"https:\/\/yogajagat.com\/\",\"sameAs\":[],\"logo\":{\"@type\":\"ImageObject\",\"@id\":\"https:\/\/yogajagat.com\/#logo\",\"inLanguage\":\"de\",\"url\":\"https:\/\/i1.wp.com\/yogajagat.com\/wp-content\/uploads\/2019\/03\/DSC08478-Kopie-1.jpg?fit=798%2C800&ssl=1\",\"contentUrl\":\"https:\/\/i1.wp.com\/yogajagat.com\/wp-content\/uploads\/2019\/03\/DSC08478-Kopie-1.jpg?fit=798%2C800&ssl=1\",\"width\":798,\"height\":800,\"caption\":\"Yogajagat\"},\"image\":{\"@id\":\"https:\/\/yogajagat.com\/#logo\"}},{\"@type\":\"WebSite\",\"@id\":\"https:\/\/yogajagat.com\/#website\",\"url\":\"https:\/\/yogajagat.com\/\",\"name\":\"Sch\u00f6nheit der Ver\u00e4nderung\",\"description\":\"Mit st\u00e4ndiger Ver\u00e4nderung zum sch\u00f6nsten Lebenserfahrung\",\"publisher\":{\"@id\":\"https:\/\/yogajagat.com\/#organization\"},\"potentialAction\":[{\"@type\":\"SearchAction\",\"target\":{\"@type\":\"EntryPoint\",\"urlTemplate\":\"https:\/\/yogajagat.com\/?s={search_term_string}\"},\"query-input\":\"required name=search_term_string\"}],\"inLanguage\":\"de\"},{\"@type\":\"ImageObject\",\"@id\":\"https:\/\/yogajagat.com\/steps-of-the-life-journey-step-by-step-to-inner-peace\/#primaryimage\",\"inLanguage\":\"de\",\"url\":\"http:\/\/yogajagat.com\/wp-content\/uploads\/2020\/01\/the-little-prince-best-quotes-cover-800x469-1024x575-1.jpg\",\"contentUrl\":\"http:\/\/yogajagat.com\/wp-content\/uploads\/2020\/01\/the-little-prince-best-quotes-cover-800x469-1024x575-1.jpg\"},{\"@type\":\"WebPage\",\"@id\":\"https:\/\/yogajagat.com\/steps-of-the-life-journey-step-by-step-to-inner-peace\/#webpage\",\"url\":\"https:\/\/yogajagat.com\/steps-of-the-life-journey-step-by-step-to-inner-peace\/\",\"name\":\"Schritt f\u00fcr Schritt zum inneren Frieden - Sch\u00f6nheit der Ver\u00e4nderung\",\"isPartOf\":{\"@id\":\"https:\/\/yogajagat.com\/#website\"},\"primaryImageOfPage\":{\"@id\":\"https:\/\/yogajagat.com\/steps-of-the-life-journey-step-by-step-to-inner-peace\/#primaryimage\"},\"datePublished\":\"2019-04-11T15:49:03+00:00\",\"dateModified\":\"2021-06-14T11:07:23+00:00\",\"description\":\"Schritt f\u00fcr Schritt zum inneren Frieden. Wie ein Mensch die noblen Eigenschaften erwerben kann, Arten von Gesundheit, Traurigkeit beseitigen...\",\"breadcrumb\":{\"@id\":\"https:\/\/yogajagat.com\/steps-of-the-life-journey-step-by-step-to-inner-peace\/#breadcrumb\"},\"inLanguage\":\"de\",\"potentialAction\":[{\"@type\":\"ReadAction\",\"target\":[\"https:\/\/yogajagat.com\/steps-of-the-life-journey-step-by-step-to-inner-peace\/\"]}]},{\"@type\":\"BreadcrumbList\",\"@id\":\"https:\/\/yogajagat.com\/steps-of-the-life-journey-step-by-step-to-inner-peace\/#breadcrumb\",\"itemListElement\":[{\"@type\":\"ListItem\",\"position\":1,\"name\":\"Home\",\"item\":\"https:\/\/yogajagat.com\/sr\/\"},{\"@type\":\"ListItem\",\"position\":2,\"name\":\"Steps of the Life Journey. Step by Step to Inner Peace\"}]}]}<\/script>\n<!-- \/ Yoast SEO plugin. -->","yoast_head_json":{"title":"Schritt f\u00fcr Schritt zum inneren Frieden - Sch\u00f6nheit der Ver\u00e4nderung","description":"Schritt f\u00fcr Schritt zum inneren Frieden. Wie ein Mensch die noblen Eigenschaften erwerben kann, Arten von Gesundheit, Traurigkeit beseitigen...","robots":{"index":"index","follow":"follow","max-snippet":"max-snippet:-1","max-image-preview":"max-image-preview:large","max-video-preview":"max-video-preview:-1"},"canonical":"https:\/\/yogajagat.com\/steps-of-the-life-journey-step-by-step-to-inner-peace\/","twitter_misc":{"Gesch\u00e4tzte Lesezeit":"3\u00a0Minuten"},"schema":{"@context":"https:\/\/schema.org","@graph":[{"@type":"Organization","@id":"https:\/\/yogajagat.com\/#organization","name":"Yogajagat","url":"https:\/\/yogajagat.com\/","sameAs":[],"logo":{"@type":"ImageObject","@id":"https:\/\/yogajagat.com\/#logo","inLanguage":"de","url":"https:\/\/i1.wp.com\/yogajagat.com\/wp-content\/uploads\/2019\/03\/DSC08478-Kopie-1.jpg?fit=798%2C800&ssl=1","contentUrl":"https:\/\/i1.wp.com\/yogajagat.com\/wp-content\/uploads\/2019\/03\/DSC08478-Kopie-1.jpg?fit=798%2C800&ssl=1","width":798,"height":800,"caption":"Yogajagat"},"image":{"@id":"https:\/\/yogajagat.com\/#logo"}},{"@type":"WebSite","@id":"https:\/\/yogajagat.com\/#website","url":"https:\/\/yogajagat.com\/","name":"Sch\u00f6nheit der Ver\u00e4nderung","description":"Mit st\u00e4ndiger Ver\u00e4nderung zum sch\u00f6nsten Lebenserfahrung","publisher":{"@id":"https:\/\/yogajagat.com\/#organization"},"potentialAction":[{"@type":"SearchAction","target":{"@type":"EntryPoint","urlTemplate":"https:\/\/yogajagat.com\/?s={search_term_string}"},"query-input":"required name=search_term_string"}],"inLanguage":"de"},{"@type":"ImageObject","@id":"https:\/\/yogajagat.com\/steps-of-the-life-journey-step-by-step-to-inner-peace\/#primaryimage","inLanguage":"de","url":"http:\/\/yogajagat.com\/wp-content\/uploads\/2020\/01\/the-little-prince-best-quotes-cover-800x469-1024x575-1.jpg","contentUrl":"http:\/\/yogajagat.com\/wp-content\/uploads\/2020\/01\/the-little-prince-best-quotes-cover-800x469-1024x575-1.jpg"},{"@type":"WebPage","@id":"https:\/\/yogajagat.com\/steps-of-the-life-journey-step-by-step-to-inner-peace\/#webpage","url":"https:\/\/yogajagat.com\/steps-of-the-life-journey-step-by-step-to-inner-peace\/","name":"Schritt f\u00fcr Schritt zum inneren Frieden - Sch\u00f6nheit der Ver\u00e4nderung","isPartOf":{"@id":"https:\/\/yogajagat.com\/#website"},"primaryImageOfPage":{"@id":"https:\/\/yogajagat.com\/steps-of-the-life-journey-step-by-step-to-inner-peace\/#primaryimage"},"datePublished":"2019-04-11T15:49:03+00:00","dateModified":"2021-06-14T11:07:23+00:00","description":"Schritt f\u00fcr Schritt zum inneren Frieden. Wie ein Mensch die noblen Eigenschaften erwerben kann, Arten von Gesundheit, Traurigkeit beseitigen...","breadcrumb":{"@id":"https:\/\/yogajagat.com\/steps-of-the-life-journey-step-by-step-to-inner-peace\/#breadcrumb"},"inLanguage":"de","potentialAction":[{"@type":"ReadAction","target":["https:\/\/yogajagat.com\/steps-of-the-life-journey-step-by-step-to-inner-peace\/"]}]},{"@type":"BreadcrumbList","@id":"https:\/\/yogajagat.com\/steps-of-the-life-journey-step-by-step-to-inner-peace\/#breadcrumb","itemListElement":[{"@type":"ListItem","position":1,"name":"Home","item":"https:\/\/yogajagat.com\/sr\/"},{"@type":"ListItem","position":2,"name":"Steps of the Life Journey. Step by Step to Inner Peace"}]}]}},"_links":{"self":[{"href":"https:\/\/yogajagat.com\/de\/wp-json\/wp\/v2\/pages\/2223"}],"collection":[{"href":"https:\/\/yogajagat.com\/de\/wp-json\/wp\/v2\/pages"}],"about":[{"href":"https:\/\/yogajagat.com\/de\/wp-json\/wp\/v2\/types\/page"}],"author":[{"embeddable":true,"href":"https:\/\/yogajagat.com\/de\/wp-json\/wp\/v2\/users\/1"}],"replies":[{"embeddable":true,"href":"https:\/\/yogajagat.com\/de\/wp-json\/wp\/v2\/comments?post=2223"}],"version-history":[{"count":34,"href":"https:\/\/yogajagat.com\/de\/wp-json\/wp\/v2\/pages\/2223\/revisions"}],"predecessor-version":[{"id":6120,"href":"https:\/\/yogajagat.com\/de\/wp-json\/wp\/v2\/pages\/2223\/revisions\/6120"}],"wp:attachment":[{"href":"https:\/\/yogajagat.com\/de\/wp-json\/wp\/v2\/media?parent=2223"}],"curies":[{"name":"wp","href":"https:\/\/api.w.org\/{rel}","templated":true}]}}